{"id":27462,"date":"2021-05-08T00:06:22","date_gmt":"2021-05-07T22:06:22","guid":{"rendered":"https:\/\/fabiom32.sg-host.com\/?post_type=product&#038;p=27462"},"modified":"2025-04-01T14:23:29","modified_gmt":"2025-04-01T12:23:29","slug":"odacite-oleosomes-time-release-delivery-creme","status":"publish","type":"product","link":"https:\/\/www.23stbeauty.com\/en\/product\/odacite-oleosomes-time-release-delivery-creme\/","title":{"rendered":"Oleosomes Time Release Delivery Cr\u00e8me"},"content":{"rendered":"<p>Oleosomes Time Release Delivery Cr\u00e8me offers double benefits by delivering actives and hydration both upon application, &amp; steadily for hours.<br \/>\nPerfect for all skin in need of <strong>high-performing<\/strong> &amp; <strong>non-greasy hydration<\/strong>.<br \/>\nAt the heart of <strong>time-release cream<\/strong> are the <strong>Oleosomes<\/strong>, a real energy storehouses found naturally in seeds that melt upon contact with the skin. Once they are applied on skin, they steadily release their contents for an ongoing delivery of actives and hydration.\u2800<\/p>\n<p>Antioxidant-rich <strong>Tea Extracts<\/strong> improve the visible signs of aging, Aloe Vera helps to maximize hydration and <strong>Hyaluronic Acid<\/strong> plumps up the appearance of wrinkles, <strong>enveloping your skin<\/strong> in a <strong>feeling of wellbeing<\/strong> &amp; newfound hydration.<br \/>\n\u2063\u2800<br \/>\n\u2063What makes this <strong>all-natural facial cream<\/strong> even more special is that it is <strong>the perfect formula to customize<\/strong> with Odacit\u00e8 Serum Concentrates to create completely bespoke skincare.<br \/>\nTo customize, mix with 2-3 drops of your Serum Concentrate of choice and voila, <strong>targeted hydration<\/strong> that will be active all day or all night (or both)!<br \/>\nFabulous for all skin types.<\/p>\n<p><strong>100% PLANT DERIVED<\/strong> \u2022 <strong>83% ORGANIC<\/strong> \u2022 <strong>GMO FREE<\/strong> \u2022 <strong>GLUTEN FREE<\/strong><\/p>\n","protected":false},"excerpt":{"rendered":"<p>High-performing &#038; non-greasy hydration<\/p>\n","protected":false},"featured_media":27466,"comment_status":"open","ping_status":"closed","template":"","meta":{"_acf_changed":false,"content-type":""},"product_brand":[],"product_cat":[265,255,252],"product_tag":[464],"class_list":{"0":"post-27462","1":"product","2":"type-product","3":"status-publish","4":"has-post-thumbnail","6":"solution-anti-aging-products","7":"solution-dull-skin-skincare","8":"formulation-cream-skin-care-routine","9":"extra-certified-organic-and-natural-cosmetic-products","10":"extra-pregnancy-safe-skin-care-and-makeup","11":"extra-plastic-free-packaging-cosmetics","12":"extra-fragrance-free-skin-care-products","13":"extra-vegan-beauty-products-and-makeup","14":"skintype-combination-skin-skincare","15":"skintype-dry-skin-beauty-routine","16":"skintype-mature-skin-care","17":"skintype-normal-skin-beauty-routine","18":"skintype-oily-skin-beauty-routine","19":"skintype-sensitive-skin-products","20":"trends-face-cream","21":"trends-face-cream-for-man","22":"trends-hydrating-cream","23":"trends-vegan-moisturizer","24":"product_cat-man-skincare-body-hair","25":"product_cat-moisturisers-face-oils","26":"product_cat-organic-skin-care-routine","27":"product_tag-odacite-en","28":"entry","30":"first","31":"outofstock","32":"taxable","33":"shipping-taxable","34":"purchasable","35":"product-type-simple"},"acf":[],"yoast_head":"<!-- This site is optimized with the Yoast SEO plugin v27.3 - https:\/\/yoast.com\/product\/yoast-seo-wordpress\/ -->\n<title>ODACIT\u00c8 Oleosomes Time Release Delivery Cr\u00e8me &#8226; 23 St Beauty<\/title>\n<meta name=\"description\" content=\"Odacit\u00e8 Oleosomes Time Release Delivery Cream is a high performing formula that works to release actives and moisture over time.\" \/>\n<meta name=\"robots\" content=\"index, follow\" \/>\n<link rel=\"canonical\" href=\"https:\/\/www.23stbeauty.com\/en\/product\/odacite-oleosomes-time-release-delivery-creme\/\" \/>\n<meta property=\"og:locale\" content=\"en_US\" \/>\n<meta property=\"og:type\" content=\"article\" \/>\n<meta property=\"og:title\" content=\"ODACIT\u00c8 Oleosomes Time Release Delivery Cr\u00e8me &#8226; 23 St Beauty\" \/>\n<meta property=\"og:description\" content=\"Odacit\u00e8 Oleosomes Time Release Delivery Cream is a high performing formula that works to release actives and moisture over time.\" \/>\n<meta property=\"og:url\" content=\"https:\/\/www.23stbeauty.com\/en\/product\/odacite-oleosomes-time-release-delivery-creme\/\" \/>\n<meta property=\"og:site_name\" content=\"23 St Beauty\" \/>\n<meta property=\"article:publisher\" content=\"https:\/\/www.facebook.com\/23stbeauty\" \/>\n<meta property=\"article:modified_time\" content=\"2025-04-01T12:23:29+00:00\" \/>\n<meta property=\"og:image\" content=\"https:\/\/www.23stbeauty.com\/wp-content\/uploads\/2021\/05\/Odacite-Oleosomes-Time-Release-Delivery-Creme-1.jpg\" \/>\n\t<meta property=\"og:image:width\" content=\"1000\" \/>\n\t<meta property=\"og:image:height\" content=\"1300\" \/>\n\t<meta property=\"og:image:type\" content=\"image\/jpeg\" \/>\n<meta name=\"twitter:card\" content=\"summary_large_image\" \/>\n<script type=\"application\/ld+json\" class=\"yoast-schema-graph\">{\"@context\":\"https:\\\/\\\/schema.org\",\"@graph\":[{\"@type\":\"WebPage\",\"@id\":\"https:\\\/\\\/www.23stbeauty.com\\\/en\\\/product\\\/odacite-oleosomes-time-release-delivery-creme\\\/\",\"url\":\"https:\\\/\\\/www.23stbeauty.com\\\/en\\\/product\\\/odacite-oleosomes-time-release-delivery-creme\\\/\",\"name\":\"ODACIT\u00c8 Oleosomes Time Release Delivery Cr\u00e8me &#8226; 23 St Beauty\",\"isPartOf\":{\"@id\":\"https:\\\/\\\/www.23stbeauty.com\\\/en\\\/#website\"},\"primaryImageOfPage\":{\"@id\":\"https:\\\/\\\/www.23stbeauty.com\\\/en\\\/product\\\/odacite-oleosomes-time-release-delivery-creme\\\/#primaryimage\"},\"image\":{\"@id\":\"https:\\\/\\\/www.23stbeauty.com\\\/en\\\/product\\\/odacite-oleosomes-time-release-delivery-creme\\\/#primaryimage\"},\"thumbnailUrl\":\"https:\\\/\\\/www.23stbeauty.com\\\/wp-content\\\/uploads\\\/2021\\\/05\\\/Odacite-Oleosomes-Time-Release-Delivery-Creme-1.jpg\",\"datePublished\":\"2021-05-07T22:06:22+00:00\",\"dateModified\":\"2025-04-01T12:23:29+00:00\",\"description\":\"Odacit\u00e8 Oleosomes Time Release Delivery Cream is a high performing formula that works to release actives and moisture over time.\",\"breadcrumb\":{\"@id\":\"https:\\\/\\\/www.23stbeauty.com\\\/en\\\/product\\\/odacite-oleosomes-time-release-delivery-creme\\\/#breadcrumb\"},\"inLanguage\":\"en-US\",\"potentialAction\":[{\"@type\":\"ReadAction\",\"target\":[\"https:\\\/\\\/www.23stbeauty.com\\\/en\\\/product\\\/odacite-oleosomes-time-release-delivery-creme\\\/\"]}]},{\"@type\":\"ImageObject\",\"inLanguage\":\"en-US\",\"@id\":\"https:\\\/\\\/www.23stbeauty.com\\\/en\\\/product\\\/odacite-oleosomes-time-release-delivery-creme\\\/#primaryimage\",\"url\":\"https:\\\/\\\/www.23stbeauty.com\\\/wp-content\\\/uploads\\\/2021\\\/05\\\/Odacite-Oleosomes-Time-Release-Delivery-Creme-1.jpg\",\"contentUrl\":\"https:\\\/\\\/www.23stbeauty.com\\\/wp-content\\\/uploads\\\/2021\\\/05\\\/Odacite-Oleosomes-Time-Release-Delivery-Creme-1.jpg\",\"width\":1000,\"height\":1300,\"caption\":\"Odacit\u00e8 Oleosomes Time Release Delivery Creme\"},{\"@type\":\"BreadcrumbList\",\"@id\":\"https:\\\/\\\/www.23stbeauty.com\\\/en\\\/product\\\/odacite-oleosomes-time-release-delivery-creme\\\/#breadcrumb\",\"itemListElement\":[{\"@type\":\"ListItem\",\"position\":1,\"name\":\"23 St Beauty\",\"item\":\"https:\\\/\\\/www.23stbeauty.com\\\/en\\\/\"},{\"@type\":\"ListItem\",\"position\":2,\"name\":\"Shop\",\"item\":\"https:\\\/\\\/www.23stbeauty.com\\\/it\\\/negozio\\\/\"},{\"@type\":\"ListItem\",\"position\":3,\"name\":\"SKIN CARE\",\"item\":\"https:\\\/\\\/www.23stbeauty.com\\\/en\\\/product-category\\\/organic-skin-care-routine\\\/\"},{\"@type\":\"ListItem\",\"position\":4,\"name\":\"Moisturisers &amp; Face Oils\",\"item\":\"https:\\\/\\\/www.23stbeauty.com\\\/en\\\/product-category\\\/organic-skin-care-routine\\\/moisturisers-face-oils\\\/\"},{\"@type\":\"ListItem\",\"position\":5,\"name\":\"Oleosomes Time Release Delivery Cr\u00e8me\"}]},{\"@type\":\"WebSite\",\"@id\":\"https:\\\/\\\/www.23stbeauty.com\\\/en\\\/#website\",\"url\":\"https:\\\/\\\/www.23stbeauty.com\\\/en\\\/\",\"name\":\"23 St Beauty\",\"description\":\"Luxury Conscious Beauty tailored to you.\",\"publisher\":{\"@id\":\"https:\\\/\\\/www.23stbeauty.com\\\/en\\\/#organization\"},\"potentialAction\":[{\"@type\":\"SearchAction\",\"target\":{\"@type\":\"EntryPoint\",\"urlTemplate\":\"https:\\\/\\\/www.23stbeauty.com\\\/en\\\/?s={search_term_string}\"},\"query-input\":{\"@type\":\"PropertyValueSpecification\",\"valueRequired\":true,\"valueName\":\"search_term_string\"}}],\"inLanguage\":\"en-US\"},{\"@type\":\"Organization\",\"@id\":\"https:\\\/\\\/www.23stbeauty.com\\\/en\\\/#organization\",\"name\":\"23 St Beauty\",\"url\":\"https:\\\/\\\/www.23stbeauty.com\\\/en\\\/\",\"logo\":{\"@type\":\"ImageObject\",\"inLanguage\":\"en-US\",\"@id\":\"https:\\\/\\\/www.23stbeauty.com\\\/en\\\/#\\\/schema\\\/logo\\\/image\\\/\",\"url\":\"https:\\\/\\\/23stbeauty.com\\\/wp-content\\\/uploads\\\/2019\\\/08\\\/logo.png\",\"contentUrl\":\"https:\\\/\\\/23stbeauty.com\\\/wp-content\\\/uploads\\\/2019\\\/08\\\/logo.png\",\"width\":160,\"height\":158,\"caption\":\"23 St Beauty\"},\"image\":{\"@id\":\"https:\\\/\\\/www.23stbeauty.com\\\/en\\\/#\\\/schema\\\/logo\\\/image\\\/\"},\"sameAs\":[\"https:\\\/\\\/www.facebook.com\\\/23stbeauty\",\"https:\\\/\\\/www.instagram.com\\\/23stbeauty\\\/\",\"https:\\\/\\\/www.pinterest.it\\\/23stbeauty\\\/\",\"https:\\\/\\\/www.youtube.com\\\/channel\\\/UCjj3m3ULwK4_-ji8yUpV3UA\"]}]}<\/script>\n<!-- \/ Yoast SEO plugin. -->","yoast_head_json":{"title":"ODACIT\u00c8 Oleosomes Time Release Delivery Cr\u00e8me &#8226; 23 St Beauty","description":"Odacit\u00e8 Oleosomes Time Release Delivery Cream is a high performing formula that works to release actives and moisture over time.","robots":{"index":"index","follow":"follow"},"canonical":"https:\/\/www.23stbeauty.com\/en\/product\/odacite-oleosomes-time-release-delivery-creme\/","og_locale":"en_US","og_type":"article","og_title":"ODACIT\u00c8 Oleosomes Time Release Delivery Cr\u00e8me &#8226; 23 St Beauty","og_description":"Odacit\u00e8 Oleosomes Time Release Delivery Cream is a high performing formula that works to release actives and moisture over time.","og_url":"https:\/\/www.23stbeauty.com\/en\/product\/odacite-oleosomes-time-release-delivery-creme\/","og_site_name":"23 St Beauty","article_publisher":"https:\/\/www.facebook.com\/23stbeauty","article_modified_time":"2025-04-01T12:23:29+00:00","og_image":[{"width":1000,"height":1300,"url":"https:\/\/www.23stbeauty.com\/wp-content\/uploads\/2021\/05\/Odacite-Oleosomes-Time-Release-Delivery-Creme-1.jpg","type":"image\/jpeg"}],"twitter_card":"summary_large_image","schema":{"@context":"https:\/\/schema.org","@graph":[{"@type":"WebPage","@id":"https:\/\/www.23stbeauty.com\/en\/product\/odacite-oleosomes-time-release-delivery-creme\/","url":"https:\/\/www.23stbeauty.com\/en\/product\/odacite-oleosomes-time-release-delivery-creme\/","name":"ODACIT\u00c8 Oleosomes Time Release Delivery Cr\u00e8me &#8226; 23 St Beauty","isPartOf":{"@id":"https:\/\/www.23stbeauty.com\/en\/#website"},"primaryImageOfPage":{"@id":"https:\/\/www.23stbeauty.com\/en\/product\/odacite-oleosomes-time-release-delivery-creme\/#primaryimage"},"image":{"@id":"https:\/\/www.23stbeauty.com\/en\/product\/odacite-oleosomes-time-release-delivery-creme\/#primaryimage"},"thumbnailUrl":"https:\/\/www.23stbeauty.com\/wp-content\/uploads\/2021\/05\/Odacite-Oleosomes-Time-Release-Delivery-Creme-1.jpg","datePublished":"2021-05-07T22:06:22+00:00","dateModified":"2025-04-01T12:23:29+00:00","description":"Odacit\u00e8 Oleosomes Time Release Delivery Cream is a high performing formula that works to release actives and moisture over time.","breadcrumb":{"@id":"https:\/\/www.23stbeauty.com\/en\/product\/odacite-oleosomes-time-release-delivery-creme\/#breadcrumb"},"inLanguage":"en-US","potentialAction":[{"@type":"ReadAction","target":["https:\/\/www.23stbeauty.com\/en\/product\/odacite-oleosomes-time-release-delivery-creme\/"]}]},{"@type":"ImageObject","inLanguage":"en-US","@id":"https:\/\/www.23stbeauty.com\/en\/product\/odacite-oleosomes-time-release-delivery-creme\/#primaryimage","url":"https:\/\/www.23stbeauty.com\/wp-content\/uploads\/2021\/05\/Odacite-Oleosomes-Time-Release-Delivery-Creme-1.jpg","contentUrl":"https:\/\/www.23stbeauty.com\/wp-content\/uploads\/2021\/05\/Odacite-Oleosomes-Time-Release-Delivery-Creme-1.jpg","width":1000,"height":1300,"caption":"Odacit\u00e8 Oleosomes Time Release Delivery Creme"},{"@type":"BreadcrumbList","@id":"https:\/\/www.23stbeauty.com\/en\/product\/odacite-oleosomes-time-release-delivery-creme\/#breadcrumb","itemListElement":[{"@type":"ListItem","position":1,"name":"23 St Beauty","item":"https:\/\/www.23stbeauty.com\/en\/"},{"@type":"ListItem","position":2,"name":"Shop","item":"https:\/\/www.23stbeauty.com\/it\/negozio\/"},{"@type":"ListItem","position":3,"name":"SKIN CARE","item":"https:\/\/www.23stbeauty.com\/en\/product-category\/organic-skin-care-routine\/"},{"@type":"ListItem","position":4,"name":"Moisturisers &amp; Face Oils","item":"https:\/\/www.23stbeauty.com\/en\/product-category\/organic-skin-care-routine\/moisturisers-face-oils\/"},{"@type":"ListItem","position":5,"name":"Oleosomes Time Release Delivery Cr\u00e8me"}]},{"@type":"WebSite","@id":"https:\/\/www.23stbeauty.com\/en\/#website","url":"https:\/\/www.23stbeauty.com\/en\/","name":"23 St Beauty","description":"Luxury Conscious Beauty tailored to you.","publisher":{"@id":"https:\/\/www.23stbeauty.com\/en\/#organization"},"potentialAction":[{"@type":"SearchAction","target":{"@type":"EntryPoint","urlTemplate":"https:\/\/www.23stbeauty.com\/en\/?s={search_term_string}"},"query-input":{"@type":"PropertyValueSpecification","valueRequired":true,"valueName":"search_term_string"}}],"inLanguage":"en-US"},{"@type":"Organization","@id":"https:\/\/www.23stbeauty.com\/en\/#organization","name":"23 St Beauty","url":"https:\/\/www.23stbeauty.com\/en\/","logo":{"@type":"ImageObject","inLanguage":"en-US","@id":"https:\/\/www.23stbeauty.com\/en\/#\/schema\/logo\/image\/","url":"https:\/\/23stbeauty.com\/wp-content\/uploads\/2019\/08\/logo.png","contentUrl":"https:\/\/23stbeauty.com\/wp-content\/uploads\/2019\/08\/logo.png","width":160,"height":158,"caption":"23 St Beauty"},"image":{"@id":"https:\/\/www.23stbeauty.com\/en\/#\/schema\/logo\/image\/"},"sameAs":["https:\/\/www.facebook.com\/23stbeauty","https:\/\/www.instagram.com\/23stbeauty\/","https:\/\/www.pinterest.it\/23stbeauty\/","https:\/\/www.youtube.com\/channel\/UCjj3m3ULwK4_-ji8yUpV3UA"]}]}},"_links":{"self":[{"href":"https:\/\/www.23stbeauty.com\/en\/wp-json\/wp\/v2\/product\/27462","targetHints":{"allow":["GET"]}}],"collection":[{"href":"https:\/\/www.23stbeauty.com\/en\/wp-json\/wp\/v2\/product"}],"about":[{"href":"https:\/\/www.23stbeauty.com\/en\/wp-json\/wp\/v2\/types\/product"}],"replies":[{"embeddable":true,"href":"https:\/\/www.23stbeauty.com\/en\/wp-json\/wp\/v2\/comments?post=27462"}],"wp:featuredmedia":[{"embeddable":true,"href":"https:\/\/www.23stbeauty.com\/en\/wp-json\/wp\/v2\/media\/27466"}],"wp:attachment":[{"href":"https:\/\/www.23stbeauty.com\/en\/wp-json\/wp\/v2\/media?parent=27462"}],"wp:term":[{"taxonomy":"product_brand","embeddable":true,"href":"https:\/\/www.23stbeauty.com\/en\/wp-json\/wp\/v2\/product_brand?post=27462"},{"taxonomy":"product_cat","embeddable":true,"href":"https:\/\/www.23stbeauty.com\/en\/wp-json\/wp\/v2\/product_cat?post=27462"},{"taxonomy":"product_tag","embeddable":true,"href":"https:\/\/www.23stbeauty.com\/en\/wp-json\/wp\/v2\/product_tag?post=27462"}],"curies":[{"name":"wp","href":"https:\/\/api.w.org\/{rel}","templated":true}]}}