{"id":27715,"date":"2021-05-21T19:19:03","date_gmt":"2021-05-21T17:19:03","guid":{"rendered":"https:\/\/fabiom32.sg-host.com\/?post_type=product&#038;p=27715"},"modified":"2024-03-04T21:18:12","modified_gmt":"2024-03-04T20:18:12","slug":"creme-de-la-nuit-odacite","status":"publish","type":"product","link":"https:\/\/www.23stbeauty.com\/en\/product\/creme-de-la-nuit-odacite\/","title":{"rendered":"Cr\u00e8me de la Nuit"},"content":{"rendered":"<p><em>Meet Odacit\u00e9 beauty sleep secret<\/em> \ud83c\udf19\u2060\u2800<\/p>\n<p>Cr\u00e8me de la Nuit is an <strong>active night cream<\/strong> with proven results, combining <strong>clinical grade ingredients<\/strong> with <strong>high-performance botanicals<\/strong> for results you can see after the <strong>first night<\/strong>.*<br \/>\nThe little <em><strong>Mon Ami Facial Acupressure Beauty Tool<\/strong><\/em> is included!<br \/>\nThis is an acupressure beauty tool and the flat end can be used as a spatula to scoop the cream while the rounded end as an acupressure tool to stimulate beauty points &amp; melt away facial tensions.\u2060\u2800<\/p>\n<p>Cr\u00e8me de la Nuit works on all <strong>signs of aging<\/strong>, such as deep wrinkles, fine lines, dullness, &amp; hydration.<br \/>\nBoth clinical and botanical actives play an essential role in <strong>maximizing the skin&#8217;s nocturnal renewal process<\/strong>, while flooding the skin with moisture to compensate for transepidermal water loss.\u2060\u2800<br \/>\nIt is the last step of your <strong>evening skincare routine<\/strong>, and the first step to waking up with refreshed, deeply hydrated skin that looks visibly younger!<\/p>\n<p><em><strong>Ingredient Power<\/strong><\/em><\/p>\n<ul>\n<li><strong>Vitamin C<\/strong><br \/>\nThis stable form of Vitamin C utilizes remarkable antioxidant activity to help boost radiance without irritating the skin.<\/li>\n<li><strong>Hyaluronic Acid<\/strong><br \/>\nIt helps to lock-in moisture, revealing skin that looks plumped smoothed.<\/li>\n<li><strong>CoQ10<\/strong><br \/>\nIt supports the natural nighttime skin regeneration process for a more youthful appearance.<\/li>\n<li><strong>Ashwagandha + Pomegranate + Blue-Green Algae &amp; Kelp<\/strong><br \/>\nThey infuse skin with high-performance botanical activities for skin that looks and feels amazing.<\/li>\n<\/ul>\n<p><em><strong>Results<\/strong><\/em><br \/>\n86% agree their skin felt more hydrated after the first night*.<br \/>\n82% agree their skin looked visibly younger*.<br \/>\n91% agree their skin looked more healthy*.<\/p>\n<p>Best for all skin types &#8211; serious about their anti-aging strategy!<\/p>\n<p><strong>100% NATURAL<\/strong> \u2022 <strong>DERMATOLOGICALLY TESTED<\/strong> \u2022 <strong>VEGAN<\/strong> \u2022 <strong>GMO FREE<\/strong> \u2022 <strong>GLUTEN FREE<\/strong><\/p>\n<p><em>*Independent consumer study carried on 23 real women over 28 days.<\/em><\/p>\n","protected":false},"excerpt":{"rendered":"<p>Restorative night cream with Vitamin C + Ashwagandha<\/p>\n","protected":false},"featured_media":29610,"comment_status":"open","ping_status":"closed","template":"","meta":{"_acf_changed":false,"content-type":""},"product_brand":[],"product_cat":[255,252],"product_tag":[464],"class_list":{"0":"post-27715","1":"product","2":"type-product","3":"status-publish","4":"has-post-thumbnail","6":"solution-anti-aging-products","7":"solution-dull-skin-skincare","8":"solution-hyperpigmentations-treatments","9":"formulation-cream-skin-care-routine","10":"extra-alcohol-free-beauty-products","11":"extra-certified-organic-and-natural-cosmetic-products","12":"extra-plastic-free-packaging-cosmetics","13":"extra-fragrance-free-skin-care-products","14":"extra-vegan-beauty-products-and-makeup","15":"skintype-combination-skin-skincare","16":"skintype-dry-skin-beauty-routine","17":"skintype-mature-skin-care","18":"skintype-normal-skin-beauty-routine","19":"skintype-oily-skin-beauty-routine","20":"skintype-sensitive-skin-products","21":"trends-anti-aging-cream","22":"trends-face-cream","23":"trends-hydrating-cream","24":"trends-night-treatments","25":"trends-vegan-moisturizer","26":"product_cat-moisturisers-face-oils","27":"product_cat-organic-skin-care-routine","28":"product_tag-odacite-en","29":"entry","31":"first","32":"outofstock","33":"taxable","34":"shipping-taxable","35":"purchasable","36":"product-type-simple"},"acf":[],"yoast_head":"<!-- This site is optimized with the Yoast SEO plugin v27.3 - https:\/\/yoast.com\/product\/yoast-seo-wordpress\/ -->\n<title>ODACIT\u00c8 Cr\u00e8me de la Nuit &#8226; 23 St Beauty<\/title>\n<meta name=\"description\" content=\"Odacit\u00e9 Cr\u00e8me de la Nuit is the last step of your evening skincare routine. Powered by Vitamin C, CoQ10 &amp; adaptogen Ashwagandha.\" \/>\n<meta name=\"robots\" content=\"index, follow\" \/>\n<link rel=\"canonical\" href=\"https:\/\/www.23stbeauty.com\/en\/product\/creme-de-la-nuit-odacite\/\" \/>\n<meta property=\"og:locale\" content=\"en_US\" \/>\n<meta property=\"og:type\" content=\"article\" \/>\n<meta property=\"og:title\" content=\"ODACIT\u00c8 Cr\u00e8me de la Nuit &#8226; 23 St Beauty\" \/>\n<meta property=\"og:description\" content=\"Odacit\u00e9 Cr\u00e8me de la Nuit is the last step of your evening skincare routine. Powered by Vitamin C, CoQ10 &amp; adaptogen Ashwagandha.\" \/>\n<meta property=\"og:url\" content=\"https:\/\/www.23stbeauty.com\/en\/product\/creme-de-la-nuit-odacite\/\" \/>\n<meta property=\"og:site_name\" content=\"23 St Beauty\" \/>\n<meta property=\"article:publisher\" content=\"https:\/\/www.facebook.com\/23stbeauty\" \/>\n<meta property=\"article:modified_time\" content=\"2024-03-04T20:18:12+00:00\" \/>\n<meta property=\"og:image\" content=\"https:\/\/www.23stbeauty.com\/wp-content\/uploads\/2021\/05\/Odacite-Creme-de-la-Nuit-Crema-Viso-Notte-Rigenerante.jpg\" \/>\n\t<meta property=\"og:image:width\" content=\"1000\" \/>\n\t<meta property=\"og:image:height\" content=\"1300\" \/>\n\t<meta property=\"og:image:type\" content=\"image\/jpeg\" \/>\n<meta name=\"twitter:card\" content=\"summary_large_image\" \/>\n<script type=\"application\/ld+json\" class=\"yoast-schema-graph\">{\"@context\":\"https:\\\/\\\/schema.org\",\"@graph\":[{\"@type\":\"WebPage\",\"@id\":\"https:\\\/\\\/www.23stbeauty.com\\\/en\\\/product\\\/creme-de-la-nuit-odacite\\\/\",\"url\":\"https:\\\/\\\/www.23stbeauty.com\\\/en\\\/product\\\/creme-de-la-nuit-odacite\\\/\",\"name\":\"ODACIT\u00c8 Cr\u00e8me de la Nuit &#8226; 23 St Beauty\",\"isPartOf\":{\"@id\":\"https:\\\/\\\/www.23stbeauty.com\\\/en\\\/#website\"},\"primaryImageOfPage\":{\"@id\":\"https:\\\/\\\/www.23stbeauty.com\\\/en\\\/product\\\/creme-de-la-nuit-odacite\\\/#primaryimage\"},\"image\":{\"@id\":\"https:\\\/\\\/www.23stbeauty.com\\\/en\\\/product\\\/creme-de-la-nuit-odacite\\\/#primaryimage\"},\"thumbnailUrl\":\"https:\\\/\\\/www.23stbeauty.com\\\/wp-content\\\/uploads\\\/2021\\\/05\\\/Odacite-Creme-de-la-Nuit-Crema-Viso-Notte-Rigenerante.jpg\",\"datePublished\":\"2021-05-21T17:19:03+00:00\",\"dateModified\":\"2024-03-04T20:18:12+00:00\",\"description\":\"Odacit\u00e9 Cr\u00e8me de la Nuit is the last step of your evening skincare routine. Powered by Vitamin C, CoQ10 & adaptogen Ashwagandha.\",\"breadcrumb\":{\"@id\":\"https:\\\/\\\/www.23stbeauty.com\\\/en\\\/product\\\/creme-de-la-nuit-odacite\\\/#breadcrumb\"},\"inLanguage\":\"en-US\",\"potentialAction\":[{\"@type\":\"ReadAction\",\"target\":[\"https:\\\/\\\/www.23stbeauty.com\\\/en\\\/product\\\/creme-de-la-nuit-odacite\\\/\"]}]},{\"@type\":\"ImageObject\",\"inLanguage\":\"en-US\",\"@id\":\"https:\\\/\\\/www.23stbeauty.com\\\/en\\\/product\\\/creme-de-la-nuit-odacite\\\/#primaryimage\",\"url\":\"https:\\\/\\\/www.23stbeauty.com\\\/wp-content\\\/uploads\\\/2021\\\/05\\\/Odacite-Creme-de-la-Nuit-Crema-Viso-Notte-Rigenerante.jpg\",\"contentUrl\":\"https:\\\/\\\/www.23stbeauty.com\\\/wp-content\\\/uploads\\\/2021\\\/05\\\/Odacite-Creme-de-la-Nuit-Crema-Viso-Notte-Rigenerante.jpg\",\"width\":1000,\"height\":1300,\"caption\":\"Odacit\u00e9 Cr\u00e8me de la Nuit\"},{\"@type\":\"BreadcrumbList\",\"@id\":\"https:\\\/\\\/www.23stbeauty.com\\\/en\\\/product\\\/creme-de-la-nuit-odacite\\\/#breadcrumb\",\"itemListElement\":[{\"@type\":\"ListItem\",\"position\":1,\"name\":\"23 St Beauty\",\"item\":\"https:\\\/\\\/www.23stbeauty.com\\\/en\\\/\"},{\"@type\":\"ListItem\",\"position\":2,\"name\":\"Shop\",\"item\":\"https:\\\/\\\/www.23stbeauty.com\\\/it\\\/negozio\\\/\"},{\"@type\":\"ListItem\",\"position\":3,\"name\":\"SKIN CARE\",\"item\":\"https:\\\/\\\/www.23stbeauty.com\\\/en\\\/product-category\\\/organic-skin-care-routine\\\/\"},{\"@type\":\"ListItem\",\"position\":4,\"name\":\"Moisturisers &amp; Face Oils\",\"item\":\"https:\\\/\\\/www.23stbeauty.com\\\/en\\\/product-category\\\/organic-skin-care-routine\\\/moisturisers-face-oils\\\/\"},{\"@type\":\"ListItem\",\"position\":5,\"name\":\"Cr\u00e8me de la Nuit\"}]},{\"@type\":\"WebSite\",\"@id\":\"https:\\\/\\\/www.23stbeauty.com\\\/en\\\/#website\",\"url\":\"https:\\\/\\\/www.23stbeauty.com\\\/en\\\/\",\"name\":\"23 St Beauty\",\"description\":\"Luxury Conscious Beauty tailored to you.\",\"publisher\":{\"@id\":\"https:\\\/\\\/www.23stbeauty.com\\\/en\\\/#organization\"},\"potentialAction\":[{\"@type\":\"SearchAction\",\"target\":{\"@type\":\"EntryPoint\",\"urlTemplate\":\"https:\\\/\\\/www.23stbeauty.com\\\/en\\\/?s={search_term_string}\"},\"query-input\":{\"@type\":\"PropertyValueSpecification\",\"valueRequired\":true,\"valueName\":\"search_term_string\"}}],\"inLanguage\":\"en-US\"},{\"@type\":\"Organization\",\"@id\":\"https:\\\/\\\/www.23stbeauty.com\\\/en\\\/#organization\",\"name\":\"23 St Beauty\",\"url\":\"https:\\\/\\\/www.23stbeauty.com\\\/en\\\/\",\"logo\":{\"@type\":\"ImageObject\",\"inLanguage\":\"en-US\",\"@id\":\"https:\\\/\\\/www.23stbeauty.com\\\/en\\\/#\\\/schema\\\/logo\\\/image\\\/\",\"url\":\"https:\\\/\\\/23stbeauty.com\\\/wp-content\\\/uploads\\\/2019\\\/08\\\/logo.png\",\"contentUrl\":\"https:\\\/\\\/23stbeauty.com\\\/wp-content\\\/uploads\\\/2019\\\/08\\\/logo.png\",\"width\":160,\"height\":158,\"caption\":\"23 St Beauty\"},\"image\":{\"@id\":\"https:\\\/\\\/www.23stbeauty.com\\\/en\\\/#\\\/schema\\\/logo\\\/image\\\/\"},\"sameAs\":[\"https:\\\/\\\/www.facebook.com\\\/23stbeauty\",\"https:\\\/\\\/www.instagram.com\\\/23stbeauty\\\/\",\"https:\\\/\\\/www.pinterest.it\\\/23stbeauty\\\/\",\"https:\\\/\\\/www.youtube.com\\\/channel\\\/UCjj3m3ULwK4_-ji8yUpV3UA\"]}]}<\/script>\n<!-- \/ Yoast SEO plugin. -->","yoast_head_json":{"title":"ODACIT\u00c8 Cr\u00e8me de la Nuit &#8226; 23 St Beauty","description":"Odacit\u00e9 Cr\u00e8me de la Nuit is the last step of your evening skincare routine. Powered by Vitamin C, CoQ10 & adaptogen Ashwagandha.","robots":{"index":"index","follow":"follow"},"canonical":"https:\/\/www.23stbeauty.com\/en\/product\/creme-de-la-nuit-odacite\/","og_locale":"en_US","og_type":"article","og_title":"ODACIT\u00c8 Cr\u00e8me de la Nuit &#8226; 23 St Beauty","og_description":"Odacit\u00e9 Cr\u00e8me de la Nuit is the last step of your evening skincare routine. Powered by Vitamin C, CoQ10 & adaptogen Ashwagandha.","og_url":"https:\/\/www.23stbeauty.com\/en\/product\/creme-de-la-nuit-odacite\/","og_site_name":"23 St Beauty","article_publisher":"https:\/\/www.facebook.com\/23stbeauty","article_modified_time":"2024-03-04T20:18:12+00:00","og_image":[{"width":1000,"height":1300,"url":"https:\/\/www.23stbeauty.com\/wp-content\/uploads\/2021\/05\/Odacite-Creme-de-la-Nuit-Crema-Viso-Notte-Rigenerante.jpg","type":"image\/jpeg"}],"twitter_card":"summary_large_image","schema":{"@context":"https:\/\/schema.org","@graph":[{"@type":"WebPage","@id":"https:\/\/www.23stbeauty.com\/en\/product\/creme-de-la-nuit-odacite\/","url":"https:\/\/www.23stbeauty.com\/en\/product\/creme-de-la-nuit-odacite\/","name":"ODACIT\u00c8 Cr\u00e8me de la Nuit &#8226; 23 St Beauty","isPartOf":{"@id":"https:\/\/www.23stbeauty.com\/en\/#website"},"primaryImageOfPage":{"@id":"https:\/\/www.23stbeauty.com\/en\/product\/creme-de-la-nuit-odacite\/#primaryimage"},"image":{"@id":"https:\/\/www.23stbeauty.com\/en\/product\/creme-de-la-nuit-odacite\/#primaryimage"},"thumbnailUrl":"https:\/\/www.23stbeauty.com\/wp-content\/uploads\/2021\/05\/Odacite-Creme-de-la-Nuit-Crema-Viso-Notte-Rigenerante.jpg","datePublished":"2021-05-21T17:19:03+00:00","dateModified":"2024-03-04T20:18:12+00:00","description":"Odacit\u00e9 Cr\u00e8me de la Nuit is the last step of your evening skincare routine. Powered by Vitamin C, CoQ10 & adaptogen Ashwagandha.","breadcrumb":{"@id":"https:\/\/www.23stbeauty.com\/en\/product\/creme-de-la-nuit-odacite\/#breadcrumb"},"inLanguage":"en-US","potentialAction":[{"@type":"ReadAction","target":["https:\/\/www.23stbeauty.com\/en\/product\/creme-de-la-nuit-odacite\/"]}]},{"@type":"ImageObject","inLanguage":"en-US","@id":"https:\/\/www.23stbeauty.com\/en\/product\/creme-de-la-nuit-odacite\/#primaryimage","url":"https:\/\/www.23stbeauty.com\/wp-content\/uploads\/2021\/05\/Odacite-Creme-de-la-Nuit-Crema-Viso-Notte-Rigenerante.jpg","contentUrl":"https:\/\/www.23stbeauty.com\/wp-content\/uploads\/2021\/05\/Odacite-Creme-de-la-Nuit-Crema-Viso-Notte-Rigenerante.jpg","width":1000,"height":1300,"caption":"Odacit\u00e9 Cr\u00e8me de la Nuit"},{"@type":"BreadcrumbList","@id":"https:\/\/www.23stbeauty.com\/en\/product\/creme-de-la-nuit-odacite\/#breadcrumb","itemListElement":[{"@type":"ListItem","position":1,"name":"23 St Beauty","item":"https:\/\/www.23stbeauty.com\/en\/"},{"@type":"ListItem","position":2,"name":"Shop","item":"https:\/\/www.23stbeauty.com\/it\/negozio\/"},{"@type":"ListItem","position":3,"name":"SKIN CARE","item":"https:\/\/www.23stbeauty.com\/en\/product-category\/organic-skin-care-routine\/"},{"@type":"ListItem","position":4,"name":"Moisturisers &amp; Face Oils","item":"https:\/\/www.23stbeauty.com\/en\/product-category\/organic-skin-care-routine\/moisturisers-face-oils\/"},{"@type":"ListItem","position":5,"name":"Cr\u00e8me de la Nuit"}]},{"@type":"WebSite","@id":"https:\/\/www.23stbeauty.com\/en\/#website","url":"https:\/\/www.23stbeauty.com\/en\/","name":"23 St Beauty","description":"Luxury Conscious Beauty tailored to you.","publisher":{"@id":"https:\/\/www.23stbeauty.com\/en\/#organization"},"potentialAction":[{"@type":"SearchAction","target":{"@type":"EntryPoint","urlTemplate":"https:\/\/www.23stbeauty.com\/en\/?s={search_term_string}"},"query-input":{"@type":"PropertyValueSpecification","valueRequired":true,"valueName":"search_term_string"}}],"inLanguage":"en-US"},{"@type":"Organization","@id":"https:\/\/www.23stbeauty.com\/en\/#organization","name":"23 St Beauty","url":"https:\/\/www.23stbeauty.com\/en\/","logo":{"@type":"ImageObject","inLanguage":"en-US","@id":"https:\/\/www.23stbeauty.com\/en\/#\/schema\/logo\/image\/","url":"https:\/\/23stbeauty.com\/wp-content\/uploads\/2019\/08\/logo.png","contentUrl":"https:\/\/23stbeauty.com\/wp-content\/uploads\/2019\/08\/logo.png","width":160,"height":158,"caption":"23 St Beauty"},"image":{"@id":"https:\/\/www.23stbeauty.com\/en\/#\/schema\/logo\/image\/"},"sameAs":["https:\/\/www.facebook.com\/23stbeauty","https:\/\/www.instagram.com\/23stbeauty\/","https:\/\/www.pinterest.it\/23stbeauty\/","https:\/\/www.youtube.com\/channel\/UCjj3m3ULwK4_-ji8yUpV3UA"]}]}},"_links":{"self":[{"href":"https:\/\/www.23stbeauty.com\/en\/wp-json\/wp\/v2\/product\/27715","targetHints":{"allow":["GET"]}}],"collection":[{"href":"https:\/\/www.23stbeauty.com\/en\/wp-json\/wp\/v2\/product"}],"about":[{"href":"https:\/\/www.23stbeauty.com\/en\/wp-json\/wp\/v2\/types\/product"}],"replies":[{"embeddable":true,"href":"https:\/\/www.23stbeauty.com\/en\/wp-json\/wp\/v2\/comments?post=27715"}],"wp:featuredmedia":[{"embeddable":true,"href":"https:\/\/www.23stbeauty.com\/en\/wp-json\/wp\/v2\/media\/29610"}],"wp:attachment":[{"href":"https:\/\/www.23stbeauty.com\/en\/wp-json\/wp\/v2\/media?parent=27715"}],"wp:term":[{"taxonomy":"product_brand","embeddable":true,"href":"https:\/\/www.23stbeauty.com\/en\/wp-json\/wp\/v2\/product_brand?post=27715"},{"taxonomy":"product_cat","embeddable":true,"href":"https:\/\/www.23stbeauty.com\/en\/wp-json\/wp\/v2\/product_cat?post=27715"},{"taxonomy":"product_tag","embeddable":true,"href":"https:\/\/www.23stbeauty.com\/en\/wp-json\/wp\/v2\/product_tag?post=27715"}],"curies":[{"name":"wp","href":"https:\/\/api.w.org\/{rel}","templated":true}]}}