{"id":29645,"date":"2021-09-20T10:13:10","date_gmt":"2021-09-20T08:13:10","guid":{"rendered":"https:\/\/fabiom32.sg-host.com\/?post_type=product&#038;p=29645"},"modified":"2024-10-20T19:38:32","modified_gmt":"2024-10-20T17:38:32","slug":"green-smoothie-quenching-creme-odacite","status":"publish","type":"product","link":"https:\/\/www.23stbeauty.com\/en\/product\/green-smoothie-quenching-creme-odacite\/","title":{"rendered":"Green Smoothie Quenching Cr\u00e8me"},"content":{"rendered":"<p><em>Green smoothie for your skin!<\/em> \ud83e\udd52\ud83e\udd6c\ud83c\udf4f\ud83e\udd66\u2060\u2060<\/p>\n<p>Quenching and revitalizing like a green smoothie, Odacit\u00e9 Green Smoothie Quenching Cr\u00e8me is expertly formulated with <strong>high-performance botanicals<\/strong> and clinical actives to deliver <strong>proven results<\/strong>.*<\/p>\n<p>A lightweight, non-greasy, <strong>non-clogging cream<\/strong> with optimized absorption that melts into the skin to deliver a <strong>silky smooth finish<\/strong>.<br \/>\nThe formulation quenches, soothes, and <strong>moisturizes thirsty<\/strong>, <strong>sensitive<\/strong>, and <strong>stressed skin<\/strong>.<br \/>\nAfter use, your skin appears visibly plumped, soothed, and hydrated &#8211; with a divinely fresh complexion!<br \/>\nEach &#8220;dose&#8221; contains <strong>16 Greens and Superfoods<\/strong>, including:<\/p>\n<ul>\n<li><strong>Cucumber<\/strong><br \/>\nIt teams up with humectant Hyaluronic Acid to help create an intensely moisturizing reservoir of water in the skin that keeps it looking plump and juicy.<\/li>\n<li><strong>Pomegranate<\/strong> + <strong>Apple<\/strong> + <strong>Grape Juice<\/strong><br \/>\nRich in Vitamin C, polyphenols, and antioxidants that protect against environmental damage, while Blue Green Algae helps fight free radicals.<\/li>\n<li><strong>Neem<\/strong> + <strong>Tulsi Extracts<\/strong><br \/>\nThese extracts utilize purifying effects to help the skin look clear and fresh, while reducing the appearance of blemishes.<\/li>\n<\/ul>\n<p><em><strong>Results<\/strong><\/em><br \/>\n70% agree skin looks healthier, smoother, more supple*.<br \/>\n73% agree product has immediate quenching effect*.<br \/>\n80% agree skin looks more full of vitality*.<br \/>\n86% agree product feels weightless with immediate absorption*.<\/p>\n<p>Best for normal, combination to oily skin types, sensitive &amp; blemish-prone skin.<\/p>\n<p><strong>100% NATURAL<\/strong> \u2022 <strong>DERMATOLOGICALLY TESTED<\/strong> \u2022 <strong>VEGAN<\/strong> \u2022 <strong>GMO FREE<\/strong> \u2022 <strong>GLUTEN FREE<\/strong><\/p>\n<p>*<em>Independent Consumer Study carried on 30 male and female subjects.<\/em><\/p>\n","protected":false},"excerpt":{"rendered":"<p>Water-locking facial cream with Cucumber + Apple<\/p>\n","protected":false},"featured_media":45613,"comment_status":"open","ping_status":"closed","template":"","meta":{"_acf_changed":false,"content-type":""},"product_brand":[],"product_cat":[255,252],"product_tag":[464],"class_list":{"0":"post-29645","1":"product","2":"type-product","3":"status-publish","4":"has-post-thumbnail","6":"solution-acne-clearing","7":"solution-dull-skin-skincare","8":"solution-impurities-clogged-pores-skincare","9":"solution-irritated-skin-remedy","10":"formulation-cream-skin-care-routine","11":"extra-alcohol-free-beauty-products","12":"extra-certified-organic-and-natural-cosmetic-products","13":"extra-fragrance-free-skin-care-products","14":"extra-vegan-beauty-products-and-makeup","15":"skintype-combination-skin-skincare","16":"skintype-dry-skin-beauty-routine","17":"skintype-normal-skin-beauty-routine","18":"skintype-oily-skin-beauty-routine","19":"trends-face-cream","20":"trends-hydrating-cream","21":"trends-vegan-moisturizer","22":"product_cat-moisturisers-face-oils","23":"product_cat-organic-skin-care-routine","24":"product_tag-odacite-en","25":"entry","27":"first","28":"outofstock","29":"taxable","30":"shipping-taxable","31":"purchasable","32":"product-type-simple"},"acf":[],"yoast_head":"<!-- This site is optimized with the Yoast SEO plugin v27.3 - https:\/\/yoast.com\/product\/yoast-seo-wordpress\/ -->\n<title>ODACIT\u00c9 Green Smoothie Quenching Cr\u00e8me &#8226; 23 St Beauty<\/title>\n<meta name=\"description\" content=\"Odacit\u00e9 Green Smoothie Quenching Cr\u00e8me is a water-locking facial moisturizer. Lightweight formula. Powered by 16 Superfoods, including cucumber &amp; apple.\" \/>\n<meta name=\"robots\" content=\"index, follow\" \/>\n<link rel=\"canonical\" href=\"https:\/\/www.23stbeauty.com\/en\/product\/green-smoothie-quenching-creme-odacite\/\" \/>\n<meta property=\"og:locale\" content=\"en_US\" \/>\n<meta property=\"og:type\" content=\"article\" \/>\n<meta property=\"og:title\" content=\"ODACIT\u00c9 Green Smoothie Quenching Cr\u00e8me &#8226; 23 St Beauty\" \/>\n<meta property=\"og:description\" content=\"Odacit\u00e9 Green Smoothie Quenching Cr\u00e8me is a water-locking facial moisturizer. Lightweight formula. Powered by 16 Superfoods, including cucumber &amp; apple.\" \/>\n<meta property=\"og:url\" content=\"https:\/\/www.23stbeauty.com\/en\/product\/green-smoothie-quenching-creme-odacite\/\" \/>\n<meta property=\"og:site_name\" content=\"23 St Beauty\" \/>\n<meta property=\"article:publisher\" content=\"https:\/\/www.facebook.com\/23stbeauty\" \/>\n<meta property=\"article:modified_time\" content=\"2024-10-20T17:38:32+00:00\" \/>\n<meta property=\"og:image\" content=\"https:\/\/www.23stbeauty.com\/wp-content\/uploads\/2021\/09\/Odacite-Green-Smoothie-Quenching-Creme.jpg\" \/>\n\t<meta property=\"og:image:width\" content=\"1000\" \/>\n\t<meta property=\"og:image:height\" content=\"1300\" \/>\n\t<meta property=\"og:image:type\" content=\"image\/jpeg\" \/>\n<meta name=\"twitter:card\" content=\"summary_large_image\" \/>\n<script type=\"application\/ld+json\" class=\"yoast-schema-graph\">{\"@context\":\"https:\\\/\\\/schema.org\",\"@graph\":[{\"@type\":\"WebPage\",\"@id\":\"https:\\\/\\\/www.23stbeauty.com\\\/en\\\/product\\\/green-smoothie-quenching-creme-odacite\\\/\",\"url\":\"https:\\\/\\\/www.23stbeauty.com\\\/en\\\/product\\\/green-smoothie-quenching-creme-odacite\\\/\",\"name\":\"ODACIT\u00c9 Green Smoothie Quenching Cr\u00e8me &#8226; 23 St Beauty\",\"isPartOf\":{\"@id\":\"https:\\\/\\\/www.23stbeauty.com\\\/en\\\/#website\"},\"primaryImageOfPage\":{\"@id\":\"https:\\\/\\\/www.23stbeauty.com\\\/en\\\/product\\\/green-smoothie-quenching-creme-odacite\\\/#primaryimage\"},\"image\":{\"@id\":\"https:\\\/\\\/www.23stbeauty.com\\\/en\\\/product\\\/green-smoothie-quenching-creme-odacite\\\/#primaryimage\"},\"thumbnailUrl\":\"https:\\\/\\\/www.23stbeauty.com\\\/wp-content\\\/uploads\\\/2021\\\/09\\\/Green-Smoothie-Quenching-Creme-odacite-italia-min.jpg\",\"datePublished\":\"2021-09-20T08:13:10+00:00\",\"dateModified\":\"2024-10-20T17:38:32+00:00\",\"description\":\"Odacit\u00e9 Green Smoothie Quenching Cr\u00e8me is a water-locking facial moisturizer. Lightweight formula. Powered by 16 Superfoods, including cucumber & apple.\",\"breadcrumb\":{\"@id\":\"https:\\\/\\\/www.23stbeauty.com\\\/en\\\/product\\\/green-smoothie-quenching-creme-odacite\\\/#breadcrumb\"},\"inLanguage\":\"en-US\",\"potentialAction\":[{\"@type\":\"ReadAction\",\"target\":[\"https:\\\/\\\/www.23stbeauty.com\\\/en\\\/product\\\/green-smoothie-quenching-creme-odacite\\\/\"]}]},{\"@type\":\"ImageObject\",\"inLanguage\":\"en-US\",\"@id\":\"https:\\\/\\\/www.23stbeauty.com\\\/en\\\/product\\\/green-smoothie-quenching-creme-odacite\\\/#primaryimage\",\"url\":\"https:\\\/\\\/www.23stbeauty.com\\\/wp-content\\\/uploads\\\/2021\\\/09\\\/Green-Smoothie-Quenching-Creme-odacite-italia-min.jpg\",\"contentUrl\":\"https:\\\/\\\/www.23stbeauty.com\\\/wp-content\\\/uploads\\\/2021\\\/09\\\/Green-Smoothie-Quenching-Creme-odacite-italia-min.jpg\",\"width\":1000,\"height\":1300,\"caption\":\"Green-Smoothie-Quenching-Creme-odacite-italia\"},{\"@type\":\"BreadcrumbList\",\"@id\":\"https:\\\/\\\/www.23stbeauty.com\\\/en\\\/product\\\/green-smoothie-quenching-creme-odacite\\\/#breadcrumb\",\"itemListElement\":[{\"@type\":\"ListItem\",\"position\":1,\"name\":\"23 St Beauty\",\"item\":\"https:\\\/\\\/www.23stbeauty.com\\\/en\\\/\"},{\"@type\":\"ListItem\",\"position\":2,\"name\":\"Shop\",\"item\":\"https:\\\/\\\/www.23stbeauty.com\\\/it\\\/negozio\\\/\"},{\"@type\":\"ListItem\",\"position\":3,\"name\":\"SKIN CARE\",\"item\":\"https:\\\/\\\/www.23stbeauty.com\\\/en\\\/product-category\\\/organic-skin-care-routine\\\/\"},{\"@type\":\"ListItem\",\"position\":4,\"name\":\"Moisturisers &amp; Face Oils\",\"item\":\"https:\\\/\\\/www.23stbeauty.com\\\/en\\\/product-category\\\/organic-skin-care-routine\\\/moisturisers-face-oils\\\/\"},{\"@type\":\"ListItem\",\"position\":5,\"name\":\"Green Smoothie Quenching Cr\u00e8me\"}]},{\"@type\":\"WebSite\",\"@id\":\"https:\\\/\\\/www.23stbeauty.com\\\/en\\\/#website\",\"url\":\"https:\\\/\\\/www.23stbeauty.com\\\/en\\\/\",\"name\":\"23 St Beauty\",\"description\":\"Luxury Conscious Beauty tailored to you.\",\"publisher\":{\"@id\":\"https:\\\/\\\/www.23stbeauty.com\\\/en\\\/#organization\"},\"potentialAction\":[{\"@type\":\"SearchAction\",\"target\":{\"@type\":\"EntryPoint\",\"urlTemplate\":\"https:\\\/\\\/www.23stbeauty.com\\\/en\\\/?s={search_term_string}\"},\"query-input\":{\"@type\":\"PropertyValueSpecification\",\"valueRequired\":true,\"valueName\":\"search_term_string\"}}],\"inLanguage\":\"en-US\"},{\"@type\":\"Organization\",\"@id\":\"https:\\\/\\\/www.23stbeauty.com\\\/en\\\/#organization\",\"name\":\"23 St Beauty\",\"url\":\"https:\\\/\\\/www.23stbeauty.com\\\/en\\\/\",\"logo\":{\"@type\":\"ImageObject\",\"inLanguage\":\"en-US\",\"@id\":\"https:\\\/\\\/www.23stbeauty.com\\\/en\\\/#\\\/schema\\\/logo\\\/image\\\/\",\"url\":\"https:\\\/\\\/23stbeauty.com\\\/wp-content\\\/uploads\\\/2019\\\/08\\\/logo.png\",\"contentUrl\":\"https:\\\/\\\/23stbeauty.com\\\/wp-content\\\/uploads\\\/2019\\\/08\\\/logo.png\",\"width\":160,\"height\":158,\"caption\":\"23 St Beauty\"},\"image\":{\"@id\":\"https:\\\/\\\/www.23stbeauty.com\\\/en\\\/#\\\/schema\\\/logo\\\/image\\\/\"},\"sameAs\":[\"https:\\\/\\\/www.facebook.com\\\/23stbeauty\",\"https:\\\/\\\/www.instagram.com\\\/23stbeauty\\\/\",\"https:\\\/\\\/www.pinterest.it\\\/23stbeauty\\\/\",\"https:\\\/\\\/www.youtube.com\\\/channel\\\/UCjj3m3ULwK4_-ji8yUpV3UA\"]}]}<\/script>\n<!-- \/ Yoast SEO plugin. -->","yoast_head_json":{"title":"ODACIT\u00c9 Green Smoothie Quenching Cr\u00e8me &#8226; 23 St Beauty","description":"Odacit\u00e9 Green Smoothie Quenching Cr\u00e8me is a water-locking facial moisturizer. Lightweight formula. Powered by 16 Superfoods, including cucumber & apple.","robots":{"index":"index","follow":"follow"},"canonical":"https:\/\/www.23stbeauty.com\/en\/product\/green-smoothie-quenching-creme-odacite\/","og_locale":"en_US","og_type":"article","og_title":"ODACIT\u00c9 Green Smoothie Quenching Cr\u00e8me &#8226; 23 St Beauty","og_description":"Odacit\u00e9 Green Smoothie Quenching Cr\u00e8me is a water-locking facial moisturizer. Lightweight formula. Powered by 16 Superfoods, including cucumber & apple.","og_url":"https:\/\/www.23stbeauty.com\/en\/product\/green-smoothie-quenching-creme-odacite\/","og_site_name":"23 St Beauty","article_publisher":"https:\/\/www.facebook.com\/23stbeauty","article_modified_time":"2024-10-20T17:38:32+00:00","og_image":[{"width":1000,"height":1300,"url":"https:\/\/www.23stbeauty.com\/wp-content\/uploads\/2021\/09\/Odacite-Green-Smoothie-Quenching-Creme.jpg","type":"image\/jpeg"}],"twitter_card":"summary_large_image","schema":{"@context":"https:\/\/schema.org","@graph":[{"@type":"WebPage","@id":"https:\/\/www.23stbeauty.com\/en\/product\/green-smoothie-quenching-creme-odacite\/","url":"https:\/\/www.23stbeauty.com\/en\/product\/green-smoothie-quenching-creme-odacite\/","name":"ODACIT\u00c9 Green Smoothie Quenching Cr\u00e8me &#8226; 23 St Beauty","isPartOf":{"@id":"https:\/\/www.23stbeauty.com\/en\/#website"},"primaryImageOfPage":{"@id":"https:\/\/www.23stbeauty.com\/en\/product\/green-smoothie-quenching-creme-odacite\/#primaryimage"},"image":{"@id":"https:\/\/www.23stbeauty.com\/en\/product\/green-smoothie-quenching-creme-odacite\/#primaryimage"},"thumbnailUrl":"https:\/\/www.23stbeauty.com\/wp-content\/uploads\/2021\/09\/Green-Smoothie-Quenching-Creme-odacite-italia-min.jpg","datePublished":"2021-09-20T08:13:10+00:00","dateModified":"2024-10-20T17:38:32+00:00","description":"Odacit\u00e9 Green Smoothie Quenching Cr\u00e8me is a water-locking facial moisturizer. Lightweight formula. Powered by 16 Superfoods, including cucumber & apple.","breadcrumb":{"@id":"https:\/\/www.23stbeauty.com\/en\/product\/green-smoothie-quenching-creme-odacite\/#breadcrumb"},"inLanguage":"en-US","potentialAction":[{"@type":"ReadAction","target":["https:\/\/www.23stbeauty.com\/en\/product\/green-smoothie-quenching-creme-odacite\/"]}]},{"@type":"ImageObject","inLanguage":"en-US","@id":"https:\/\/www.23stbeauty.com\/en\/product\/green-smoothie-quenching-creme-odacite\/#primaryimage","url":"https:\/\/www.23stbeauty.com\/wp-content\/uploads\/2021\/09\/Green-Smoothie-Quenching-Creme-odacite-italia-min.jpg","contentUrl":"https:\/\/www.23stbeauty.com\/wp-content\/uploads\/2021\/09\/Green-Smoothie-Quenching-Creme-odacite-italia-min.jpg","width":1000,"height":1300,"caption":"Green-Smoothie-Quenching-Creme-odacite-italia"},{"@type":"BreadcrumbList","@id":"https:\/\/www.23stbeauty.com\/en\/product\/green-smoothie-quenching-creme-odacite\/#breadcrumb","itemListElement":[{"@type":"ListItem","position":1,"name":"23 St Beauty","item":"https:\/\/www.23stbeauty.com\/en\/"},{"@type":"ListItem","position":2,"name":"Shop","item":"https:\/\/www.23stbeauty.com\/it\/negozio\/"},{"@type":"ListItem","position":3,"name":"SKIN CARE","item":"https:\/\/www.23stbeauty.com\/en\/product-category\/organic-skin-care-routine\/"},{"@type":"ListItem","position":4,"name":"Moisturisers &amp; Face Oils","item":"https:\/\/www.23stbeauty.com\/en\/product-category\/organic-skin-care-routine\/moisturisers-face-oils\/"},{"@type":"ListItem","position":5,"name":"Green Smoothie Quenching Cr\u00e8me"}]},{"@type":"WebSite","@id":"https:\/\/www.23stbeauty.com\/en\/#website","url":"https:\/\/www.23stbeauty.com\/en\/","name":"23 St Beauty","description":"Luxury Conscious Beauty tailored to you.","publisher":{"@id":"https:\/\/www.23stbeauty.com\/en\/#organization"},"potentialAction":[{"@type":"SearchAction","target":{"@type":"EntryPoint","urlTemplate":"https:\/\/www.23stbeauty.com\/en\/?s={search_term_string}"},"query-input":{"@type":"PropertyValueSpecification","valueRequired":true,"valueName":"search_term_string"}}],"inLanguage":"en-US"},{"@type":"Organization","@id":"https:\/\/www.23stbeauty.com\/en\/#organization","name":"23 St Beauty","url":"https:\/\/www.23stbeauty.com\/en\/","logo":{"@type":"ImageObject","inLanguage":"en-US","@id":"https:\/\/www.23stbeauty.com\/en\/#\/schema\/logo\/image\/","url":"https:\/\/23stbeauty.com\/wp-content\/uploads\/2019\/08\/logo.png","contentUrl":"https:\/\/23stbeauty.com\/wp-content\/uploads\/2019\/08\/logo.png","width":160,"height":158,"caption":"23 St Beauty"},"image":{"@id":"https:\/\/www.23stbeauty.com\/en\/#\/schema\/logo\/image\/"},"sameAs":["https:\/\/www.facebook.com\/23stbeauty","https:\/\/www.instagram.com\/23stbeauty\/","https:\/\/www.pinterest.it\/23stbeauty\/","https:\/\/www.youtube.com\/channel\/UCjj3m3ULwK4_-ji8yUpV3UA"]}]}},"_links":{"self":[{"href":"https:\/\/www.23stbeauty.com\/en\/wp-json\/wp\/v2\/product\/29645","targetHints":{"allow":["GET"]}}],"collection":[{"href":"https:\/\/www.23stbeauty.com\/en\/wp-json\/wp\/v2\/product"}],"about":[{"href":"https:\/\/www.23stbeauty.com\/en\/wp-json\/wp\/v2\/types\/product"}],"replies":[{"embeddable":true,"href":"https:\/\/www.23stbeauty.com\/en\/wp-json\/wp\/v2\/comments?post=29645"}],"wp:featuredmedia":[{"embeddable":true,"href":"https:\/\/www.23stbeauty.com\/en\/wp-json\/wp\/v2\/media\/45613"}],"wp:attachment":[{"href":"https:\/\/www.23stbeauty.com\/en\/wp-json\/wp\/v2\/media?parent=29645"}],"wp:term":[{"taxonomy":"product_brand","embeddable":true,"href":"https:\/\/www.23stbeauty.com\/en\/wp-json\/wp\/v2\/product_brand?post=29645"},{"taxonomy":"product_cat","embeddable":true,"href":"https:\/\/www.23stbeauty.com\/en\/wp-json\/wp\/v2\/product_cat?post=29645"},{"taxonomy":"product_tag","embeddable":true,"href":"https:\/\/www.23stbeauty.com\/en\/wp-json\/wp\/v2\/product_tag?post=29645"}],"curies":[{"name":"wp","href":"https:\/\/api.w.org\/{rel}","templated":true}]}}