{"id":43226,"date":"2023-09-18T19:25:30","date_gmt":"2023-09-18T17:25:30","guid":{"rendered":"https:\/\/www.23stbeauty.com\/?post_type=product&#038;p=43226"},"modified":"2024-12-12T17:01:45","modified_gmt":"2024-12-12T16:01:45","slug":"odacite-intense-repair-eye-cream-edelweiss-extreme","status":"publish","type":"product","link":"https:\/\/www.23stbeauty.com\/en\/product\/odacite-intense-repair-eye-cream-edelweiss-extreme\/","title":{"rendered":"Intense Repair Eye Cream Edelweiss Extr\u00eame\u2122"},"content":{"rendered":"<p><span style=\"font-weight: 400;\">Formulated with the power of AI to face the aging extremes of modern lifestyle, this <\/span><b>highly concentrated eye cream<\/b><span style=\"font-weight: 400;\"> delivers dual-action <\/span><b>soothing &amp; anti-aging benefits<\/b><span style=\"font-weight: 400;\"> to the delicate eye area to support smoother, stronger, more resilient skin.<\/span><span style=\"font-weight: 400;\"><br \/>\n<\/span><span style=\"font-weight: 400;\">It fights all signs of aging, such as: crow\u2019s feet, fine lines, deep wrinkles, signs of fatigue, loss of collagen &amp; firmness, glycation, loss of elasticity, dryness, sensitivity.<\/span><\/p>\n<p><span style=\"font-weight: 400;\">It contains<\/span><b> firming Peptides<\/b> <b>+ anti-glycation Carnosine<\/b><span style=\"font-weight: 400;\"> to specifically target the reduction of crow\u2019s feet, fine lines, wrinkles, and loss of firmness.<br \/>\n<\/span><span style=\"font-weight: 400;\">Infused with the remarkable survival strength of the<\/span><b> AI-Farmed Edelweiss <\/b><span style=\"font-weight: 400;\">to fight free radicals &amp; environmental aggressors.<br \/>\n<\/span><span style=\"font-weight: 400;\">Using AI to create the optimal growth recipe, alpine edelweiss can grow with an enhanced concentration of key actives like <\/span><b>Leontopodic + Chlorogenic Acid<\/b><span style=\"font-weight: 400;\">, which are known for their anti-inflammatory &amp; anti-aging benefits.<\/span><\/p>\n<p><span style=\"font-weight: 400;\">The clean formula is enriched with quenching <\/span><b>aloe vera<\/b><span style=\"font-weight: 400;\">, soothing <\/span><b>calendula<\/b><span style=\"font-weight: 400;\">, and calming <\/span><b>chamomile<\/b><span style=\"font-weight: 400;\"> to effectively address dryness, sensitivity, and irritation.<\/span><\/p>\n<p><b><i>The results<\/i><\/b><span style=\"font-weight: 400;\"><br \/>\n<\/span><span style=\"font-weight: 400;\">79% Agree formula gave the eye area a more plump and youthful look**.<\/span><span style=\"font-weight: 400;\"><br \/>\n<\/span><span style=\"font-weight: 400;\">83% Experienced a Significant Decrease In the Appearance of Crow&#8217;s Feet*.<\/span><span style=\"font-weight: 400;\"><br \/>\n<\/span><span style=\"font-weight: 400;\">87% Agree Feels Soothing &amp; Calming**.<\/span><span style=\"font-weight: 400;\"><br \/>\n<\/span><span style=\"font-weight: 400;\">100% Agree did not irritate or sensitize their skin**.<\/span><span style=\"font-weight: 400;\"><br \/>\n<\/span><\/p>\n<p><span style=\"font-weight: 400;\">Best for all skin types, even the most sensitive.<\/span><\/p>\n<p><b>100% NATURAL \u2022 GMO FREE \u2022 VEGAN-FRIENDLY &amp; CRUELTY-FREE \u2022 DERM-TESTED \u2022 HYPOALLERGENIC<\/b><\/p>\n<p><i><span style=\"font-weight: 400;\">*Clinical and **Consumer Studies carried on 25 real people over 28 days.<\/span><\/i><\/p>\n","protected":false},"excerpt":{"rendered":"<p>Peptides + Carnosine<\/p>\n","protected":false},"featured_media":43234,"comment_status":"open","ping_status":"closed","template":"","meta":{"_acf_changed":false,"content-type":""},"product_brand":[],"product_cat":[263,252],"product_tag":[464,644],"class_list":{"0":"post-43226","1":"product","2":"type-product","3":"status-publish","4":"has-post-thumbnail","6":"solution-anti-aging-products","7":"solution-eye-bags-and-dark-circles-remedies","8":"solution-irritated-skin-remedy","9":"formulation-cream-skin-care-routine","10":"extra-alcohol-free-beauty-products","11":"extra-certified-organic-and-natural-cosmetic-products","12":"extra-essential-oil-free-natural-skin-care","13":"extra-holistic-skin-care-routine","14":"extra-fragrance-free-skin-care-products","15":"extra-vegan-beauty-products-and-makeup","16":"skintype-combination-skin-skincare","17":"skintype-dry-skin-beauty-routine","18":"skintype-mature-skin-care","19":"skintype-normal-skin-beauty-routine","20":"skintype-oily-skin-beauty-routine","21":"skintype-sensitive-skin-products","22":"trends-eye-cream","23":"product_cat-natural-eyecare","24":"product_cat-organic-skin-care-routine","25":"product_tag-odacite-en","26":"product_tag-regali-sotto-i-e100","27":"entry","29":"first","30":"outofstock","31":"taxable","32":"shipping-taxable","33":"purchasable","34":"product-type-simple"},"acf":[],"yoast_head":"<!-- This site is optimized with the Yoast SEO plugin v27.3 - https:\/\/yoast.com\/product\/yoast-seo-wordpress\/ -->\n<title>Intense Repair Eye Cream Edelweiss Extr\u00eame\u2122 ODACIT\u00c9<\/title>\n<meta name=\"description\" content=\"Odacit\u00e9 Intense Repair Eye Cream Edelweiss Extr\u00eame\u2122 targets the reduction of crow\u2019s feet &amp; signs of fatigue. The best eye cream with the power of AI.\" \/>\n<meta name=\"robots\" content=\"index, follow\" \/>\n<link rel=\"canonical\" href=\"https:\/\/www.23stbeauty.com\/en\/product\/odacite-intense-repair-eye-cream-edelweiss-extreme\/\" \/>\n<meta property=\"og:locale\" content=\"en_US\" \/>\n<meta property=\"og:type\" content=\"article\" \/>\n<meta property=\"og:title\" content=\"Intense Repair Eye Cream Edelweiss Extr\u00eame\u2122 ODACIT\u00c9\" \/>\n<meta property=\"og:description\" content=\"Odacit\u00e9 Intense Repair Eye Cream Edelweiss Extr\u00eame\u2122 targets the reduction of crow\u2019s feet &amp; signs of fatigue. The best eye cream with the power of AI.\" \/>\n<meta property=\"og:url\" content=\"https:\/\/www.23stbeauty.com\/en\/product\/odacite-intense-repair-eye-cream-edelweiss-extreme\/\" \/>\n<meta property=\"og:site_name\" content=\"23 St Beauty\" \/>\n<meta property=\"article:publisher\" content=\"https:\/\/www.facebook.com\/23stbeauty\" \/>\n<meta property=\"article:modified_time\" content=\"2024-12-12T16:01:45+00:00\" \/>\n<meta property=\"og:image\" content=\"https:\/\/www.23stbeauty.com\/wp-content\/uploads\/2023\/09\/crema-contorno-occhi-antirughe-Odacite-Intense-Repair-Eye-Cream.jpg\" \/>\n\t<meta property=\"og:image:width\" content=\"1000\" \/>\n\t<meta property=\"og:image:height\" content=\"1300\" \/>\n\t<meta property=\"og:image:type\" content=\"image\/jpeg\" \/>\n<meta name=\"twitter:card\" content=\"summary_large_image\" \/>\n<script type=\"application\/ld+json\" class=\"yoast-schema-graph\">{\"@context\":\"https:\\\/\\\/schema.org\",\"@graph\":[{\"@type\":\"WebPage\",\"@id\":\"https:\\\/\\\/www.23stbeauty.com\\\/en\\\/product\\\/odacite-intense-repair-eye-cream-edelweiss-extreme\\\/\",\"url\":\"https:\\\/\\\/www.23stbeauty.com\\\/en\\\/product\\\/odacite-intense-repair-eye-cream-edelweiss-extreme\\\/\",\"name\":\"Intense Repair Eye Cream Edelweiss Extr\u00eame\u2122 ODACIT\u00c9\",\"isPartOf\":{\"@id\":\"https:\\\/\\\/www.23stbeauty.com\\\/en\\\/#website\"},\"primaryImageOfPage\":{\"@id\":\"https:\\\/\\\/www.23stbeauty.com\\\/en\\\/product\\\/odacite-intense-repair-eye-cream-edelweiss-extreme\\\/#primaryimage\"},\"image\":{\"@id\":\"https:\\\/\\\/www.23stbeauty.com\\\/en\\\/product\\\/odacite-intense-repair-eye-cream-edelweiss-extreme\\\/#primaryimage\"},\"thumbnailUrl\":\"https:\\\/\\\/www.23stbeauty.com\\\/wp-content\\\/uploads\\\/2023\\\/09\\\/crema-contorno-occhi-antirughe-Odacite-Intense-Repair-Eye-Cream.jpg\",\"datePublished\":\"2023-09-18T17:25:30+00:00\",\"dateModified\":\"2024-12-12T16:01:45+00:00\",\"description\":\"Odacit\u00e9 Intense Repair Eye Cream Edelweiss Extr\u00eame\u2122 targets the reduction of crow\u2019s feet & signs of fatigue. The best eye cream with the power of AI.\",\"breadcrumb\":{\"@id\":\"https:\\\/\\\/www.23stbeauty.com\\\/en\\\/product\\\/odacite-intense-repair-eye-cream-edelweiss-extreme\\\/#breadcrumb\"},\"inLanguage\":\"en-US\",\"potentialAction\":[{\"@type\":\"ReadAction\",\"target\":[\"https:\\\/\\\/www.23stbeauty.com\\\/en\\\/product\\\/odacite-intense-repair-eye-cream-edelweiss-extreme\\\/\"]}]},{\"@type\":\"ImageObject\",\"inLanguage\":\"en-US\",\"@id\":\"https:\\\/\\\/www.23stbeauty.com\\\/en\\\/product\\\/odacite-intense-repair-eye-cream-edelweiss-extreme\\\/#primaryimage\",\"url\":\"https:\\\/\\\/www.23stbeauty.com\\\/wp-content\\\/uploads\\\/2023\\\/09\\\/crema-contorno-occhi-antirughe-Odacite-Intense-Repair-Eye-Cream.jpg\",\"contentUrl\":\"https:\\\/\\\/www.23stbeauty.com\\\/wp-content\\\/uploads\\\/2023\\\/09\\\/crema-contorno-occhi-antirughe-Odacite-Intense-Repair-Eye-Cream.jpg\",\"width\":1000,\"height\":1300,\"caption\":\"Odacit\u00e8 Intense Repair Eye Cream\"},{\"@type\":\"BreadcrumbList\",\"@id\":\"https:\\\/\\\/www.23stbeauty.com\\\/en\\\/product\\\/odacite-intense-repair-eye-cream-edelweiss-extreme\\\/#breadcrumb\",\"itemListElement\":[{\"@type\":\"ListItem\",\"position\":1,\"name\":\"23 St Beauty\",\"item\":\"https:\\\/\\\/www.23stbeauty.com\\\/en\\\/\"},{\"@type\":\"ListItem\",\"position\":2,\"name\":\"Shop\",\"item\":\"https:\\\/\\\/www.23stbeauty.com\\\/it\\\/negozio\\\/\"},{\"@type\":\"ListItem\",\"position\":3,\"name\":\"SKIN CARE\",\"item\":\"https:\\\/\\\/www.23stbeauty.com\\\/en\\\/product-category\\\/organic-skin-care-routine\\\/\"},{\"@type\":\"ListItem\",\"position\":4,\"name\":\"Eyecare\",\"item\":\"https:\\\/\\\/www.23stbeauty.com\\\/en\\\/product-category\\\/organic-skin-care-routine\\\/natural-eyecare\\\/\"},{\"@type\":\"ListItem\",\"position\":5,\"name\":\"Cryo-Tech Facial Tool ODACIT\u00c9\"}]},{\"@type\":\"WebSite\",\"@id\":\"https:\\\/\\\/www.23stbeauty.com\\\/en\\\/#website\",\"url\":\"https:\\\/\\\/www.23stbeauty.com\\\/en\\\/\",\"name\":\"23 St Beauty\",\"description\":\"Luxury Conscious Beauty tailored to you.\",\"publisher\":{\"@id\":\"https:\\\/\\\/www.23stbeauty.com\\\/en\\\/#organization\"},\"potentialAction\":[{\"@type\":\"SearchAction\",\"target\":{\"@type\":\"EntryPoint\",\"urlTemplate\":\"https:\\\/\\\/www.23stbeauty.com\\\/en\\\/?s={search_term_string}\"},\"query-input\":{\"@type\":\"PropertyValueSpecification\",\"valueRequired\":true,\"valueName\":\"search_term_string\"}}],\"inLanguage\":\"en-US\"},{\"@type\":\"Organization\",\"@id\":\"https:\\\/\\\/www.23stbeauty.com\\\/en\\\/#organization\",\"name\":\"23 St Beauty\",\"url\":\"https:\\\/\\\/www.23stbeauty.com\\\/en\\\/\",\"logo\":{\"@type\":\"ImageObject\",\"inLanguage\":\"en-US\",\"@id\":\"https:\\\/\\\/www.23stbeauty.com\\\/en\\\/#\\\/schema\\\/logo\\\/image\\\/\",\"url\":\"https:\\\/\\\/23stbeauty.com\\\/wp-content\\\/uploads\\\/2019\\\/08\\\/logo.png\",\"contentUrl\":\"https:\\\/\\\/23stbeauty.com\\\/wp-content\\\/uploads\\\/2019\\\/08\\\/logo.png\",\"width\":160,\"height\":158,\"caption\":\"23 St Beauty\"},\"image\":{\"@id\":\"https:\\\/\\\/www.23stbeauty.com\\\/en\\\/#\\\/schema\\\/logo\\\/image\\\/\"},\"sameAs\":[\"https:\\\/\\\/www.facebook.com\\\/23stbeauty\",\"https:\\\/\\\/www.instagram.com\\\/23stbeauty\\\/\",\"https:\\\/\\\/www.pinterest.it\\\/23stbeauty\\\/\",\"https:\\\/\\\/www.youtube.com\\\/channel\\\/UCjj3m3ULwK4_-ji8yUpV3UA\"]}]}<\/script>\n<!-- \/ Yoast SEO plugin. -->","yoast_head_json":{"title":"Intense Repair Eye Cream Edelweiss Extr\u00eame\u2122 ODACIT\u00c9","description":"Odacit\u00e9 Intense Repair Eye Cream Edelweiss Extr\u00eame\u2122 targets the reduction of crow\u2019s feet & signs of fatigue. The best eye cream with the power of AI.","robots":{"index":"index","follow":"follow"},"canonical":"https:\/\/www.23stbeauty.com\/en\/product\/odacite-intense-repair-eye-cream-edelweiss-extreme\/","og_locale":"en_US","og_type":"article","og_title":"Intense Repair Eye Cream Edelweiss Extr\u00eame\u2122 ODACIT\u00c9","og_description":"Odacit\u00e9 Intense Repair Eye Cream Edelweiss Extr\u00eame\u2122 targets the reduction of crow\u2019s feet & signs of fatigue. The best eye cream with the power of AI.","og_url":"https:\/\/www.23stbeauty.com\/en\/product\/odacite-intense-repair-eye-cream-edelweiss-extreme\/","og_site_name":"23 St Beauty","article_publisher":"https:\/\/www.facebook.com\/23stbeauty","article_modified_time":"2024-12-12T16:01:45+00:00","og_image":[{"width":1000,"height":1300,"url":"https:\/\/www.23stbeauty.com\/wp-content\/uploads\/2023\/09\/crema-contorno-occhi-antirughe-Odacite-Intense-Repair-Eye-Cream.jpg","type":"image\/jpeg"}],"twitter_card":"summary_large_image","schema":{"@context":"https:\/\/schema.org","@graph":[{"@type":"WebPage","@id":"https:\/\/www.23stbeauty.com\/en\/product\/odacite-intense-repair-eye-cream-edelweiss-extreme\/","url":"https:\/\/www.23stbeauty.com\/en\/product\/odacite-intense-repair-eye-cream-edelweiss-extreme\/","name":"Intense Repair Eye Cream Edelweiss Extr\u00eame\u2122 ODACIT\u00c9","isPartOf":{"@id":"https:\/\/www.23stbeauty.com\/en\/#website"},"primaryImageOfPage":{"@id":"https:\/\/www.23stbeauty.com\/en\/product\/odacite-intense-repair-eye-cream-edelweiss-extreme\/#primaryimage"},"image":{"@id":"https:\/\/www.23stbeauty.com\/en\/product\/odacite-intense-repair-eye-cream-edelweiss-extreme\/#primaryimage"},"thumbnailUrl":"https:\/\/www.23stbeauty.com\/wp-content\/uploads\/2023\/09\/crema-contorno-occhi-antirughe-Odacite-Intense-Repair-Eye-Cream.jpg","datePublished":"2023-09-18T17:25:30+00:00","dateModified":"2024-12-12T16:01:45+00:00","description":"Odacit\u00e9 Intense Repair Eye Cream Edelweiss Extr\u00eame\u2122 targets the reduction of crow\u2019s feet & signs of fatigue. The best eye cream with the power of AI.","breadcrumb":{"@id":"https:\/\/www.23stbeauty.com\/en\/product\/odacite-intense-repair-eye-cream-edelweiss-extreme\/#breadcrumb"},"inLanguage":"en-US","potentialAction":[{"@type":"ReadAction","target":["https:\/\/www.23stbeauty.com\/en\/product\/odacite-intense-repair-eye-cream-edelweiss-extreme\/"]}]},{"@type":"ImageObject","inLanguage":"en-US","@id":"https:\/\/www.23stbeauty.com\/en\/product\/odacite-intense-repair-eye-cream-edelweiss-extreme\/#primaryimage","url":"https:\/\/www.23stbeauty.com\/wp-content\/uploads\/2023\/09\/crema-contorno-occhi-antirughe-Odacite-Intense-Repair-Eye-Cream.jpg","contentUrl":"https:\/\/www.23stbeauty.com\/wp-content\/uploads\/2023\/09\/crema-contorno-occhi-antirughe-Odacite-Intense-Repair-Eye-Cream.jpg","width":1000,"height":1300,"caption":"Odacit\u00e8 Intense Repair Eye Cream"},{"@type":"BreadcrumbList","@id":"https:\/\/www.23stbeauty.com\/en\/product\/odacite-intense-repair-eye-cream-edelweiss-extreme\/#breadcrumb","itemListElement":[{"@type":"ListItem","position":1,"name":"23 St Beauty","item":"https:\/\/www.23stbeauty.com\/en\/"},{"@type":"ListItem","position":2,"name":"Shop","item":"https:\/\/www.23stbeauty.com\/it\/negozio\/"},{"@type":"ListItem","position":3,"name":"SKIN CARE","item":"https:\/\/www.23stbeauty.com\/en\/product-category\/organic-skin-care-routine\/"},{"@type":"ListItem","position":4,"name":"Eyecare","item":"https:\/\/www.23stbeauty.com\/en\/product-category\/organic-skin-care-routine\/natural-eyecare\/"},{"@type":"ListItem","position":5,"name":"Cryo-Tech Facial Tool ODACIT\u00c9"}]},{"@type":"WebSite","@id":"https:\/\/www.23stbeauty.com\/en\/#website","url":"https:\/\/www.23stbeauty.com\/en\/","name":"23 St Beauty","description":"Luxury Conscious Beauty tailored to you.","publisher":{"@id":"https:\/\/www.23stbeauty.com\/en\/#organization"},"potentialAction":[{"@type":"SearchAction","target":{"@type":"EntryPoint","urlTemplate":"https:\/\/www.23stbeauty.com\/en\/?s={search_term_string}"},"query-input":{"@type":"PropertyValueSpecification","valueRequired":true,"valueName":"search_term_string"}}],"inLanguage":"en-US"},{"@type":"Organization","@id":"https:\/\/www.23stbeauty.com\/en\/#organization","name":"23 St Beauty","url":"https:\/\/www.23stbeauty.com\/en\/","logo":{"@type":"ImageObject","inLanguage":"en-US","@id":"https:\/\/www.23stbeauty.com\/en\/#\/schema\/logo\/image\/","url":"https:\/\/23stbeauty.com\/wp-content\/uploads\/2019\/08\/logo.png","contentUrl":"https:\/\/23stbeauty.com\/wp-content\/uploads\/2019\/08\/logo.png","width":160,"height":158,"caption":"23 St Beauty"},"image":{"@id":"https:\/\/www.23stbeauty.com\/en\/#\/schema\/logo\/image\/"},"sameAs":["https:\/\/www.facebook.com\/23stbeauty","https:\/\/www.instagram.com\/23stbeauty\/","https:\/\/www.pinterest.it\/23stbeauty\/","https:\/\/www.youtube.com\/channel\/UCjj3m3ULwK4_-ji8yUpV3UA"]}]}},"_links":{"self":[{"href":"https:\/\/www.23stbeauty.com\/en\/wp-json\/wp\/v2\/product\/43226","targetHints":{"allow":["GET"]}}],"collection":[{"href":"https:\/\/www.23stbeauty.com\/en\/wp-json\/wp\/v2\/product"}],"about":[{"href":"https:\/\/www.23stbeauty.com\/en\/wp-json\/wp\/v2\/types\/product"}],"replies":[{"embeddable":true,"href":"https:\/\/www.23stbeauty.com\/en\/wp-json\/wp\/v2\/comments?post=43226"}],"wp:featuredmedia":[{"embeddable":true,"href":"https:\/\/www.23stbeauty.com\/en\/wp-json\/wp\/v2\/media\/43234"}],"wp:attachment":[{"href":"https:\/\/www.23stbeauty.com\/en\/wp-json\/wp\/v2\/media?parent=43226"}],"wp:term":[{"taxonomy":"product_brand","embeddable":true,"href":"https:\/\/www.23stbeauty.com\/en\/wp-json\/wp\/v2\/product_brand?post=43226"},{"taxonomy":"product_cat","embeddable":true,"href":"https:\/\/www.23stbeauty.com\/en\/wp-json\/wp\/v2\/product_cat?post=43226"},{"taxonomy":"product_tag","embeddable":true,"href":"https:\/\/www.23stbeauty.com\/en\/wp-json\/wp\/v2\/product_tag?post=43226"}],"curies":[{"name":"wp","href":"https:\/\/api.w.org\/{rel}","templated":true}]}}