{"id":20600,"date":"2020-07-16T18:20:24","date_gmt":"2020-07-16T16:20:24","guid":{"rendered":"https:\/\/fabiom32.sg-host.com\/?post_type=product&#038;p=20600"},"modified":"2025-01-18T16:42:17","modified_gmt":"2025-01-18T15:42:17","slug":"leahlani-skincare-bless-beauty-balm-balsamo-viso-bio","status":"publish","type":"product","link":"https:\/\/www.23stbeauty.com\/it\/prodotto\/leahlani-skincare-bless-beauty-balm-balsamo-viso-bio\/","title":{"rendered":"Bless Beauty Balm"},"content":{"rendered":"<p>Leahlani Skincare presenta Bless Beauty Balm, un <strong>balsamo viso extra idratante<\/strong> dal <strong>profumo paradisiaco<\/strong>.<br \/>\nUn vero best seller, che <strong>nutre in profondit\u00e0<\/strong> la pelle, offrendo un comfort senza pari.<br \/>\nRende la pelle super morbida, levigata, mentre <strong>migliora l\u2019elasticit\u00e0 cutanea<\/strong>, contrastando linee sottili e rughe.<br \/>\nLa <strong>formula concentrata<\/strong> contiene ricchi <strong>burri biologici &amp; oli spremuti a freddo<\/strong>, che si fondono sulla cute in modo delicato, per nutrire, rassodare e rimpolpare la pelle del viso.<\/p>\n<ul>\n<li><strong>Olio di Argan biologico<\/strong><br \/>\nChiamato anche \u201coro liquido\u201d, \u00e8 ricco di vitamina E, antissiossandi &amp; acidi grassi. Offre un\u2019idratazione duratura e si assorbe magnificamente.<\/li>\n<li><strong>Olio di semi di Camelia biologico<\/strong><br \/>\nLeggero e ricco di antiossidanti, questo olio viso naturale protegge la pelle dai danni dei radicali liberi.<\/li>\n<li><strong>Rose Hip fruit<\/strong><br \/>\nRicco di vitamina C, il cinorrodo migliora l&#8217;elasticit\u00e0 cutanea ed uniforma l\u2019incarnato.<\/li>\n<li><strong>Burro di Karit\u00e8 &amp; Burro di Cacao biologici<\/strong><br \/>\nIl burro di cacao \u00e8 ricco di antiossidanti naturali ed acidi grassi che aiutano ad idratare in profondit\u00e0 la pelle. Il burro di karit\u00e8 stimola la produzione di collagene, nutre e protegge la pelle.<\/li>\n<li><strong>Olio di Moringa biologico<br \/>\n<\/strong>Chiamato &#8220;albero della vita&#8221;, l\u2019olio di moringa nutre e tonifica la pelle, mentre rallentare il processo di invecchiamento cutaneo grazie alla sua alta concentrazione di antiossidanti.<\/li>\n<\/ul>\n<p>Arricchito con <strong>olio di marula biologico<\/strong>, <strong>olio di maracuja biologico<\/strong> ed <strong>estratto di olio di orchidea<\/strong>.<br \/>\nIl profumo avvolge i tuoi sensi grazie alle dolci <strong>essenze aromaterapiche di<\/strong> <strong>fiori d&#8217;arancio e tanaceto blu<\/strong>.<br \/>\nQuesto lussuoso balsamo viso lascia la pelle liscia come seta ed \u00e8 <strong>privo di acqua<\/strong>.<\/p>\n<p>Ideale per la pelle secca, matura &amp; sensibile.<\/p>\n","protected":false},"excerpt":{"rendered":"<p>Setoso balsamo viso extra idratante<\/p>\n","protected":false},"featured_media":33703,"comment_status":"open","ping_status":"closed","template":"","meta":{"_acf_changed":false,"content-type":""},"product_brand":[],"product_cat":[100,104,92],"product_tag":[405,629,639],"class_list":{"0":"post-20600","1":"product","2":"type-product","3":"status-publish","4":"has-post-thumbnail","6":"solution-labbra-screpolate","7":"solution-linee-sottili-rughe","8":"solution-pelle-irritata","9":"formulation-balsamo","10":"extra-olistico","11":"extra-packaging-plastic-free","12":"extra-senza-alcool","13":"extra-senza-profumo","14":"extra-cosmesi-vegana","15":"skintype-pelle-matura","16":"skintype-pelle-secca","17":"skintype-pelle-sensibile","18":"trends-balsamo-viso","19":"product_cat-creme-oli-viso","20":"product_cat-rimedi-balms","21":"product_cat-skincare","22":"product_tag-leahlani-skincare","23":"product_tag-tesori-clean-beauty","24":"product_tag-tutti-i-regali-di-natale","25":"entry","27":"first","28":"outofstock","29":"taxable","30":"shipping-taxable","31":"purchasable","32":"product-type-simple"},"acf":[],"yoast_head":"<!-- This site is optimized with the Yoast SEO plugin v27.3 - https:\/\/yoast.com\/product\/yoast-seo-wordpress\/ -->\n<title>LEAHLANI Skincare &#8226; Bless Beauty Balm &#8226; Biologico &#8226; 23 St Beauty<\/title>\n<meta name=\"description\" content=\"Bless \u00e8 il balsamo viso naturale extra idratante dal profumo paradisiaco. Nutre in profondit\u00e0 e rende pelle morbida e levigata. Bio &amp; Vegan.\" \/>\n<meta name=\"robots\" content=\"index, follow\" \/>\n<link rel=\"canonical\" href=\"https:\/\/www.23stbeauty.com\/it\/prodotto\/leahlani-skincare-bless-beauty-balm-balsamo-viso-bio\/\" \/>\n<meta property=\"og:locale\" content=\"it_IT\" \/>\n<meta property=\"og:type\" content=\"article\" \/>\n<meta property=\"og:title\" content=\"LEAHLANI Skincare &#8226; Bless Beauty Balm &#8226; Biologico &#8226; 23 St Beauty\" \/>\n<meta property=\"og:description\" content=\"Bless \u00e8 il balsamo viso naturale extra idratante dal profumo paradisiaco. Nutre in profondit\u00e0 e rende pelle morbida e levigata. Bio &amp; Vegan.\" \/>\n<meta property=\"og:url\" content=\"https:\/\/www.23stbeauty.com\/it\/prodotto\/leahlani-skincare-bless-beauty-balm-balsamo-viso-bio\/\" \/>\n<meta property=\"og:site_name\" content=\"23 St Beauty\" \/>\n<meta property=\"article:publisher\" content=\"https:\/\/www.facebook.com\/23stbeauty\" \/>\n<meta property=\"article:modified_time\" content=\"2025-01-18T15:42:17+00:00\" \/>\n<meta property=\"og:image\" content=\"https:\/\/www.23stbeauty.com\/wp-content\/uploads\/2022\/03\/Bless-Beauty-Balm-Leahlani-Skincare-min.jpg\" \/>\n\t<meta property=\"og:image:width\" content=\"1000\" \/>\n\t<meta property=\"og:image:height\" content=\"1300\" \/>\n\t<meta property=\"og:image:type\" content=\"image\/jpeg\" \/>\n<meta name=\"twitter:card\" content=\"summary_large_image\" \/>\n<script type=\"application\/ld+json\" class=\"yoast-schema-graph\">{\"@context\":\"https:\\\/\\\/schema.org\",\"@graph\":[{\"@type\":\"WebPage\",\"@id\":\"https:\\\/\\\/www.23stbeauty.com\\\/it\\\/prodotto\\\/leahlani-skincare-bless-beauty-balm-balsamo-viso-bio\\\/\",\"url\":\"https:\\\/\\\/www.23stbeauty.com\\\/it\\\/prodotto\\\/leahlani-skincare-bless-beauty-balm-balsamo-viso-bio\\\/\",\"name\":\"LEAHLANI Skincare &#8226; Bless Beauty Balm &#8226; Biologico &#8226; 23 St Beauty\",\"isPartOf\":{\"@id\":\"https:\\\/\\\/www.23stbeauty.com\\\/it\\\/#website\"},\"primaryImageOfPage\":{\"@id\":\"https:\\\/\\\/www.23stbeauty.com\\\/it\\\/prodotto\\\/leahlani-skincare-bless-beauty-balm-balsamo-viso-bio\\\/#primaryimage\"},\"image\":{\"@id\":\"https:\\\/\\\/www.23stbeauty.com\\\/it\\\/prodotto\\\/leahlani-skincare-bless-beauty-balm-balsamo-viso-bio\\\/#primaryimage\"},\"thumbnailUrl\":\"https:\\\/\\\/www.23stbeauty.com\\\/wp-content\\\/uploads\\\/2022\\\/03\\\/Bless-Beauty-Balm-Leahlani-Skincare-min.jpg\",\"datePublished\":\"2020-07-16T16:20:24+00:00\",\"dateModified\":\"2025-01-18T15:42:17+00:00\",\"description\":\"Bless \u00e8 il balsamo viso naturale extra idratante dal profumo paradisiaco. Nutre in profondit\u00e0 e rende pelle morbida e levigata. Bio & Vegan.\",\"breadcrumb\":{\"@id\":\"https:\\\/\\\/www.23stbeauty.com\\\/it\\\/prodotto\\\/leahlani-skincare-bless-beauty-balm-balsamo-viso-bio\\\/#breadcrumb\"},\"inLanguage\":\"it-IT\",\"potentialAction\":[{\"@type\":\"ReadAction\",\"target\":[\"https:\\\/\\\/www.23stbeauty.com\\\/it\\\/prodotto\\\/leahlani-skincare-bless-beauty-balm-balsamo-viso-bio\\\/\"]}]},{\"@type\":\"ImageObject\",\"inLanguage\":\"it-IT\",\"@id\":\"https:\\\/\\\/www.23stbeauty.com\\\/it\\\/prodotto\\\/leahlani-skincare-bless-beauty-balm-balsamo-viso-bio\\\/#primaryimage\",\"url\":\"https:\\\/\\\/www.23stbeauty.com\\\/wp-content\\\/uploads\\\/2022\\\/03\\\/Bless-Beauty-Balm-Leahlani-Skincare-min.jpg\",\"contentUrl\":\"https:\\\/\\\/www.23stbeauty.com\\\/wp-content\\\/uploads\\\/2022\\\/03\\\/Bless-Beauty-Balm-Leahlani-Skincare-min.jpg\",\"width\":1000,\"height\":1300,\"caption\":\"Bless Beauty Balm Leahlani Skincare\"},{\"@type\":\"BreadcrumbList\",\"@id\":\"https:\\\/\\\/www.23stbeauty.com\\\/it\\\/prodotto\\\/leahlani-skincare-bless-beauty-balm-balsamo-viso-bio\\\/#breadcrumb\",\"itemListElement\":[{\"@type\":\"ListItem\",\"position\":1,\"name\":\"23 St Beauty\",\"item\":\"https:\\\/\\\/www.23stbeauty.com\\\/it\\\/\"},{\"@type\":\"ListItem\",\"position\":2,\"name\":\"Shop\",\"item\":\"https:\\\/\\\/www.23stbeauty.com\\\/it\\\/negozio\\\/\"},{\"@type\":\"ListItem\",\"position\":3,\"name\":\"SKIN CARE\",\"item\":\"https:\\\/\\\/www.23stbeauty.com\\\/it\\\/categoria-prodotto\\\/skincare\\\/\"},{\"@type\":\"ListItem\",\"position\":4,\"name\":\"Bless Beauty Balm\"}]},{\"@type\":\"WebSite\",\"@id\":\"https:\\\/\\\/www.23stbeauty.com\\\/it\\\/#website\",\"url\":\"https:\\\/\\\/www.23stbeauty.com\\\/it\\\/\",\"name\":\"23 St Beauty\",\"description\":\"Luxury Conscious Beauty tailored to you.\",\"publisher\":{\"@id\":\"https:\\\/\\\/www.23stbeauty.com\\\/it\\\/#organization\"},\"potentialAction\":[{\"@type\":\"SearchAction\",\"target\":{\"@type\":\"EntryPoint\",\"urlTemplate\":\"https:\\\/\\\/www.23stbeauty.com\\\/it\\\/?s={search_term_string}\"},\"query-input\":{\"@type\":\"PropertyValueSpecification\",\"valueRequired\":true,\"valueName\":\"search_term_string\"}}],\"inLanguage\":\"it-IT\"},{\"@type\":\"Organization\",\"@id\":\"https:\\\/\\\/www.23stbeauty.com\\\/it\\\/#organization\",\"name\":\"23 St Beauty\",\"url\":\"https:\\\/\\\/www.23stbeauty.com\\\/it\\\/\",\"logo\":{\"@type\":\"ImageObject\",\"inLanguage\":\"it-IT\",\"@id\":\"https:\\\/\\\/www.23stbeauty.com\\\/it\\\/#\\\/schema\\\/logo\\\/image\\\/\",\"url\":\"https:\\\/\\\/23stbeauty.com\\\/wp-content\\\/uploads\\\/2019\\\/08\\\/logo.png\",\"contentUrl\":\"https:\\\/\\\/23stbeauty.com\\\/wp-content\\\/uploads\\\/2019\\\/08\\\/logo.png\",\"width\":160,\"height\":158,\"caption\":\"23 St Beauty\"},\"image\":{\"@id\":\"https:\\\/\\\/www.23stbeauty.com\\\/it\\\/#\\\/schema\\\/logo\\\/image\\\/\"},\"sameAs\":[\"https:\\\/\\\/www.facebook.com\\\/23stbeauty\",\"https:\\\/\\\/www.instagram.com\\\/23stbeauty\\\/\",\"https:\\\/\\\/www.pinterest.it\\\/23stbeauty\\\/\",\"https:\\\/\\\/www.youtube.com\\\/channel\\\/UCjj3m3ULwK4_-ji8yUpV3UA\"]}]}<\/script>\n<!-- \/ Yoast SEO plugin. -->","yoast_head_json":{"title":"LEAHLANI Skincare &#8226; Bless Beauty Balm &#8226; Biologico &#8226; 23 St Beauty","description":"Bless \u00e8 il balsamo viso naturale extra idratante dal profumo paradisiaco. Nutre in profondit\u00e0 e rende pelle morbida e levigata. Bio & Vegan.","robots":{"index":"index","follow":"follow"},"canonical":"https:\/\/www.23stbeauty.com\/it\/prodotto\/leahlani-skincare-bless-beauty-balm-balsamo-viso-bio\/","og_locale":"it_IT","og_type":"article","og_title":"LEAHLANI Skincare &#8226; Bless Beauty Balm &#8226; Biologico &#8226; 23 St Beauty","og_description":"Bless \u00e8 il balsamo viso naturale extra idratante dal profumo paradisiaco. Nutre in profondit\u00e0 e rende pelle morbida e levigata. Bio & Vegan.","og_url":"https:\/\/www.23stbeauty.com\/it\/prodotto\/leahlani-skincare-bless-beauty-balm-balsamo-viso-bio\/","og_site_name":"23 St Beauty","article_publisher":"https:\/\/www.facebook.com\/23stbeauty","article_modified_time":"2025-01-18T15:42:17+00:00","og_image":[{"width":1000,"height":1300,"url":"https:\/\/www.23stbeauty.com\/wp-content\/uploads\/2022\/03\/Bless-Beauty-Balm-Leahlani-Skincare-min.jpg","type":"image\/jpeg"}],"twitter_card":"summary_large_image","schema":{"@context":"https:\/\/schema.org","@graph":[{"@type":"WebPage","@id":"https:\/\/www.23stbeauty.com\/it\/prodotto\/leahlani-skincare-bless-beauty-balm-balsamo-viso-bio\/","url":"https:\/\/www.23stbeauty.com\/it\/prodotto\/leahlani-skincare-bless-beauty-balm-balsamo-viso-bio\/","name":"LEAHLANI Skincare &#8226; Bless Beauty Balm &#8226; Biologico &#8226; 23 St Beauty","isPartOf":{"@id":"https:\/\/www.23stbeauty.com\/it\/#website"},"primaryImageOfPage":{"@id":"https:\/\/www.23stbeauty.com\/it\/prodotto\/leahlani-skincare-bless-beauty-balm-balsamo-viso-bio\/#primaryimage"},"image":{"@id":"https:\/\/www.23stbeauty.com\/it\/prodotto\/leahlani-skincare-bless-beauty-balm-balsamo-viso-bio\/#primaryimage"},"thumbnailUrl":"https:\/\/www.23stbeauty.com\/wp-content\/uploads\/2022\/03\/Bless-Beauty-Balm-Leahlani-Skincare-min.jpg","datePublished":"2020-07-16T16:20:24+00:00","dateModified":"2025-01-18T15:42:17+00:00","description":"Bless \u00e8 il balsamo viso naturale extra idratante dal profumo paradisiaco. Nutre in profondit\u00e0 e rende pelle morbida e levigata. Bio & Vegan.","breadcrumb":{"@id":"https:\/\/www.23stbeauty.com\/it\/prodotto\/leahlani-skincare-bless-beauty-balm-balsamo-viso-bio\/#breadcrumb"},"inLanguage":"it-IT","potentialAction":[{"@type":"ReadAction","target":["https:\/\/www.23stbeauty.com\/it\/prodotto\/leahlani-skincare-bless-beauty-balm-balsamo-viso-bio\/"]}]},{"@type":"ImageObject","inLanguage":"it-IT","@id":"https:\/\/www.23stbeauty.com\/it\/prodotto\/leahlani-skincare-bless-beauty-balm-balsamo-viso-bio\/#primaryimage","url":"https:\/\/www.23stbeauty.com\/wp-content\/uploads\/2022\/03\/Bless-Beauty-Balm-Leahlani-Skincare-min.jpg","contentUrl":"https:\/\/www.23stbeauty.com\/wp-content\/uploads\/2022\/03\/Bless-Beauty-Balm-Leahlani-Skincare-min.jpg","width":1000,"height":1300,"caption":"Bless Beauty Balm Leahlani Skincare"},{"@type":"BreadcrumbList","@id":"https:\/\/www.23stbeauty.com\/it\/prodotto\/leahlani-skincare-bless-beauty-balm-balsamo-viso-bio\/#breadcrumb","itemListElement":[{"@type":"ListItem","position":1,"name":"23 St Beauty","item":"https:\/\/www.23stbeauty.com\/it\/"},{"@type":"ListItem","position":2,"name":"Shop","item":"https:\/\/www.23stbeauty.com\/it\/negozio\/"},{"@type":"ListItem","position":3,"name":"SKIN CARE","item":"https:\/\/www.23stbeauty.com\/it\/categoria-prodotto\/skincare\/"},{"@type":"ListItem","position":4,"name":"Bless Beauty Balm"}]},{"@type":"WebSite","@id":"https:\/\/www.23stbeauty.com\/it\/#website","url":"https:\/\/www.23stbeauty.com\/it\/","name":"23 St Beauty","description":"Luxury Conscious Beauty tailored to you.","publisher":{"@id":"https:\/\/www.23stbeauty.com\/it\/#organization"},"potentialAction":[{"@type":"SearchAction","target":{"@type":"EntryPoint","urlTemplate":"https:\/\/www.23stbeauty.com\/it\/?s={search_term_string}"},"query-input":{"@type":"PropertyValueSpecification","valueRequired":true,"valueName":"search_term_string"}}],"inLanguage":"it-IT"},{"@type":"Organization","@id":"https:\/\/www.23stbeauty.com\/it\/#organization","name":"23 St Beauty","url":"https:\/\/www.23stbeauty.com\/it\/","logo":{"@type":"ImageObject","inLanguage":"it-IT","@id":"https:\/\/www.23stbeauty.com\/it\/#\/schema\/logo\/image\/","url":"https:\/\/23stbeauty.com\/wp-content\/uploads\/2019\/08\/logo.png","contentUrl":"https:\/\/23stbeauty.com\/wp-content\/uploads\/2019\/08\/logo.png","width":160,"height":158,"caption":"23 St Beauty"},"image":{"@id":"https:\/\/www.23stbeauty.com\/it\/#\/schema\/logo\/image\/"},"sameAs":["https:\/\/www.facebook.com\/23stbeauty","https:\/\/www.instagram.com\/23stbeauty\/","https:\/\/www.pinterest.it\/23stbeauty\/","https:\/\/www.youtube.com\/channel\/UCjj3m3ULwK4_-ji8yUpV3UA"]}]}},"_links":{"self":[{"href":"https:\/\/www.23stbeauty.com\/it\/wp-json\/wp\/v2\/product\/20600","targetHints":{"allow":["GET"]}}],"collection":[{"href":"https:\/\/www.23stbeauty.com\/it\/wp-json\/wp\/v2\/product"}],"about":[{"href":"https:\/\/www.23stbeauty.com\/it\/wp-json\/wp\/v2\/types\/product"}],"replies":[{"embeddable":true,"href":"https:\/\/www.23stbeauty.com\/it\/wp-json\/wp\/v2\/comments?post=20600"}],"wp:featuredmedia":[{"embeddable":true,"href":"https:\/\/www.23stbeauty.com\/it\/wp-json\/wp\/v2\/media\/33703"}],"wp:attachment":[{"href":"https:\/\/www.23stbeauty.com\/it\/wp-json\/wp\/v2\/media?parent=20600"}],"wp:term":[{"taxonomy":"product_brand","embeddable":true,"href":"https:\/\/www.23stbeauty.com\/it\/wp-json\/wp\/v2\/product_brand?post=20600"},{"taxonomy":"product_cat","embeddable":true,"href":"https:\/\/www.23stbeauty.com\/it\/wp-json\/wp\/v2\/product_cat?post=20600"},{"taxonomy":"product_tag","embeddable":true,"href":"https:\/\/www.23stbeauty.com\/it\/wp-json\/wp\/v2\/product_tag?post=20600"}],"curies":[{"name":"wp","href":"https:\/\/api.w.org\/{rel}","templated":true}]}}