{"id":25612,"date":"2021-02-04T00:12:08","date_gmt":"2021-02-03T23:12:08","guid":{"rendered":"https:\/\/fabiom32.sg-host.com\/?post_type=product&#038;p=25612"},"modified":"2025-04-11T14:26:43","modified_gmt":"2025-04-11T12:26:43","slug":"likami-crema-esfoliante-viso-naturale","status":"publish","type":"product","link":"https:\/\/www.23stbeauty.com\/it\/prodotto\/likami-crema-esfoliante-viso-naturale\/","title":{"rendered":"Crema Esfoliante Viso"},"content":{"rendered":"<p>Scopri una <strong>esfoliante viso naturale in crema<\/strong>, che esfolia con delicatezza la tua pelle.<br \/>\nLa texture morbida e piacevole crea un\u2019emulsione che <strong>rimuove le impurit\u00e0<\/strong> e le <strong>cellule morte della cute<\/strong>, stimolando la rigenerazione cellulare &#8211; senza danneggiare o seccare la pelle!<br \/>\nLa formula \u00e8 ricca di <strong>ingredienti attivi naturali<\/strong>, come:<\/p>\n<ul>\n<li><strong>T\u00e8 verde<br \/>\n<\/strong><em>(Estratto di foglie di Camellia sinensis + olio di semi di Camellia oleifera)<\/em><br \/>\nGrazie al suo <strong>potere antiossidante<\/strong>, questo ingredienti naturale aiuta a proteggere la pelle dagli effetti dannosi dei radicali liberi, ritardando l&#8217;invecchiamento cutaneo. \u00c8 inoltre dimostrato che il t\u00e8 verde \u00e8 un ottimo <strong>antinfiammatorio<\/strong> ed antimicrobico. Grazie a queste preziose propriet\u00e0 \u00e8 un&#8217;ottima scelta in caso di <strong>rosacea<\/strong>, <strong>acne<\/strong> e <strong>dermatite<\/strong>.<\/li>\n<li><strong>Caff\u00e8 verde<br \/>\n<\/strong><em>(Estratto dai semi crudi di Coffea arabica)<\/em><br \/>\nIdratante, nutriente e tonificante, questo ingrediente ha <strong>propriet\u00e0 antiossidanti<\/strong> &amp; <strong>rigeneranti<\/strong>, ideali per tutti i tipi di pelle, specialmente quella matura.<\/li>\n<li><strong>Acido polilattico<br \/>\n<\/strong><em>(Da amido di mais)<\/em><br \/>\nDissolve le cellule morte della cute, lasciando la <strong>pelle fresca e rivitalizzata<\/strong>. Aiuta la pelle a respirare ed incoraggia il corretto rinnovamento dell&#8217;epidermide.<\/li>\n<\/ul>\n<p>Con l\u2019aggiunta di <strong>semi di albicocca<\/strong>, <strong>estratto di limone<\/strong> &amp; <strong>vitamina E<\/strong>.<br \/>\nEsfolia istantaneamente rivelando una <strong>pelle pi\u00f9 morbida<\/strong>, <strong>radiosa<\/strong> e <strong>liscia<\/strong>, perfettamente preparata per l&#8217;idratazione.<br \/>\nIdeale per tutti i tipi di pelle, anche sensibile.<\/p>\n","protected":false},"excerpt":{"rendered":"<p>Con t\u00e8 verde, semi di albicocca &amp; caff\u00e8 verde<\/p>\n","protected":false},"featured_media":43114,"comment_status":"open","ping_status":"closed","template":"","meta":{"_acf_changed":false,"content-type":""},"product_brand":[],"product_cat":[102,92,108],"product_tag":[406,628,729],"class_list":{"0":"post-25612","1":"product","2":"type-product","3":"status-publish","4":"has-post-thumbnail","6":"solution-acne","7":"solution-imperfezioni-pori-dilatati","8":"solution-linee-sottili-rughe","9":"solution-pelle-spenta-e-opaca","10":"formulation-crema","11":"formulation-granuli","12":"extra-genderless","13":"extra-senza-alcool","14":"extra-senza-profumo","15":"extra-cosmesi-vegana","16":"skintype-pelle-combinata","17":"skintype-pelle-grassa","18":"skintype-pelle-matura","19":"skintype-pelle-normale","20":"skintype-pelle-secca","21":"skintype-pelle-sensibile","22":"trends-antiacne","23":"trends-crema-esfoliante","24":"product_cat-esfolianti-viso","25":"product_cat-skincare","26":"product_cat-uomo","27":"product_tag-likami","28":"product_tag-natale-green","29":"product_tag-prodotti-planet-friendly-tutti-i-regali","30":"entry","32":"first","33":"instock","34":"taxable","35":"shipping-taxable","36":"purchasable","37":"product-type-simple"},"acf":[],"yoast_head":"<!-- This site is optimized with the Yoast SEO plugin v27.3 - https:\/\/yoast.com\/product\/yoast-seo-wordpress\/ -->\n<title>Crema Esfoliante Viso Likami &#8226; Skin Care Naturale &#8226; 23 St Beauty<\/title>\n<meta name=\"description\" content=\"A differenza degli scrub tradizionali, questa crema esfoliante viso naturale e delicata, rimuove le cellule morte senza danneggiare la barriera cutanea.\" \/>\n<meta name=\"robots\" content=\"index, follow\" \/>\n<link rel=\"canonical\" href=\"https:\/\/www.23stbeauty.com\/it\/prodotto\/likami-crema-esfoliante-viso-naturale\/\" \/>\n<meta property=\"og:locale\" content=\"it_IT\" \/>\n<meta property=\"og:type\" content=\"article\" \/>\n<meta property=\"og:title\" content=\"Crema Esfoliante Viso Likami &#8226; Skin Care Naturale &#8226; 23 St Beauty\" \/>\n<meta property=\"og:description\" content=\"A differenza degli scrub tradizionali, questa crema esfoliante viso naturale e delicata, rimuove le cellule morte senza danneggiare la barriera cutanea.\" \/>\n<meta property=\"og:url\" content=\"https:\/\/www.23stbeauty.com\/it\/prodotto\/likami-crema-esfoliante-viso-naturale\/\" \/>\n<meta property=\"og:site_name\" content=\"23 St Beauty\" \/>\n<meta property=\"article:publisher\" content=\"https:\/\/www.facebook.com\/23stbeauty\" \/>\n<meta property=\"article:modified_time\" content=\"2025-04-11T12:26:43+00:00\" \/>\n<meta property=\"og:image\" content=\"https:\/\/www.23stbeauty.com\/wp-content\/uploads\/2021\/02\/crema-esfoliante-viso-likami-min.jpg\" \/>\n\t<meta property=\"og:image:width\" content=\"1000\" \/>\n\t<meta property=\"og:image:height\" content=\"1300\" \/>\n\t<meta property=\"og:image:type\" content=\"image\/jpeg\" \/>\n<meta name=\"twitter:card\" content=\"summary_large_image\" \/>\n<script type=\"application\/ld+json\" class=\"yoast-schema-graph\">{\"@context\":\"https:\\\/\\\/schema.org\",\"@graph\":[{\"@type\":\"WebPage\",\"@id\":\"https:\\\/\\\/www.23stbeauty.com\\\/it\\\/prodotto\\\/likami-crema-esfoliante-viso-naturale\\\/\",\"url\":\"https:\\\/\\\/www.23stbeauty.com\\\/it\\\/prodotto\\\/likami-crema-esfoliante-viso-naturale\\\/\",\"name\":\"Crema Esfoliante Viso Likami &#8226; Skin Care Naturale &#8226; 23 St Beauty\",\"isPartOf\":{\"@id\":\"https:\\\/\\\/www.23stbeauty.com\\\/it\\\/#website\"},\"primaryImageOfPage\":{\"@id\":\"https:\\\/\\\/www.23stbeauty.com\\\/it\\\/prodotto\\\/likami-crema-esfoliante-viso-naturale\\\/#primaryimage\"},\"image\":{\"@id\":\"https:\\\/\\\/www.23stbeauty.com\\\/it\\\/prodotto\\\/likami-crema-esfoliante-viso-naturale\\\/#primaryimage\"},\"thumbnailUrl\":\"https:\\\/\\\/www.23stbeauty.com\\\/wp-content\\\/uploads\\\/2021\\\/02\\\/crema-esfoliante-viso-likami-min.jpg\",\"datePublished\":\"2021-02-03T23:12:08+00:00\",\"dateModified\":\"2025-04-11T12:26:43+00:00\",\"description\":\"A differenza degli scrub tradizionali, questa crema esfoliante viso naturale e delicata, rimuove le cellule morte senza danneggiare la barriera cutanea.\",\"breadcrumb\":{\"@id\":\"https:\\\/\\\/www.23stbeauty.com\\\/it\\\/prodotto\\\/likami-crema-esfoliante-viso-naturale\\\/#breadcrumb\"},\"inLanguage\":\"it-IT\",\"potentialAction\":[{\"@type\":\"ReadAction\",\"target\":[\"https:\\\/\\\/www.23stbeauty.com\\\/it\\\/prodotto\\\/likami-crema-esfoliante-viso-naturale\\\/\"]}]},{\"@type\":\"ImageObject\",\"inLanguage\":\"it-IT\",\"@id\":\"https:\\\/\\\/www.23stbeauty.com\\\/it\\\/prodotto\\\/likami-crema-esfoliante-viso-naturale\\\/#primaryimage\",\"url\":\"https:\\\/\\\/www.23stbeauty.com\\\/wp-content\\\/uploads\\\/2021\\\/02\\\/crema-esfoliante-viso-likami-min.jpg\",\"contentUrl\":\"https:\\\/\\\/www.23stbeauty.com\\\/wp-content\\\/uploads\\\/2021\\\/02\\\/crema-esfoliante-viso-likami-min.jpg\",\"width\":1000,\"height\":1300,\"caption\":\"crema viso esfoliante likami skincare\"},{\"@type\":\"BreadcrumbList\",\"@id\":\"https:\\\/\\\/www.23stbeauty.com\\\/it\\\/prodotto\\\/likami-crema-esfoliante-viso-naturale\\\/#breadcrumb\",\"itemListElement\":[{\"@type\":\"ListItem\",\"position\":1,\"name\":\"23 St Beauty\",\"item\":\"https:\\\/\\\/www.23stbeauty.com\\\/it\\\/\"},{\"@type\":\"ListItem\",\"position\":2,\"name\":\"Shop\",\"item\":\"https:\\\/\\\/www.23stbeauty.com\\\/it\\\/negozio\\\/\"},{\"@type\":\"ListItem\",\"position\":3,\"name\":\"SKIN CARE\",\"item\":\"https:\\\/\\\/www.23stbeauty.com\\\/it\\\/categoria-prodotto\\\/skincare\\\/\"},{\"@type\":\"ListItem\",\"position\":4,\"name\":\"Crema Esfoliante Viso\"}]},{\"@type\":\"WebSite\",\"@id\":\"https:\\\/\\\/www.23stbeauty.com\\\/it\\\/#website\",\"url\":\"https:\\\/\\\/www.23stbeauty.com\\\/it\\\/\",\"name\":\"23 St Beauty\",\"description\":\"Luxury Conscious Beauty tailored to you.\",\"publisher\":{\"@id\":\"https:\\\/\\\/www.23stbeauty.com\\\/it\\\/#organization\"},\"potentialAction\":[{\"@type\":\"SearchAction\",\"target\":{\"@type\":\"EntryPoint\",\"urlTemplate\":\"https:\\\/\\\/www.23stbeauty.com\\\/it\\\/?s={search_term_string}\"},\"query-input\":{\"@type\":\"PropertyValueSpecification\",\"valueRequired\":true,\"valueName\":\"search_term_string\"}}],\"inLanguage\":\"it-IT\"},{\"@type\":\"Organization\",\"@id\":\"https:\\\/\\\/www.23stbeauty.com\\\/it\\\/#organization\",\"name\":\"23 St Beauty\",\"url\":\"https:\\\/\\\/www.23stbeauty.com\\\/it\\\/\",\"logo\":{\"@type\":\"ImageObject\",\"inLanguage\":\"it-IT\",\"@id\":\"https:\\\/\\\/www.23stbeauty.com\\\/it\\\/#\\\/schema\\\/logo\\\/image\\\/\",\"url\":\"https:\\\/\\\/23stbeauty.com\\\/wp-content\\\/uploads\\\/2019\\\/08\\\/logo.png\",\"contentUrl\":\"https:\\\/\\\/23stbeauty.com\\\/wp-content\\\/uploads\\\/2019\\\/08\\\/logo.png\",\"width\":160,\"height\":158,\"caption\":\"23 St Beauty\"},\"image\":{\"@id\":\"https:\\\/\\\/www.23stbeauty.com\\\/it\\\/#\\\/schema\\\/logo\\\/image\\\/\"},\"sameAs\":[\"https:\\\/\\\/www.facebook.com\\\/23stbeauty\",\"https:\\\/\\\/www.instagram.com\\\/23stbeauty\\\/\",\"https:\\\/\\\/www.pinterest.it\\\/23stbeauty\\\/\",\"https:\\\/\\\/www.youtube.com\\\/channel\\\/UCjj3m3ULwK4_-ji8yUpV3UA\"]}]}<\/script>\n<!-- \/ Yoast SEO plugin. -->","yoast_head_json":{"title":"Crema Esfoliante Viso Likami &#8226; Skin Care Naturale &#8226; 23 St Beauty","description":"A differenza degli scrub tradizionali, questa crema esfoliante viso naturale e delicata, rimuove le cellule morte senza danneggiare la barriera cutanea.","robots":{"index":"index","follow":"follow"},"canonical":"https:\/\/www.23stbeauty.com\/it\/prodotto\/likami-crema-esfoliante-viso-naturale\/","og_locale":"it_IT","og_type":"article","og_title":"Crema Esfoliante Viso Likami &#8226; Skin Care Naturale &#8226; 23 St Beauty","og_description":"A differenza degli scrub tradizionali, questa crema esfoliante viso naturale e delicata, rimuove le cellule morte senza danneggiare la barriera cutanea.","og_url":"https:\/\/www.23stbeauty.com\/it\/prodotto\/likami-crema-esfoliante-viso-naturale\/","og_site_name":"23 St Beauty","article_publisher":"https:\/\/www.facebook.com\/23stbeauty","article_modified_time":"2025-04-11T12:26:43+00:00","og_image":[{"width":1000,"height":1300,"url":"https:\/\/www.23stbeauty.com\/wp-content\/uploads\/2021\/02\/crema-esfoliante-viso-likami-min.jpg","type":"image\/jpeg"}],"twitter_card":"summary_large_image","schema":{"@context":"https:\/\/schema.org","@graph":[{"@type":"WebPage","@id":"https:\/\/www.23stbeauty.com\/it\/prodotto\/likami-crema-esfoliante-viso-naturale\/","url":"https:\/\/www.23stbeauty.com\/it\/prodotto\/likami-crema-esfoliante-viso-naturale\/","name":"Crema Esfoliante Viso Likami &#8226; Skin Care Naturale &#8226; 23 St Beauty","isPartOf":{"@id":"https:\/\/www.23stbeauty.com\/it\/#website"},"primaryImageOfPage":{"@id":"https:\/\/www.23stbeauty.com\/it\/prodotto\/likami-crema-esfoliante-viso-naturale\/#primaryimage"},"image":{"@id":"https:\/\/www.23stbeauty.com\/it\/prodotto\/likami-crema-esfoliante-viso-naturale\/#primaryimage"},"thumbnailUrl":"https:\/\/www.23stbeauty.com\/wp-content\/uploads\/2021\/02\/crema-esfoliante-viso-likami-min.jpg","datePublished":"2021-02-03T23:12:08+00:00","dateModified":"2025-04-11T12:26:43+00:00","description":"A differenza degli scrub tradizionali, questa crema esfoliante viso naturale e delicata, rimuove le cellule morte senza danneggiare la barriera cutanea.","breadcrumb":{"@id":"https:\/\/www.23stbeauty.com\/it\/prodotto\/likami-crema-esfoliante-viso-naturale\/#breadcrumb"},"inLanguage":"it-IT","potentialAction":[{"@type":"ReadAction","target":["https:\/\/www.23stbeauty.com\/it\/prodotto\/likami-crema-esfoliante-viso-naturale\/"]}]},{"@type":"ImageObject","inLanguage":"it-IT","@id":"https:\/\/www.23stbeauty.com\/it\/prodotto\/likami-crema-esfoliante-viso-naturale\/#primaryimage","url":"https:\/\/www.23stbeauty.com\/wp-content\/uploads\/2021\/02\/crema-esfoliante-viso-likami-min.jpg","contentUrl":"https:\/\/www.23stbeauty.com\/wp-content\/uploads\/2021\/02\/crema-esfoliante-viso-likami-min.jpg","width":1000,"height":1300,"caption":"crema viso esfoliante likami skincare"},{"@type":"BreadcrumbList","@id":"https:\/\/www.23stbeauty.com\/it\/prodotto\/likami-crema-esfoliante-viso-naturale\/#breadcrumb","itemListElement":[{"@type":"ListItem","position":1,"name":"23 St Beauty","item":"https:\/\/www.23stbeauty.com\/it\/"},{"@type":"ListItem","position":2,"name":"Shop","item":"https:\/\/www.23stbeauty.com\/it\/negozio\/"},{"@type":"ListItem","position":3,"name":"SKIN CARE","item":"https:\/\/www.23stbeauty.com\/it\/categoria-prodotto\/skincare\/"},{"@type":"ListItem","position":4,"name":"Crema Esfoliante Viso"}]},{"@type":"WebSite","@id":"https:\/\/www.23stbeauty.com\/it\/#website","url":"https:\/\/www.23stbeauty.com\/it\/","name":"23 St Beauty","description":"Luxury Conscious Beauty tailored to you.","publisher":{"@id":"https:\/\/www.23stbeauty.com\/it\/#organization"},"potentialAction":[{"@type":"SearchAction","target":{"@type":"EntryPoint","urlTemplate":"https:\/\/www.23stbeauty.com\/it\/?s={search_term_string}"},"query-input":{"@type":"PropertyValueSpecification","valueRequired":true,"valueName":"search_term_string"}}],"inLanguage":"it-IT"},{"@type":"Organization","@id":"https:\/\/www.23stbeauty.com\/it\/#organization","name":"23 St Beauty","url":"https:\/\/www.23stbeauty.com\/it\/","logo":{"@type":"ImageObject","inLanguage":"it-IT","@id":"https:\/\/www.23stbeauty.com\/it\/#\/schema\/logo\/image\/","url":"https:\/\/23stbeauty.com\/wp-content\/uploads\/2019\/08\/logo.png","contentUrl":"https:\/\/23stbeauty.com\/wp-content\/uploads\/2019\/08\/logo.png","width":160,"height":158,"caption":"23 St Beauty"},"image":{"@id":"https:\/\/www.23stbeauty.com\/it\/#\/schema\/logo\/image\/"},"sameAs":["https:\/\/www.facebook.com\/23stbeauty","https:\/\/www.instagram.com\/23stbeauty\/","https:\/\/www.pinterest.it\/23stbeauty\/","https:\/\/www.youtube.com\/channel\/UCjj3m3ULwK4_-ji8yUpV3UA"]}]}},"_links":{"self":[{"href":"https:\/\/www.23stbeauty.com\/it\/wp-json\/wp\/v2\/product\/25612","targetHints":{"allow":["GET"]}}],"collection":[{"href":"https:\/\/www.23stbeauty.com\/it\/wp-json\/wp\/v2\/product"}],"about":[{"href":"https:\/\/www.23stbeauty.com\/it\/wp-json\/wp\/v2\/types\/product"}],"replies":[{"embeddable":true,"href":"https:\/\/www.23stbeauty.com\/it\/wp-json\/wp\/v2\/comments?post=25612"}],"wp:featuredmedia":[{"embeddable":true,"href":"https:\/\/www.23stbeauty.com\/it\/wp-json\/wp\/v2\/media\/43114"}],"wp:attachment":[{"href":"https:\/\/www.23stbeauty.com\/it\/wp-json\/wp\/v2\/media?parent=25612"}],"wp:term":[{"taxonomy":"product_brand","embeddable":true,"href":"https:\/\/www.23stbeauty.com\/it\/wp-json\/wp\/v2\/product_brand?post=25612"},{"taxonomy":"product_cat","embeddable":true,"href":"https:\/\/www.23stbeauty.com\/it\/wp-json\/wp\/v2\/product_cat?post=25612"},{"taxonomy":"product_tag","embeddable":true,"href":"https:\/\/www.23stbeauty.com\/it\/wp-json\/wp\/v2\/product_tag?post=25612"}],"curies":[{"name":"wp","href":"https:\/\/api.w.org\/{rel}","templated":true}]}}