{"id":25825,"date":"2021-02-16T17:03:52","date_gmt":"2021-02-16T16:03:52","guid":{"rendered":"https:\/\/fabiom32.sg-host.com\/?post_type=product&#038;p=25825"},"modified":"2025-03-09T13:17:03","modified_gmt":"2025-03-09T12:17:03","slug":"federa-in-seta-rosa-artem-luxe","status":"publish","type":"product","link":"https:\/\/www.23stbeauty.com\/it\/prodotto\/federa-in-seta-rosa-artem-luxe\/","title":{"rendered":"Federa in Seta Rosa"},"content":{"rendered":"<p>Elegante, morbida e confortevole, realizzata solo con <strong>pura seta di gelso di grado 6A<\/strong>, del peso di 19 momme &#8211; con una finitura charmeuse.<br \/>\nLa federa in seta \u00e8 l\u2019accessorio <em>must-have<\/em> che garantisce un sonno di bellezza dai <strong>molteplici benefici per la salute<\/strong>, <strong>la pelle<\/strong> &amp; <strong>i capelli<\/strong>.<\/p>\n<p><strong>100% naturale &amp; Skin-Friendly<\/strong>, la seta \u00e8 super delicata sulla pelle (47% pi\u00f9 del cotone) ed \u00e8 parte integrante di una <strong>sana beauty routine<\/strong>. Perch\u00e8?<\/p>\n<ul>\n<li>Non assorbe i prodotti come creme e oli viso applicati sulla pelle prima di coricarsi, che possono quindi continuare ad agire durante la notte.<\/li>\n<li>Ha <strong>propriet\u00e0 antibatteriche<\/strong> e permette alla pelle di trattenere l\u2019umidit\u00e0, lasciandola cos\u00ec morbida, idratata &amp; luminosa.<\/li>\n<li>Naturalmente <strong>ipoallergenica<\/strong>, <strong>traspirante<\/strong> e <strong>termoregolatrice<\/strong>, riduce la sudorazione notturna e crea un ambiente di comfort ideale per un sonno profondo e ristoratore.<\/li>\n<li>Proteggere anche le <strong>ciglia<\/strong>, promuovendo la crescita ed evitando la rottura.<\/li>\n<\/ul>\n<p>Questa federa misura 75 x 50 cm. Stile housewife con chiusura a busta.<br \/>\n<strong>Certificata toxin-free<\/strong> &amp; STANDARD 100 da <strong>OEKO-TEX\u00ae<\/strong>.<br \/>\nSemplice da<strong> lavare a mano<\/strong> o <strong>in lavatrice<\/strong>.<\/p>\n<ul>\n<li style=\"list-style-type: none;\"><\/li>\n<\/ul>\n<p><img loading=\"lazy\" decoding=\"async\" class=\"size-medium aligncenter\" src=\"https:\/\/cdn.shopify.com\/s\/files\/1\/0059\/3421\/9382\/files\/oeko_tex_standard_160x160@2x.jpg?v=1613673333\" alt=\"oeko tex standard certificazione\" width=\"320\" height=\"177\" \/><\/p>\n<div id=\"pressrelease-link-25825\" class=\"sh-link pressrelease-link sh-hide\"><a href=\"#\" onclick=\"showhide_toggle('pressrelease', 25825, 'CONTINUA A LEGGERE + ', ''); return false;\" aria-expanded=\"false\"><span id=\"pressrelease-toggle-25825\">CONTINUA A LEGGERE + <\/span><\/a><\/div><div id=\"pressrelease-content-25825\" class=\"sh-content pressrelease-content sh-hide\" style=\"display: none;\"><br \/>\nLa seta \u00e8 la scelta ideale per chiunque abbia una <strong>pelle problematica<\/strong> e\/o <strong>sensibile<\/strong>.<br \/>\nDormire sulla seta di gelso \u00e8 un vero toccasana anche per i <strong>capelli<\/strong>:<\/p>\n<ul>\n<li>Mantiene l\u2019acconciatura pi\u00f9 a lungo.<\/li>\n<li>\u00c8 scientificamente provato che la seta <strong>blocca il 43% dell&#8217;attrito<\/strong>, prevenendo cos\u00ec l\u2019effetto crespo e contrastando la rottura dei capelli e la creazione di nodi.<\/li>\n<li>Rende la tua <strong>chioma pi\u00f9 liscia<\/strong>, morbida &amp; lucente.<\/li>\n<\/ul>\n<p><\/div>\n","protected":false},"excerpt":{"rendered":"<p>Il segreto di bellezza per pelle &amp; capelli luminosi e sani<\/p>\n","protected":false},"featured_media":25808,"comment_status":"open","ping_status":"closed","template":"","meta":{"_acf_changed":false,"content-type":""},"product_brand":[],"product_cat":[105,370,365,92,371],"product_tag":[394,635,629,639],"class_list":{"0":"post-25825","1":"product","2":"type-product","3":"status-publish","4":"has-post-thumbnail","6":"solution-acne","7":"solution-linee-sottili-rughe","8":"solution-pelle-irritata","9":"solution-couperose-rosacea","10":"extra-adatto-alla-gravidanza","11":"extra-packaging-plastic-free","12":"extra-prodotto-certificato","13":"trends-beauty-sleep","14":"product_cat-accessori-viso","15":"product_cat-home-decor-complementi-arredo-design","16":"product_cat-lifestyle","17":"product_cat-skincare","18":"product_cat-textiles-mascherine-in-seta-e-federe","19":"product_tag-artem-luxe","20":"product_tag-i-pensieretti-idee-regalo-sotto-i-50-euro","21":"product_tag-tesori-clean-beauty","22":"product_tag-tutti-i-regali-di-natale","23":"entry","25":"first","26":"outofstock","27":"taxable","28":"shipping-taxable","29":"purchasable","30":"product-type-simple"},"acf":[],"yoast_head":"<!-- This site is optimized with the Yoast SEO plugin v27.3 - https:\/\/yoast.com\/product\/yoast-seo-wordpress\/ -->\n<title>Federa Rosa in Pura Seta di Gelso &#8226; ARTEM LUXE &#8226; 23 St Beauty<\/title>\n<meta name=\"description\" content=\"Federa in pura seta di gelso di grado 6A, del peso di 19 momme. Naturale, skin-friendly, ipoallergenica e certificata OEKO-TEX\u00ae. Sonno di bellezza.\" \/>\n<meta name=\"robots\" content=\"index, follow\" \/>\n<link rel=\"canonical\" href=\"https:\/\/www.23stbeauty.com\/it\/prodotto\/federa-in-seta-rosa-artem-luxe\/\" \/>\n<meta property=\"og:locale\" content=\"it_IT\" \/>\n<meta property=\"og:type\" content=\"article\" \/>\n<meta property=\"og:title\" content=\"Federa Rosa in Pura Seta di Gelso &#8226; ARTEM LUXE &#8226; 23 St Beauty\" \/>\n<meta property=\"og:description\" content=\"Federa in pura seta di gelso di grado 6A, del peso di 19 momme. Naturale, skin-friendly, ipoallergenica e certificata OEKO-TEX\u00ae. Sonno di bellezza.\" \/>\n<meta property=\"og:url\" content=\"https:\/\/www.23stbeauty.com\/it\/prodotto\/federa-in-seta-rosa-artem-luxe\/\" \/>\n<meta property=\"og:site_name\" content=\"23 St Beauty\" \/>\n<meta property=\"article:publisher\" content=\"https:\/\/www.facebook.com\/23stbeauty\" \/>\n<meta property=\"article:modified_time\" content=\"2025-03-09T12:17:03+00:00\" \/>\n<meta property=\"og:image\" content=\"https:\/\/www.23stbeauty.com\/wp-content\/uploads\/2021\/02\/Federa-Rosa-in-Seta-Di-Gelso-Artem-Luxe.jpg\" \/>\n\t<meta property=\"og:image:width\" content=\"1000\" \/>\n\t<meta property=\"og:image:height\" content=\"1300\" \/>\n\t<meta property=\"og:image:type\" content=\"image\/jpeg\" \/>\n<meta name=\"twitter:card\" content=\"summary_large_image\" \/>\n<script type=\"application\/ld+json\" class=\"yoast-schema-graph\">{\"@context\":\"https:\\\/\\\/schema.org\",\"@graph\":[{\"@type\":\"WebPage\",\"@id\":\"https:\\\/\\\/www.23stbeauty.com\\\/it\\\/prodotto\\\/federa-in-seta-rosa-artem-luxe\\\/\",\"url\":\"https:\\\/\\\/www.23stbeauty.com\\\/it\\\/prodotto\\\/federa-in-seta-rosa-artem-luxe\\\/\",\"name\":\"Federa Rosa in Pura Seta di Gelso &#8226; ARTEM LUXE &#8226; 23 St Beauty\",\"isPartOf\":{\"@id\":\"https:\\\/\\\/www.23stbeauty.com\\\/it\\\/#website\"},\"primaryImageOfPage\":{\"@id\":\"https:\\\/\\\/www.23stbeauty.com\\\/it\\\/prodotto\\\/federa-in-seta-rosa-artem-luxe\\\/#primaryimage\"},\"image\":{\"@id\":\"https:\\\/\\\/www.23stbeauty.com\\\/it\\\/prodotto\\\/federa-in-seta-rosa-artem-luxe\\\/#primaryimage\"},\"thumbnailUrl\":\"https:\\\/\\\/www.23stbeauty.com\\\/wp-content\\\/uploads\\\/2021\\\/02\\\/Federa-Rosa-in-Seta-Di-Gelso-Artem-Luxe.jpg\",\"datePublished\":\"2021-02-16T16:03:52+00:00\",\"dateModified\":\"2025-03-09T12:17:03+00:00\",\"description\":\"Federa in pura seta di gelso di grado 6A, del peso di 19 momme. Naturale, skin-friendly, ipoallergenica e certificata OEKO-TEX\u00ae. Sonno di bellezza.\",\"breadcrumb\":{\"@id\":\"https:\\\/\\\/www.23stbeauty.com\\\/it\\\/prodotto\\\/federa-in-seta-rosa-artem-luxe\\\/#breadcrumb\"},\"inLanguage\":\"it-IT\",\"potentialAction\":[{\"@type\":\"ReadAction\",\"target\":[\"https:\\\/\\\/www.23stbeauty.com\\\/it\\\/prodotto\\\/federa-in-seta-rosa-artem-luxe\\\/\"]}]},{\"@type\":\"ImageObject\",\"inLanguage\":\"it-IT\",\"@id\":\"https:\\\/\\\/www.23stbeauty.com\\\/it\\\/prodotto\\\/federa-in-seta-rosa-artem-luxe\\\/#primaryimage\",\"url\":\"https:\\\/\\\/www.23stbeauty.com\\\/wp-content\\\/uploads\\\/2021\\\/02\\\/Federa-Rosa-in-Seta-Di-Gelso-Artem-Luxe.jpg\",\"contentUrl\":\"https:\\\/\\\/www.23stbeauty.com\\\/wp-content\\\/uploads\\\/2021\\\/02\\\/Federa-Rosa-in-Seta-Di-Gelso-Artem-Luxe.jpg\",\"width\":1000,\"height\":1300,\"caption\":\"Federa Rosa in Seta Di Gelso Artem Luxe\"},{\"@type\":\"BreadcrumbList\",\"@id\":\"https:\\\/\\\/www.23stbeauty.com\\\/it\\\/prodotto\\\/federa-in-seta-rosa-artem-luxe\\\/#breadcrumb\",\"itemListElement\":[{\"@type\":\"ListItem\",\"position\":1,\"name\":\"23 St Beauty\",\"item\":\"https:\\\/\\\/www.23stbeauty.com\\\/it\\\/\"},{\"@type\":\"ListItem\",\"position\":2,\"name\":\"Shop\",\"item\":\"https:\\\/\\\/www.23stbeauty.com\\\/it\\\/negozio\\\/\"},{\"@type\":\"ListItem\",\"position\":3,\"name\":\"SKIN CARE\",\"item\":\"https:\\\/\\\/www.23stbeauty.com\\\/it\\\/categoria-prodotto\\\/skincare\\\/\"},{\"@type\":\"ListItem\",\"position\":4,\"name\":\"Federa in Seta Rosa\"}]},{\"@type\":\"WebSite\",\"@id\":\"https:\\\/\\\/www.23stbeauty.com\\\/it\\\/#website\",\"url\":\"https:\\\/\\\/www.23stbeauty.com\\\/it\\\/\",\"name\":\"23 St Beauty\",\"description\":\"Luxury Conscious Beauty tailored to you.\",\"publisher\":{\"@id\":\"https:\\\/\\\/www.23stbeauty.com\\\/it\\\/#organization\"},\"potentialAction\":[{\"@type\":\"SearchAction\",\"target\":{\"@type\":\"EntryPoint\",\"urlTemplate\":\"https:\\\/\\\/www.23stbeauty.com\\\/it\\\/?s={search_term_string}\"},\"query-input\":{\"@type\":\"PropertyValueSpecification\",\"valueRequired\":true,\"valueName\":\"search_term_string\"}}],\"inLanguage\":\"it-IT\"},{\"@type\":\"Organization\",\"@id\":\"https:\\\/\\\/www.23stbeauty.com\\\/it\\\/#organization\",\"name\":\"23 St Beauty\",\"url\":\"https:\\\/\\\/www.23stbeauty.com\\\/it\\\/\",\"logo\":{\"@type\":\"ImageObject\",\"inLanguage\":\"it-IT\",\"@id\":\"https:\\\/\\\/www.23stbeauty.com\\\/it\\\/#\\\/schema\\\/logo\\\/image\\\/\",\"url\":\"https:\\\/\\\/23stbeauty.com\\\/wp-content\\\/uploads\\\/2019\\\/08\\\/logo.png\",\"contentUrl\":\"https:\\\/\\\/23stbeauty.com\\\/wp-content\\\/uploads\\\/2019\\\/08\\\/logo.png\",\"width\":160,\"height\":158,\"caption\":\"23 St Beauty\"},\"image\":{\"@id\":\"https:\\\/\\\/www.23stbeauty.com\\\/it\\\/#\\\/schema\\\/logo\\\/image\\\/\"},\"sameAs\":[\"https:\\\/\\\/www.facebook.com\\\/23stbeauty\",\"https:\\\/\\\/www.instagram.com\\\/23stbeauty\\\/\",\"https:\\\/\\\/www.pinterest.it\\\/23stbeauty\\\/\",\"https:\\\/\\\/www.youtube.com\\\/channel\\\/UCjj3m3ULwK4_-ji8yUpV3UA\"]}]}<\/script>\n<!-- \/ Yoast SEO plugin. -->","yoast_head_json":{"title":"Federa Rosa in Pura Seta di Gelso &#8226; ARTEM LUXE &#8226; 23 St Beauty","description":"Federa in pura seta di gelso di grado 6A, del peso di 19 momme. Naturale, skin-friendly, ipoallergenica e certificata OEKO-TEX\u00ae. Sonno di bellezza.","robots":{"index":"index","follow":"follow"},"canonical":"https:\/\/www.23stbeauty.com\/it\/prodotto\/federa-in-seta-rosa-artem-luxe\/","og_locale":"it_IT","og_type":"article","og_title":"Federa Rosa in Pura Seta di Gelso &#8226; ARTEM LUXE &#8226; 23 St Beauty","og_description":"Federa in pura seta di gelso di grado 6A, del peso di 19 momme. Naturale, skin-friendly, ipoallergenica e certificata OEKO-TEX\u00ae. Sonno di bellezza.","og_url":"https:\/\/www.23stbeauty.com\/it\/prodotto\/federa-in-seta-rosa-artem-luxe\/","og_site_name":"23 St Beauty","article_publisher":"https:\/\/www.facebook.com\/23stbeauty","article_modified_time":"2025-03-09T12:17:03+00:00","og_image":[{"width":1000,"height":1300,"url":"https:\/\/www.23stbeauty.com\/wp-content\/uploads\/2021\/02\/Federa-Rosa-in-Seta-Di-Gelso-Artem-Luxe.jpg","type":"image\/jpeg"}],"twitter_card":"summary_large_image","schema":{"@context":"https:\/\/schema.org","@graph":[{"@type":"WebPage","@id":"https:\/\/www.23stbeauty.com\/it\/prodotto\/federa-in-seta-rosa-artem-luxe\/","url":"https:\/\/www.23stbeauty.com\/it\/prodotto\/federa-in-seta-rosa-artem-luxe\/","name":"Federa Rosa in Pura Seta di Gelso &#8226; ARTEM LUXE &#8226; 23 St Beauty","isPartOf":{"@id":"https:\/\/www.23stbeauty.com\/it\/#website"},"primaryImageOfPage":{"@id":"https:\/\/www.23stbeauty.com\/it\/prodotto\/federa-in-seta-rosa-artem-luxe\/#primaryimage"},"image":{"@id":"https:\/\/www.23stbeauty.com\/it\/prodotto\/federa-in-seta-rosa-artem-luxe\/#primaryimage"},"thumbnailUrl":"https:\/\/www.23stbeauty.com\/wp-content\/uploads\/2021\/02\/Federa-Rosa-in-Seta-Di-Gelso-Artem-Luxe.jpg","datePublished":"2021-02-16T16:03:52+00:00","dateModified":"2025-03-09T12:17:03+00:00","description":"Federa in pura seta di gelso di grado 6A, del peso di 19 momme. Naturale, skin-friendly, ipoallergenica e certificata OEKO-TEX\u00ae. Sonno di bellezza.","breadcrumb":{"@id":"https:\/\/www.23stbeauty.com\/it\/prodotto\/federa-in-seta-rosa-artem-luxe\/#breadcrumb"},"inLanguage":"it-IT","potentialAction":[{"@type":"ReadAction","target":["https:\/\/www.23stbeauty.com\/it\/prodotto\/federa-in-seta-rosa-artem-luxe\/"]}]},{"@type":"ImageObject","inLanguage":"it-IT","@id":"https:\/\/www.23stbeauty.com\/it\/prodotto\/federa-in-seta-rosa-artem-luxe\/#primaryimage","url":"https:\/\/www.23stbeauty.com\/wp-content\/uploads\/2021\/02\/Federa-Rosa-in-Seta-Di-Gelso-Artem-Luxe.jpg","contentUrl":"https:\/\/www.23stbeauty.com\/wp-content\/uploads\/2021\/02\/Federa-Rosa-in-Seta-Di-Gelso-Artem-Luxe.jpg","width":1000,"height":1300,"caption":"Federa Rosa in Seta Di Gelso Artem Luxe"},{"@type":"BreadcrumbList","@id":"https:\/\/www.23stbeauty.com\/it\/prodotto\/federa-in-seta-rosa-artem-luxe\/#breadcrumb","itemListElement":[{"@type":"ListItem","position":1,"name":"23 St Beauty","item":"https:\/\/www.23stbeauty.com\/it\/"},{"@type":"ListItem","position":2,"name":"Shop","item":"https:\/\/www.23stbeauty.com\/it\/negozio\/"},{"@type":"ListItem","position":3,"name":"SKIN CARE","item":"https:\/\/www.23stbeauty.com\/it\/categoria-prodotto\/skincare\/"},{"@type":"ListItem","position":4,"name":"Federa in Seta Rosa"}]},{"@type":"WebSite","@id":"https:\/\/www.23stbeauty.com\/it\/#website","url":"https:\/\/www.23stbeauty.com\/it\/","name":"23 St Beauty","description":"Luxury Conscious Beauty tailored to you.","publisher":{"@id":"https:\/\/www.23stbeauty.com\/it\/#organization"},"potentialAction":[{"@type":"SearchAction","target":{"@type":"EntryPoint","urlTemplate":"https:\/\/www.23stbeauty.com\/it\/?s={search_term_string}"},"query-input":{"@type":"PropertyValueSpecification","valueRequired":true,"valueName":"search_term_string"}}],"inLanguage":"it-IT"},{"@type":"Organization","@id":"https:\/\/www.23stbeauty.com\/it\/#organization","name":"23 St Beauty","url":"https:\/\/www.23stbeauty.com\/it\/","logo":{"@type":"ImageObject","inLanguage":"it-IT","@id":"https:\/\/www.23stbeauty.com\/it\/#\/schema\/logo\/image\/","url":"https:\/\/23stbeauty.com\/wp-content\/uploads\/2019\/08\/logo.png","contentUrl":"https:\/\/23stbeauty.com\/wp-content\/uploads\/2019\/08\/logo.png","width":160,"height":158,"caption":"23 St Beauty"},"image":{"@id":"https:\/\/www.23stbeauty.com\/it\/#\/schema\/logo\/image\/"},"sameAs":["https:\/\/www.facebook.com\/23stbeauty","https:\/\/www.instagram.com\/23stbeauty\/","https:\/\/www.pinterest.it\/23stbeauty\/","https:\/\/www.youtube.com\/channel\/UCjj3m3ULwK4_-ji8yUpV3UA"]}]}},"_links":{"self":[{"href":"https:\/\/www.23stbeauty.com\/it\/wp-json\/wp\/v2\/product\/25825","targetHints":{"allow":["GET"]}}],"collection":[{"href":"https:\/\/www.23stbeauty.com\/it\/wp-json\/wp\/v2\/product"}],"about":[{"href":"https:\/\/www.23stbeauty.com\/it\/wp-json\/wp\/v2\/types\/product"}],"replies":[{"embeddable":true,"href":"https:\/\/www.23stbeauty.com\/it\/wp-json\/wp\/v2\/comments?post=25825"}],"wp:featuredmedia":[{"embeddable":true,"href":"https:\/\/www.23stbeauty.com\/it\/wp-json\/wp\/v2\/media\/25808"}],"wp:attachment":[{"href":"https:\/\/www.23stbeauty.com\/it\/wp-json\/wp\/v2\/media?parent=25825"}],"wp:term":[{"taxonomy":"product_brand","embeddable":true,"href":"https:\/\/www.23stbeauty.com\/it\/wp-json\/wp\/v2\/product_brand?post=25825"},{"taxonomy":"product_cat","embeddable":true,"href":"https:\/\/www.23stbeauty.com\/it\/wp-json\/wp\/v2\/product_cat?post=25825"},{"taxonomy":"product_tag","embeddable":true,"href":"https:\/\/www.23stbeauty.com\/it\/wp-json\/wp\/v2\/product_tag?post=25825"}],"curies":[{"name":"wp","href":"https:\/\/api.w.org\/{rel}","templated":true}]}}