{"id":27714,"date":"2021-05-21T19:19:03","date_gmt":"2021-05-21T17:19:03","guid":{"rendered":"https:\/\/fabiom32.sg-host.com\/?post_type=product&#038;p=27714"},"modified":"2024-11-20T18:01:21","modified_gmt":"2024-11-20T17:01:21","slug":"odacite-creme-de-la-nuit","status":"publish","type":"product","link":"https:\/\/www.23stbeauty.com\/it\/prodotto\/odacite-creme-de-la-nuit\/","title":{"rendered":"Cr\u00e8me de la Nuit"},"content":{"rendered":"<p><em>Il tuo nuovo segreto di bellezza per la night beauty routine <\/em>\ud83c\udf19\u2060<\/p>\n<p>Cr\u00e8me de la Nuit \u00e8 una <strong>crema viso notte rigenerante<\/strong> che combina preziosi <strong>ingredienti attivi<\/strong> a potenti <strong>estratti botanici<\/strong>, per risultati visibili fin dal primo utilizzo.<br \/>\nOdacit\u00e8 ha deciso di presentarla insieme a <em><strong>Mon Ami Facial Acupressure Beauty Tool<\/strong><\/em>, l\u2019esclusivo strumento di digitopressione <strong>incluso nella confezione<\/strong> che promuove il rilassamento dei muscoli facciali, dando al tuo viso un aspetto pi\u00f9 riposato.<\/p>\n<p><em><strong>Come agisce<\/strong><\/em><br \/>\nCr\u00e8me de la Nuit contrasta tutti i <strong>segni dell\u2019invecchiamento<\/strong>, come rughe profonde, linee sottili, opacit\u00e0 &amp; secchezza.<br \/>\nFavorisce inoltre il processo di <strong>rinnovamento cellulare notturno<\/strong>, mentre nutre in profondit\u00e0 la pelle per compensare la perdita di acqua transepidermica.<br \/>\nAl risveglio il tuo viso apparir\u00e0 pi\u00f9 fresco, morbido e visibilmente pi\u00f9 giovane!<br \/>\n<strong>Risultati visibili gi\u00e0 dopo una sola notte<\/strong>*.<\/p>\n<p><em><strong>Cosa contiene<\/strong><\/em><\/p>\n<ul>\n<li><strong>Vitamina C<\/strong><br \/>\nDalla potente azione antiossidante + illuminante.<\/li>\n<li><strong>Acido ialuronico<\/strong><br \/>\nTrattiene l&#8217;umidit\u00e0 tra le cellule della pelle, rivelando cos\u00ec un viso dall&#8217;aspetto rimpolpato e levigato.<\/li>\n<li><strong>Coenzima Q10<\/strong><br \/>\nSupporta il naturale processo di rigenerazione della pelle durante la notte per un viso dall\u2019aspetto pi\u00f9 giovane.<\/li>\n<li><strong>Ashwagandha + Melograno + Alga kelp<\/strong><br \/>\nQuesto mix unico di estratti botanici biologici dona alla pelle un aspetto sorprendentemente luminoso &amp; sano.<\/li>\n<\/ul>\n<p><em><strong>I risultati<\/strong><\/em><br \/>\nL\u201986% concorda sul fatto che la propria pelle \u00e8 pi\u00f9 idratata dopo la prima notte*.<br \/>\nL&#8217;82% concorda sul fatto che la sua pelle appare visibilmente pi\u00f9 giovane*.<br \/>\nIl 91% concorda sul fatto che la sua pelle sembra pi\u00f9 sana*.<\/p>\n<p>Ideale per tutti i tipi di pelle, particolarmente indicata per la pelle matura e\/o secca ma anche per <strong>prevenire l\u2019invecchiamento cutaneo<\/strong> e le <strong>macchie scure<\/strong> gi\u00e0 dai 30 anni.<\/p>\n<p><strong>100% NATURALE<\/strong> \u2022 <strong>DERMATOLOGICAMENTE TESTATO<\/strong> \u2022 <strong>VEGANO<\/strong> \u2022 <strong>SENZA OGM<\/strong> \u2022 <strong>GLUTEN FREE<\/strong><\/p>\n<p><em>*Studio indipendente condotto su 23 donne reali per 28 giorni.<\/em><\/p>\n","protected":false},"excerpt":{"rendered":"<p>Crema viso notte rigenerante con vitamina C &amp; Ashwagandha<\/p>\n","protected":false},"featured_media":29609,"comment_status":"open","ping_status":"closed","template":"","meta":{"_acf_changed":false,"content-type":""},"product_brand":[],"product_cat":[100,92],"product_tag":[463,629,639],"class_list":{"0":"post-27714","1":"product","2":"type-product","3":"status-publish","4":"has-post-thumbnail","6":"solution-iperpigmentazione","7":"solution-linee-sottili-rughe","8":"solution-pelle-spenta-e-opaca","9":"formulation-crema","10":"extra-packaging-plastic-free","11":"extra-prodotto-certificato","12":"extra-senza-alcool","13":"extra-senza-profumo","14":"extra-trattamenti-beauty-notte","15":"extra-cosmesi-vegana","16":"skintype-pelle-combinata","17":"skintype-pelle-grassa","18":"skintype-pelle-matura","19":"skintype-pelle-normale","20":"skintype-pelle-secca","21":"skintype-pelle-sensibile","22":"trends-crema-antirughe","23":"trends-crema-idratante","24":"trends-crema-vegana","25":"trends-crema-viso","26":"trends-trattamenti-notte","27":"product_cat-creme-oli-viso","28":"product_cat-skincare","29":"product_tag-odacite","30":"product_tag-tesori-clean-beauty","31":"product_tag-tutti-i-regali-di-natale","32":"entry","34":"first","35":"outofstock","36":"taxable","37":"shipping-taxable","38":"purchasable","39":"product-type-simple"},"acf":[],"yoast_head":"<!-- This site is optimized with the Yoast SEO plugin v27.4 - https:\/\/yoast.com\/product\/yoast-seo-wordpress\/ -->\n<title>ODACIT\u00c8 Cr\u00e8me de la Nuit &#8226; Crema Viso Notte Rigenerante &#8226; 23 St Beauty<\/title>\n<meta name=\"description\" content=\"Odacit\u00e9 Cr\u00e8me de la Nuit \u00e8 la crema viso notte rigenerante con vitamina C, CoQ10 &amp; Ashwagandha. 100% naturale &amp; vegan. Incluso Mon Ami Tool.\" \/>\n<meta name=\"robots\" content=\"index, follow\" \/>\n<link rel=\"canonical\" href=\"https:\/\/www.23stbeauty.com\/it\/prodotto\/odacite-creme-de-la-nuit\/\" \/>\n<meta property=\"og:locale\" content=\"it_IT\" \/>\n<meta property=\"og:type\" content=\"article\" \/>\n<meta property=\"og:title\" content=\"ODACIT\u00c8 Cr\u00e8me de la Nuit &#8226; Crema Viso Notte Rigenerante &#8226; 23 St Beauty\" \/>\n<meta property=\"og:description\" content=\"Odacit\u00e9 Cr\u00e8me de la Nuit \u00e8 la crema viso notte rigenerante con vitamina C, CoQ10 &amp; Ashwagandha. 100% naturale &amp; vegan. Incluso Mon Ami Tool.\" \/>\n<meta property=\"og:url\" content=\"https:\/\/www.23stbeauty.com\/it\/prodotto\/odacite-creme-de-la-nuit\/\" \/>\n<meta property=\"og:site_name\" content=\"23 St Beauty\" \/>\n<meta property=\"article:publisher\" content=\"https:\/\/www.facebook.com\/23stbeauty\" \/>\n<meta property=\"article:modified_time\" content=\"2024-11-20T17:01:21+00:00\" \/>\n<meta property=\"og:image\" content=\"https:\/\/www.23stbeauty.com\/wp-content\/uploads\/2021\/05\/Odacite-Creme-de-la-Nuit-Crema-Viso-Notte-Rigenerante.jpg\" \/>\n\t<meta property=\"og:image:width\" content=\"1000\" \/>\n\t<meta property=\"og:image:height\" content=\"1300\" \/>\n\t<meta property=\"og:image:type\" content=\"image\/jpeg\" \/>\n<meta name=\"twitter:card\" content=\"summary_large_image\" \/>\n<script type=\"application\/ld+json\" class=\"yoast-schema-graph\">{\"@context\":\"https:\\\/\\\/schema.org\",\"@graph\":[{\"@type\":\"WebPage\",\"@id\":\"https:\\\/\\\/www.23stbeauty.com\\\/it\\\/prodotto\\\/odacite-creme-de-la-nuit\\\/\",\"url\":\"https:\\\/\\\/www.23stbeauty.com\\\/it\\\/prodotto\\\/odacite-creme-de-la-nuit\\\/\",\"name\":\"ODACIT\u00c8 Cr\u00e8me de la Nuit &#8226; Crema Viso Notte Rigenerante &#8226; 23 St Beauty\",\"isPartOf\":{\"@id\":\"https:\\\/\\\/www.23stbeauty.com\\\/it\\\/#website\"},\"primaryImageOfPage\":{\"@id\":\"https:\\\/\\\/www.23stbeauty.com\\\/it\\\/prodotto\\\/odacite-creme-de-la-nuit\\\/#primaryimage\"},\"image\":{\"@id\":\"https:\\\/\\\/www.23stbeauty.com\\\/it\\\/prodotto\\\/odacite-creme-de-la-nuit\\\/#primaryimage\"},\"thumbnailUrl\":\"https:\\\/\\\/www.23stbeauty.com\\\/wp-content\\\/uploads\\\/2021\\\/05\\\/Odacite-Creme-de-la-Nuit-Crema-Viso-Notte-Rigenerante.jpg\",\"datePublished\":\"2021-05-21T17:19:03+00:00\",\"dateModified\":\"2024-11-20T17:01:21+00:00\",\"description\":\"Odacit\u00e9 Cr\u00e8me de la Nuit \u00e8 la crema viso notte rigenerante con vitamina C, CoQ10 & Ashwagandha. 100% naturale & vegan. Incluso Mon Ami Tool.\",\"breadcrumb\":{\"@id\":\"https:\\\/\\\/www.23stbeauty.com\\\/it\\\/prodotto\\\/odacite-creme-de-la-nuit\\\/#breadcrumb\"},\"inLanguage\":\"it-IT\",\"potentialAction\":[{\"@type\":\"ReadAction\",\"target\":[\"https:\\\/\\\/www.23stbeauty.com\\\/it\\\/prodotto\\\/odacite-creme-de-la-nuit\\\/\"]}]},{\"@type\":\"ImageObject\",\"inLanguage\":\"it-IT\",\"@id\":\"https:\\\/\\\/www.23stbeauty.com\\\/it\\\/prodotto\\\/odacite-creme-de-la-nuit\\\/#primaryimage\",\"url\":\"https:\\\/\\\/www.23stbeauty.com\\\/wp-content\\\/uploads\\\/2021\\\/05\\\/Odacite-Creme-de-la-Nuit-Crema-Viso-Notte-Rigenerante.jpg\",\"contentUrl\":\"https:\\\/\\\/www.23stbeauty.com\\\/wp-content\\\/uploads\\\/2021\\\/05\\\/Odacite-Creme-de-la-Nuit-Crema-Viso-Notte-Rigenerante.jpg\",\"width\":1000,\"height\":1300,\"caption\":\"Odacit\u00e9 Cr\u00e8me de la Nuit - Crema Viso Notte Rigenerante\"},{\"@type\":\"BreadcrumbList\",\"@id\":\"https:\\\/\\\/www.23stbeauty.com\\\/it\\\/prodotto\\\/odacite-creme-de-la-nuit\\\/#breadcrumb\",\"itemListElement\":[{\"@type\":\"ListItem\",\"position\":1,\"name\":\"23 St Beauty\",\"item\":\"https:\\\/\\\/www.23stbeauty.com\\\/it\\\/\"},{\"@type\":\"ListItem\",\"position\":2,\"name\":\"Shop\",\"item\":\"https:\\\/\\\/www.23stbeauty.com\\\/it\\\/negozio\\\/\"},{\"@type\":\"ListItem\",\"position\":3,\"name\":\"SKIN CARE\",\"item\":\"https:\\\/\\\/www.23stbeauty.com\\\/it\\\/categoria-prodotto\\\/skincare\\\/\"},{\"@type\":\"ListItem\",\"position\":4,\"name\":\"Cr\u00e8me de la Nuit\"}]},{\"@type\":\"WebSite\",\"@id\":\"https:\\\/\\\/www.23stbeauty.com\\\/it\\\/#website\",\"url\":\"https:\\\/\\\/www.23stbeauty.com\\\/it\\\/\",\"name\":\"23 St Beauty\",\"description\":\"Luxury Conscious Beauty tailored to you.\",\"publisher\":{\"@id\":\"https:\\\/\\\/www.23stbeauty.com\\\/it\\\/#organization\"},\"potentialAction\":[{\"@type\":\"SearchAction\",\"target\":{\"@type\":\"EntryPoint\",\"urlTemplate\":\"https:\\\/\\\/www.23stbeauty.com\\\/it\\\/?s={search_term_string}\"},\"query-input\":{\"@type\":\"PropertyValueSpecification\",\"valueRequired\":true,\"valueName\":\"search_term_string\"}}],\"inLanguage\":\"it-IT\"},{\"@type\":\"Organization\",\"@id\":\"https:\\\/\\\/www.23stbeauty.com\\\/it\\\/#organization\",\"name\":\"23 St Beauty\",\"url\":\"https:\\\/\\\/www.23stbeauty.com\\\/it\\\/\",\"logo\":{\"@type\":\"ImageObject\",\"inLanguage\":\"it-IT\",\"@id\":\"https:\\\/\\\/www.23stbeauty.com\\\/it\\\/#\\\/schema\\\/logo\\\/image\\\/\",\"url\":\"https:\\\/\\\/23stbeauty.com\\\/wp-content\\\/uploads\\\/2019\\\/08\\\/logo.png\",\"contentUrl\":\"https:\\\/\\\/23stbeauty.com\\\/wp-content\\\/uploads\\\/2019\\\/08\\\/logo.png\",\"width\":160,\"height\":158,\"caption\":\"23 St Beauty\"},\"image\":{\"@id\":\"https:\\\/\\\/www.23stbeauty.com\\\/it\\\/#\\\/schema\\\/logo\\\/image\\\/\"},\"sameAs\":[\"https:\\\/\\\/www.facebook.com\\\/23stbeauty\",\"https:\\\/\\\/www.instagram.com\\\/23stbeauty\\\/\",\"https:\\\/\\\/www.pinterest.it\\\/23stbeauty\\\/\",\"https:\\\/\\\/www.youtube.com\\\/channel\\\/UCjj3m3ULwK4_-ji8yUpV3UA\"]}]}<\/script>\n<!-- \/ Yoast SEO plugin. -->","yoast_head_json":{"title":"ODACIT\u00c8 Cr\u00e8me de la Nuit &#8226; Crema Viso Notte Rigenerante &#8226; 23 St Beauty","description":"Odacit\u00e9 Cr\u00e8me de la Nuit \u00e8 la crema viso notte rigenerante con vitamina C, CoQ10 & Ashwagandha. 100% naturale & vegan. Incluso Mon Ami Tool.","robots":{"index":"index","follow":"follow"},"canonical":"https:\/\/www.23stbeauty.com\/it\/prodotto\/odacite-creme-de-la-nuit\/","og_locale":"it_IT","og_type":"article","og_title":"ODACIT\u00c8 Cr\u00e8me de la Nuit &#8226; Crema Viso Notte Rigenerante &#8226; 23 St Beauty","og_description":"Odacit\u00e9 Cr\u00e8me de la Nuit \u00e8 la crema viso notte rigenerante con vitamina C, CoQ10 & Ashwagandha. 100% naturale & vegan. Incluso Mon Ami Tool.","og_url":"https:\/\/www.23stbeauty.com\/it\/prodotto\/odacite-creme-de-la-nuit\/","og_site_name":"23 St Beauty","article_publisher":"https:\/\/www.facebook.com\/23stbeauty","article_modified_time":"2024-11-20T17:01:21+00:00","og_image":[{"width":1000,"height":1300,"url":"https:\/\/www.23stbeauty.com\/wp-content\/uploads\/2021\/05\/Odacite-Creme-de-la-Nuit-Crema-Viso-Notte-Rigenerante.jpg","type":"image\/jpeg"}],"twitter_card":"summary_large_image","schema":{"@context":"https:\/\/schema.org","@graph":[{"@type":"WebPage","@id":"https:\/\/www.23stbeauty.com\/it\/prodotto\/odacite-creme-de-la-nuit\/","url":"https:\/\/www.23stbeauty.com\/it\/prodotto\/odacite-creme-de-la-nuit\/","name":"ODACIT\u00c8 Cr\u00e8me de la Nuit &#8226; Crema Viso Notte Rigenerante &#8226; 23 St Beauty","isPartOf":{"@id":"https:\/\/www.23stbeauty.com\/it\/#website"},"primaryImageOfPage":{"@id":"https:\/\/www.23stbeauty.com\/it\/prodotto\/odacite-creme-de-la-nuit\/#primaryimage"},"image":{"@id":"https:\/\/www.23stbeauty.com\/it\/prodotto\/odacite-creme-de-la-nuit\/#primaryimage"},"thumbnailUrl":"https:\/\/www.23stbeauty.com\/wp-content\/uploads\/2021\/05\/Odacite-Creme-de-la-Nuit-Crema-Viso-Notte-Rigenerante.jpg","datePublished":"2021-05-21T17:19:03+00:00","dateModified":"2024-11-20T17:01:21+00:00","description":"Odacit\u00e9 Cr\u00e8me de la Nuit \u00e8 la crema viso notte rigenerante con vitamina C, CoQ10 & Ashwagandha. 100% naturale & vegan. Incluso Mon Ami Tool.","breadcrumb":{"@id":"https:\/\/www.23stbeauty.com\/it\/prodotto\/odacite-creme-de-la-nuit\/#breadcrumb"},"inLanguage":"it-IT","potentialAction":[{"@type":"ReadAction","target":["https:\/\/www.23stbeauty.com\/it\/prodotto\/odacite-creme-de-la-nuit\/"]}]},{"@type":"ImageObject","inLanguage":"it-IT","@id":"https:\/\/www.23stbeauty.com\/it\/prodotto\/odacite-creme-de-la-nuit\/#primaryimage","url":"https:\/\/www.23stbeauty.com\/wp-content\/uploads\/2021\/05\/Odacite-Creme-de-la-Nuit-Crema-Viso-Notte-Rigenerante.jpg","contentUrl":"https:\/\/www.23stbeauty.com\/wp-content\/uploads\/2021\/05\/Odacite-Creme-de-la-Nuit-Crema-Viso-Notte-Rigenerante.jpg","width":1000,"height":1300,"caption":"Odacit\u00e9 Cr\u00e8me de la Nuit - Crema Viso Notte Rigenerante"},{"@type":"BreadcrumbList","@id":"https:\/\/www.23stbeauty.com\/it\/prodotto\/odacite-creme-de-la-nuit\/#breadcrumb","itemListElement":[{"@type":"ListItem","position":1,"name":"23 St Beauty","item":"https:\/\/www.23stbeauty.com\/it\/"},{"@type":"ListItem","position":2,"name":"Shop","item":"https:\/\/www.23stbeauty.com\/it\/negozio\/"},{"@type":"ListItem","position":3,"name":"SKIN CARE","item":"https:\/\/www.23stbeauty.com\/it\/categoria-prodotto\/skincare\/"},{"@type":"ListItem","position":4,"name":"Cr\u00e8me de la Nuit"}]},{"@type":"WebSite","@id":"https:\/\/www.23stbeauty.com\/it\/#website","url":"https:\/\/www.23stbeauty.com\/it\/","name":"23 St Beauty","description":"Luxury Conscious Beauty tailored to you.","publisher":{"@id":"https:\/\/www.23stbeauty.com\/it\/#organization"},"potentialAction":[{"@type":"SearchAction","target":{"@type":"EntryPoint","urlTemplate":"https:\/\/www.23stbeauty.com\/it\/?s={search_term_string}"},"query-input":{"@type":"PropertyValueSpecification","valueRequired":true,"valueName":"search_term_string"}}],"inLanguage":"it-IT"},{"@type":"Organization","@id":"https:\/\/www.23stbeauty.com\/it\/#organization","name":"23 St Beauty","url":"https:\/\/www.23stbeauty.com\/it\/","logo":{"@type":"ImageObject","inLanguage":"it-IT","@id":"https:\/\/www.23stbeauty.com\/it\/#\/schema\/logo\/image\/","url":"https:\/\/23stbeauty.com\/wp-content\/uploads\/2019\/08\/logo.png","contentUrl":"https:\/\/23stbeauty.com\/wp-content\/uploads\/2019\/08\/logo.png","width":160,"height":158,"caption":"23 St Beauty"},"image":{"@id":"https:\/\/www.23stbeauty.com\/it\/#\/schema\/logo\/image\/"},"sameAs":["https:\/\/www.facebook.com\/23stbeauty","https:\/\/www.instagram.com\/23stbeauty\/","https:\/\/www.pinterest.it\/23stbeauty\/","https:\/\/www.youtube.com\/channel\/UCjj3m3ULwK4_-ji8yUpV3UA"]}]}},"_links":{"self":[{"href":"https:\/\/www.23stbeauty.com\/it\/wp-json\/wp\/v2\/product\/27714","targetHints":{"allow":["GET"]}}],"collection":[{"href":"https:\/\/www.23stbeauty.com\/it\/wp-json\/wp\/v2\/product"}],"about":[{"href":"https:\/\/www.23stbeauty.com\/it\/wp-json\/wp\/v2\/types\/product"}],"replies":[{"embeddable":true,"href":"https:\/\/www.23stbeauty.com\/it\/wp-json\/wp\/v2\/comments?post=27714"}],"wp:featuredmedia":[{"embeddable":true,"href":"https:\/\/www.23stbeauty.com\/it\/wp-json\/wp\/v2\/media\/29609"}],"wp:attachment":[{"href":"https:\/\/www.23stbeauty.com\/it\/wp-json\/wp\/v2\/media?parent=27714"}],"wp:term":[{"taxonomy":"product_brand","embeddable":true,"href":"https:\/\/www.23stbeauty.com\/it\/wp-json\/wp\/v2\/product_brand?post=27714"},{"taxonomy":"product_cat","embeddable":true,"href":"https:\/\/www.23stbeauty.com\/it\/wp-json\/wp\/v2\/product_cat?post=27714"},{"taxonomy":"product_tag","embeddable":true,"href":"https:\/\/www.23stbeauty.com\/it\/wp-json\/wp\/v2\/product_tag?post=27714"}],"curies":[{"name":"wp","href":"https:\/\/api.w.org\/{rel}","templated":true}]}}