{"id":27791,"date":"2021-05-24T11:56:05","date_gmt":"2021-05-24T09:56:05","guid":{"rendered":"https:\/\/fabiom32.sg-host.com\/?post_type=product&#038;p=27791"},"modified":"2025-05-06T13:40:12","modified_gmt":"2025-05-06T11:40:12","slug":"odacite-siero-viso-concentrato-pfo-con-passion-fruit-arancia-per-pelle-spenta-e-opace","status":"publish","type":"product","link":"https:\/\/www.23stbeauty.com\/it\/prodotto\/odacite-siero-viso-concentrato-pfo-con-passion-fruit-arancia-per-pelle-spenta-e-opace\/","title":{"rendered":"Pf+O Dull Skin Serum Concentrate"},"content":{"rendered":"<p><em>Personalizza la tua skin care routine con un siero viso mirato, che risponda alle precise necessit\u00e0 della tua pelle!<\/em><\/p>\n<p>Ogni giorno la tua pelle \u00e8 esposta a fattori di stress ossidativo che, nel tempo, possono portare a segni di invecchiamento precoce, secchezza e rossore cutaneo + pelle dall&#8217;aspetto stanco.<br \/>\nIl <strong>siero viso concentrato Pf+O con Passion fruit &amp; Arancia<\/strong> migliora visibilmente l\u2019aspetto della <strong>pelle spenta &amp; opaca<\/strong>. Ricco di <strong>vitamine<\/strong>, questo siero viso rivela un <strong>incarnato luminoso<\/strong> per un <strong>effetto glow<\/strong> immediato!<br \/>\nUn trattamento intensivo &#8211;<strong> ne bastano 2 gocce<\/strong> &#8211; che combina due potenti <strong>ingredienti 100% naturali<\/strong> &amp; <strong>biologici<\/strong>:<\/p>\n<ul>\n<li><strong>Olio di Passion Fruit<br \/>\n<em>Origine: Brasile<\/em><\/strong><br \/>\nRicco di <strong>vitamina C<\/strong> ed A + minerali, questo olio naturale dona alla pelle una sferzata di luminosit\u00e0 e vitalit\u00e0, per un viso radioso.<\/li>\n<li><strong>Olio essenziale di Arancia<\/strong><br \/>\n<em><strong>Origine: USA<\/strong><\/em><br \/>\nLe sue propriet\u00e0 astringenti e toniche aiutano a rassodare e tonificare la pelle.<br \/>\nIn aromaterapia, l&#8217;olio di arancia dolce \u00e8 noto per per i suoi effetti benefici sull\u2019umore.<\/li>\n<\/ul>\n<p>Con l\u2019aggiunta di <strong>Vitamina E<\/strong> ad azione antiossidante.<br \/>\nParticolarmente indicato per la <strong>pelle spenta<\/strong> che ha bisogno di un <strong>booster illuminante<\/strong>.<\/p>\n<p><strong>100% NATURALE<\/strong> \u2022 <strong>SENZA OGM<\/strong> \u2022 <strong>VEGANO \u2022 SENZA GLUTINE<\/strong><\/p>\n<div id=\"pressrelease-link-27791\" class=\"sh-link pressrelease-link sh-hide\"><a href=\"#\" onclick=\"showhide_toggle('pressrelease', 27791, 'CONTINUA A LEGGERE + ', ''); return false;\" aria-expanded=\"false\"><span id=\"pressrelease-toggle-27791\">CONTINUA A LEGGERE + <\/span><\/a><\/div><div id=\"pressrelease-content-27791\" class=\"sh-content pressrelease-content sh-hide\" style=\"display: none;\"><\/p>\n<p><em><strong>Good to know<\/strong><\/em><br \/>\nLa collezione esclusiva di <strong>sieri puri concentrati<\/strong> creata da Odacit\u00e8 agisce in modo mirato sulle <strong>esigenze specifiche della pelle<\/strong> dovute a vari fattori, come: <strong>il clima<\/strong>, <strong>lo stress<\/strong>, <strong>l\u2019inquinamento<\/strong>, <strong>la dieta<\/strong>, <strong>gli ormoni<\/strong>, etc.<br \/>\nIndipendentemente dal tuo tipo di pelle infatti, ci sono delle condizioni che innescano <strong>cambiamenti quotidiani nella tua pelle<\/strong> e creano diverse problematiche che devono essere affrontate per mantenere la cute sana ogni giorno.<\/p>\n<p><\/div>\n","protected":false},"excerpt":{"rendered":"<p>Siero viso concentrato pelle spenta &amp; opaca<\/p>\n","protected":false},"featured_media":27787,"comment_status":"open","ping_status":"closed","template":"","meta":{"_acf_changed":false,"content-type":""},"product_brand":[],"product_cat":[98,92],"product_tag":[463],"class_list":{"0":"post-27791","1":"product","2":"type-product","3":"status-publish","4":"has-post-thumbnail","6":"solution-iperpigmentazione","7":"solution-pelle-spenta-e-opaca","8":"formulation-olio","9":"extra-olistico","10":"extra-packaging-plastic-free","11":"extra-prodotto-certificato","12":"extra-senza-alcool","13":"extra-senza-profumo","14":"extra-senza-glutine","15":"extra-cosmesi-vegana","16":"skintype-pelle-combinata","17":"skintype-pelle-grassa","18":"skintype-pelle-matura","19":"skintype-pelle-normale","20":"skintype-pelle-secca","21":"skintype-pelle-sensibile","22":"trends-beauty-booster","23":"trends-siero-concentrato","24":"trends-siero-illuminante","25":"trends-siero-vitamina-c","26":"product_cat-sieri-viso","27":"product_cat-skincare","28":"product_tag-odacite","29":"entry","31":"first","32":"outofstock","33":"taxable","34":"shipping-taxable","35":"purchasable","36":"product-type-simple"},"acf":[],"yoast_head":"<!-- This site is optimized with the Yoast SEO plugin v27.4 - https:\/\/yoast.com\/product\/yoast-seo-wordpress\/ -->\n<title>ODACIT\u00c8 Siero Viso Pf+O &#8226; Passion fruit &amp; Arancia &#8226; 23 St Beauty<\/title>\n<meta name=\"description\" content=\"Il siero viso concentrato Odacit\u00e8 Pf+O \u00e8 un vero \u201changover serum\u201d che restituisce vitalit\u00e0 e freschezza alla pelle stanca. Vegano e Biologico\" \/>\n<meta name=\"robots\" content=\"index, follow\" \/>\n<link rel=\"canonical\" href=\"https:\/\/www.23stbeauty.com\/it\/prodotto\/odacite-siero-viso-concentrato-pfo-con-passion-fruit-arancia-per-pelle-spenta-e-opace\/\" \/>\n<meta property=\"og:locale\" content=\"it_IT\" \/>\n<meta property=\"og:type\" content=\"article\" \/>\n<meta property=\"og:title\" content=\"ODACIT\u00c8 Siero Viso Pf+O &#8226; Passion fruit &amp; Arancia &#8226; 23 St Beauty\" \/>\n<meta property=\"og:description\" content=\"Il siero viso concentrato Odacit\u00e8 Pf+O \u00e8 un vero \u201changover serum\u201d che restituisce vitalit\u00e0 e freschezza alla pelle stanca. Vegano e Biologico\" \/>\n<meta property=\"og:url\" content=\"https:\/\/www.23stbeauty.com\/it\/prodotto\/odacite-siero-viso-concentrato-pfo-con-passion-fruit-arancia-per-pelle-spenta-e-opace\/\" \/>\n<meta property=\"og:site_name\" content=\"23 St Beauty\" \/>\n<meta property=\"article:publisher\" content=\"https:\/\/www.facebook.com\/23stbeauty\" \/>\n<meta property=\"article:modified_time\" content=\"2025-05-06T11:40:12+00:00\" \/>\n<meta property=\"og:image\" content=\"https:\/\/www.23stbeauty.com\/wp-content\/uploads\/2021\/05\/Odacite-siero-viso-PfO-Dull-Skin-Serum-con-Passion-fruit-e-Arancia.jpg\" \/>\n\t<meta property=\"og:image:width\" content=\"1000\" \/>\n\t<meta property=\"og:image:height\" content=\"1300\" \/>\n\t<meta property=\"og:image:type\" content=\"image\/jpeg\" \/>\n<meta name=\"twitter:card\" content=\"summary_large_image\" \/>\n<script type=\"application\/ld+json\" class=\"yoast-schema-graph\">{\"@context\":\"https:\\\/\\\/schema.org\",\"@graph\":[{\"@type\":\"WebPage\",\"@id\":\"https:\\\/\\\/www.23stbeauty.com\\\/it\\\/prodotto\\\/odacite-siero-viso-concentrato-pfo-con-passion-fruit-arancia-per-pelle-spenta-e-opace\\\/\",\"url\":\"https:\\\/\\\/www.23stbeauty.com\\\/it\\\/prodotto\\\/odacite-siero-viso-concentrato-pfo-con-passion-fruit-arancia-per-pelle-spenta-e-opace\\\/\",\"name\":\"ODACIT\u00c8 Siero Viso Pf+O &#8226; Passion fruit & Arancia &#8226; 23 St Beauty\",\"isPartOf\":{\"@id\":\"https:\\\/\\\/www.23stbeauty.com\\\/it\\\/#website\"},\"primaryImageOfPage\":{\"@id\":\"https:\\\/\\\/www.23stbeauty.com\\\/it\\\/prodotto\\\/odacite-siero-viso-concentrato-pfo-con-passion-fruit-arancia-per-pelle-spenta-e-opace\\\/#primaryimage\"},\"image\":{\"@id\":\"https:\\\/\\\/www.23stbeauty.com\\\/it\\\/prodotto\\\/odacite-siero-viso-concentrato-pfo-con-passion-fruit-arancia-per-pelle-spenta-e-opace\\\/#primaryimage\"},\"thumbnailUrl\":\"https:\\\/\\\/www.23stbeauty.com\\\/wp-content\\\/uploads\\\/2021\\\/05\\\/Odacite-siero-viso-PfO-Dull-Skin-Serum-con-Passion-fruit-e-Arancia.jpg\",\"datePublished\":\"2021-05-24T09:56:05+00:00\",\"dateModified\":\"2025-05-06T11:40:12+00:00\",\"description\":\"Il siero viso concentrato Odacit\u00e8 Pf+O \u00e8 un vero \u201changover serum\u201d che restituisce vitalit\u00e0 e freschezza alla pelle stanca. Vegano e Biologico\",\"breadcrumb\":{\"@id\":\"https:\\\/\\\/www.23stbeauty.com\\\/it\\\/prodotto\\\/odacite-siero-viso-concentrato-pfo-con-passion-fruit-arancia-per-pelle-spenta-e-opace\\\/#breadcrumb\"},\"inLanguage\":\"it-IT\",\"potentialAction\":[{\"@type\":\"ReadAction\",\"target\":[\"https:\\\/\\\/www.23stbeauty.com\\\/it\\\/prodotto\\\/odacite-siero-viso-concentrato-pfo-con-passion-fruit-arancia-per-pelle-spenta-e-opace\\\/\"]}]},{\"@type\":\"ImageObject\",\"inLanguage\":\"it-IT\",\"@id\":\"https:\\\/\\\/www.23stbeauty.com\\\/it\\\/prodotto\\\/odacite-siero-viso-concentrato-pfo-con-passion-fruit-arancia-per-pelle-spenta-e-opace\\\/#primaryimage\",\"url\":\"https:\\\/\\\/www.23stbeauty.com\\\/wp-content\\\/uploads\\\/2021\\\/05\\\/Odacite-siero-viso-PfO-Dull-Skin-Serum-con-Passion-fruit-e-Arancia.jpg\",\"contentUrl\":\"https:\\\/\\\/www.23stbeauty.com\\\/wp-content\\\/uploads\\\/2021\\\/05\\\/Odacite-siero-viso-PfO-Dull-Skin-Serum-con-Passion-fruit-e-Arancia.jpg\",\"width\":1000,\"height\":1300,\"caption\":\"Odacit\u00e8 siero viso Pf+O Dull Skin Serum con Passion fruit e Arancia\"},{\"@type\":\"BreadcrumbList\",\"@id\":\"https:\\\/\\\/www.23stbeauty.com\\\/it\\\/prodotto\\\/odacite-siero-viso-concentrato-pfo-con-passion-fruit-arancia-per-pelle-spenta-e-opace\\\/#breadcrumb\",\"itemListElement\":[{\"@type\":\"ListItem\",\"position\":1,\"name\":\"23 St Beauty\",\"item\":\"https:\\\/\\\/www.23stbeauty.com\\\/it\\\/\"},{\"@type\":\"ListItem\",\"position\":2,\"name\":\"Shop\",\"item\":\"https:\\\/\\\/www.23stbeauty.com\\\/it\\\/negozio\\\/\"},{\"@type\":\"ListItem\",\"position\":3,\"name\":\"SKIN CARE\",\"item\":\"https:\\\/\\\/www.23stbeauty.com\\\/it\\\/categoria-prodotto\\\/skincare\\\/\"},{\"@type\":\"ListItem\",\"position\":4,\"name\":\"Pf+O Dull Skin Serum Concentrate\"}]},{\"@type\":\"WebSite\",\"@id\":\"https:\\\/\\\/www.23stbeauty.com\\\/it\\\/#website\",\"url\":\"https:\\\/\\\/www.23stbeauty.com\\\/it\\\/\",\"name\":\"23 St Beauty\",\"description\":\"Luxury Conscious Beauty tailored to you.\",\"publisher\":{\"@id\":\"https:\\\/\\\/www.23stbeauty.com\\\/it\\\/#organization\"},\"potentialAction\":[{\"@type\":\"SearchAction\",\"target\":{\"@type\":\"EntryPoint\",\"urlTemplate\":\"https:\\\/\\\/www.23stbeauty.com\\\/it\\\/?s={search_term_string}\"},\"query-input\":{\"@type\":\"PropertyValueSpecification\",\"valueRequired\":true,\"valueName\":\"search_term_string\"}}],\"inLanguage\":\"it-IT\"},{\"@type\":\"Organization\",\"@id\":\"https:\\\/\\\/www.23stbeauty.com\\\/it\\\/#organization\",\"name\":\"23 St Beauty\",\"url\":\"https:\\\/\\\/www.23stbeauty.com\\\/it\\\/\",\"logo\":{\"@type\":\"ImageObject\",\"inLanguage\":\"it-IT\",\"@id\":\"https:\\\/\\\/www.23stbeauty.com\\\/it\\\/#\\\/schema\\\/logo\\\/image\\\/\",\"url\":\"https:\\\/\\\/23stbeauty.com\\\/wp-content\\\/uploads\\\/2019\\\/08\\\/logo.png\",\"contentUrl\":\"https:\\\/\\\/23stbeauty.com\\\/wp-content\\\/uploads\\\/2019\\\/08\\\/logo.png\",\"width\":160,\"height\":158,\"caption\":\"23 St Beauty\"},\"image\":{\"@id\":\"https:\\\/\\\/www.23stbeauty.com\\\/it\\\/#\\\/schema\\\/logo\\\/image\\\/\"},\"sameAs\":[\"https:\\\/\\\/www.facebook.com\\\/23stbeauty\",\"https:\\\/\\\/www.instagram.com\\\/23stbeauty\\\/\",\"https:\\\/\\\/www.pinterest.it\\\/23stbeauty\\\/\",\"https:\\\/\\\/www.youtube.com\\\/channel\\\/UCjj3m3ULwK4_-ji8yUpV3UA\"]}]}<\/script>\n<!-- \/ Yoast SEO plugin. -->","yoast_head_json":{"title":"ODACIT\u00c8 Siero Viso Pf+O &#8226; Passion fruit & Arancia &#8226; 23 St Beauty","description":"Il siero viso concentrato Odacit\u00e8 Pf+O \u00e8 un vero \u201changover serum\u201d che restituisce vitalit\u00e0 e freschezza alla pelle stanca. Vegano e Biologico","robots":{"index":"index","follow":"follow"},"canonical":"https:\/\/www.23stbeauty.com\/it\/prodotto\/odacite-siero-viso-concentrato-pfo-con-passion-fruit-arancia-per-pelle-spenta-e-opace\/","og_locale":"it_IT","og_type":"article","og_title":"ODACIT\u00c8 Siero Viso Pf+O &#8226; Passion fruit & Arancia &#8226; 23 St Beauty","og_description":"Il siero viso concentrato Odacit\u00e8 Pf+O \u00e8 un vero \u201changover serum\u201d che restituisce vitalit\u00e0 e freschezza alla pelle stanca. Vegano e Biologico","og_url":"https:\/\/www.23stbeauty.com\/it\/prodotto\/odacite-siero-viso-concentrato-pfo-con-passion-fruit-arancia-per-pelle-spenta-e-opace\/","og_site_name":"23 St Beauty","article_publisher":"https:\/\/www.facebook.com\/23stbeauty","article_modified_time":"2025-05-06T11:40:12+00:00","og_image":[{"width":1000,"height":1300,"url":"https:\/\/www.23stbeauty.com\/wp-content\/uploads\/2021\/05\/Odacite-siero-viso-PfO-Dull-Skin-Serum-con-Passion-fruit-e-Arancia.jpg","type":"image\/jpeg"}],"twitter_card":"summary_large_image","schema":{"@context":"https:\/\/schema.org","@graph":[{"@type":"WebPage","@id":"https:\/\/www.23stbeauty.com\/it\/prodotto\/odacite-siero-viso-concentrato-pfo-con-passion-fruit-arancia-per-pelle-spenta-e-opace\/","url":"https:\/\/www.23stbeauty.com\/it\/prodotto\/odacite-siero-viso-concentrato-pfo-con-passion-fruit-arancia-per-pelle-spenta-e-opace\/","name":"ODACIT\u00c8 Siero Viso Pf+O &#8226; Passion fruit & Arancia &#8226; 23 St Beauty","isPartOf":{"@id":"https:\/\/www.23stbeauty.com\/it\/#website"},"primaryImageOfPage":{"@id":"https:\/\/www.23stbeauty.com\/it\/prodotto\/odacite-siero-viso-concentrato-pfo-con-passion-fruit-arancia-per-pelle-spenta-e-opace\/#primaryimage"},"image":{"@id":"https:\/\/www.23stbeauty.com\/it\/prodotto\/odacite-siero-viso-concentrato-pfo-con-passion-fruit-arancia-per-pelle-spenta-e-opace\/#primaryimage"},"thumbnailUrl":"https:\/\/www.23stbeauty.com\/wp-content\/uploads\/2021\/05\/Odacite-siero-viso-PfO-Dull-Skin-Serum-con-Passion-fruit-e-Arancia.jpg","datePublished":"2021-05-24T09:56:05+00:00","dateModified":"2025-05-06T11:40:12+00:00","description":"Il siero viso concentrato Odacit\u00e8 Pf+O \u00e8 un vero \u201changover serum\u201d che restituisce vitalit\u00e0 e freschezza alla pelle stanca. Vegano e Biologico","breadcrumb":{"@id":"https:\/\/www.23stbeauty.com\/it\/prodotto\/odacite-siero-viso-concentrato-pfo-con-passion-fruit-arancia-per-pelle-spenta-e-opace\/#breadcrumb"},"inLanguage":"it-IT","potentialAction":[{"@type":"ReadAction","target":["https:\/\/www.23stbeauty.com\/it\/prodotto\/odacite-siero-viso-concentrato-pfo-con-passion-fruit-arancia-per-pelle-spenta-e-opace\/"]}]},{"@type":"ImageObject","inLanguage":"it-IT","@id":"https:\/\/www.23stbeauty.com\/it\/prodotto\/odacite-siero-viso-concentrato-pfo-con-passion-fruit-arancia-per-pelle-spenta-e-opace\/#primaryimage","url":"https:\/\/www.23stbeauty.com\/wp-content\/uploads\/2021\/05\/Odacite-siero-viso-PfO-Dull-Skin-Serum-con-Passion-fruit-e-Arancia.jpg","contentUrl":"https:\/\/www.23stbeauty.com\/wp-content\/uploads\/2021\/05\/Odacite-siero-viso-PfO-Dull-Skin-Serum-con-Passion-fruit-e-Arancia.jpg","width":1000,"height":1300,"caption":"Odacit\u00e8 siero viso Pf+O Dull Skin Serum con Passion fruit e Arancia"},{"@type":"BreadcrumbList","@id":"https:\/\/www.23stbeauty.com\/it\/prodotto\/odacite-siero-viso-concentrato-pfo-con-passion-fruit-arancia-per-pelle-spenta-e-opace\/#breadcrumb","itemListElement":[{"@type":"ListItem","position":1,"name":"23 St Beauty","item":"https:\/\/www.23stbeauty.com\/it\/"},{"@type":"ListItem","position":2,"name":"Shop","item":"https:\/\/www.23stbeauty.com\/it\/negozio\/"},{"@type":"ListItem","position":3,"name":"SKIN CARE","item":"https:\/\/www.23stbeauty.com\/it\/categoria-prodotto\/skincare\/"},{"@type":"ListItem","position":4,"name":"Pf+O Dull Skin Serum Concentrate"}]},{"@type":"WebSite","@id":"https:\/\/www.23stbeauty.com\/it\/#website","url":"https:\/\/www.23stbeauty.com\/it\/","name":"23 St Beauty","description":"Luxury Conscious Beauty tailored to you.","publisher":{"@id":"https:\/\/www.23stbeauty.com\/it\/#organization"},"potentialAction":[{"@type":"SearchAction","target":{"@type":"EntryPoint","urlTemplate":"https:\/\/www.23stbeauty.com\/it\/?s={search_term_string}"},"query-input":{"@type":"PropertyValueSpecification","valueRequired":true,"valueName":"search_term_string"}}],"inLanguage":"it-IT"},{"@type":"Organization","@id":"https:\/\/www.23stbeauty.com\/it\/#organization","name":"23 St Beauty","url":"https:\/\/www.23stbeauty.com\/it\/","logo":{"@type":"ImageObject","inLanguage":"it-IT","@id":"https:\/\/www.23stbeauty.com\/it\/#\/schema\/logo\/image\/","url":"https:\/\/23stbeauty.com\/wp-content\/uploads\/2019\/08\/logo.png","contentUrl":"https:\/\/23stbeauty.com\/wp-content\/uploads\/2019\/08\/logo.png","width":160,"height":158,"caption":"23 St Beauty"},"image":{"@id":"https:\/\/www.23stbeauty.com\/it\/#\/schema\/logo\/image\/"},"sameAs":["https:\/\/www.facebook.com\/23stbeauty","https:\/\/www.instagram.com\/23stbeauty\/","https:\/\/www.pinterest.it\/23stbeauty\/","https:\/\/www.youtube.com\/channel\/UCjj3m3ULwK4_-ji8yUpV3UA"]}]}},"_links":{"self":[{"href":"https:\/\/www.23stbeauty.com\/it\/wp-json\/wp\/v2\/product\/27791","targetHints":{"allow":["GET"]}}],"collection":[{"href":"https:\/\/www.23stbeauty.com\/it\/wp-json\/wp\/v2\/product"}],"about":[{"href":"https:\/\/www.23stbeauty.com\/it\/wp-json\/wp\/v2\/types\/product"}],"replies":[{"embeddable":true,"href":"https:\/\/www.23stbeauty.com\/it\/wp-json\/wp\/v2\/comments?post=27791"}],"wp:featuredmedia":[{"embeddable":true,"href":"https:\/\/www.23stbeauty.com\/it\/wp-json\/wp\/v2\/media\/27787"}],"wp:attachment":[{"href":"https:\/\/www.23stbeauty.com\/it\/wp-json\/wp\/v2\/media?parent=27791"}],"wp:term":[{"taxonomy":"product_brand","embeddable":true,"href":"https:\/\/www.23stbeauty.com\/it\/wp-json\/wp\/v2\/product_brand?post=27791"},{"taxonomy":"product_cat","embeddable":true,"href":"https:\/\/www.23stbeauty.com\/it\/wp-json\/wp\/v2\/product_cat?post=27791"},{"taxonomy":"product_tag","embeddable":true,"href":"https:\/\/www.23stbeauty.com\/it\/wp-json\/wp\/v2\/product_tag?post=27791"}],"curies":[{"name":"wp","href":"https:\/\/api.w.org\/{rel}","templated":true}]}}