{"id":29644,"date":"2021-09-20T10:13:10","date_gmt":"2021-09-20T08:13:10","guid":{"rendered":"https:\/\/fabiom32.sg-host.com\/?post_type=product&#038;p=29644"},"modified":"2024-10-20T19:38:32","modified_gmt":"2024-10-20T17:38:32","slug":"odacite-green-smoothie-quenching-creme","status":"publish","type":"product","link":"https:\/\/www.23stbeauty.com\/it\/prodotto\/odacite-green-smoothie-quenching-creme\/","title":{"rendered":"Green Smoothie Quenching Cr\u00e8me"},"content":{"rendered":"<p><em>Un green smoothie per la tua pelle!<\/em> \ud83e\udd52\ud83e\udd6c\ud83c\udf4f\ud83e\udd66\u2060\u2060<\/p>\n<p>Green Smoothie Quenching Cr\u00e8me \u00e8 una <strong>crema viso idratante non comedogena<\/strong> che <strong>disseta &amp; rivitalizza la tua pelle<\/strong> senza appesantirla, grazie ad un mix di preziosi <strong>ingredienti attivi<\/strong> e potenti <strong>estratti botanici<\/strong>, per risultati visibili e provati*.<\/p>\n<p>La <strong>texture leggera<\/strong> si assorbe velocemente ma allo stesso tempo <strong>idrata la tua pelle intensamente<\/strong> trattenendo l&#8217;umidit\u00e0 &#8211; <strong>senza ostruire i pori<\/strong>!<br \/>\nIl risultato? La pelle \u00e8 setosa, fresca, visibilmente rimpolpata, lenita &amp; idratata&#8230; con una ritrovata vitalit\u00e0!<br \/>\nContiene <strong>16 superfood &amp; estratti naturali<\/strong>, inclusi:<\/p>\n<ul>\n<li><strong>Cetriolo<\/strong><br \/>\nIn squadra con l&#8217;<strong>acido ialuronico<\/strong> \u00e8 incredibile nel creare una vera e propria \u201c<em><strong>riserva d&#8217;acqua<\/strong><\/em>\u201d per la pelle, facendola apparire compatta e morbida.<\/li>\n<li><strong>Succo di Melograno<\/strong> + <strong>Mela<\/strong> + <strong>Uva<\/strong><br \/>\nQuesti ingredienti sono ricchi di <strong>vitamina C<\/strong>, polifenoli e antiossidanti, che proteggono la pelle dai danni ambientali.<\/li>\n<li><strong>Estratto di Neem<\/strong> + <strong>Tulsi<\/strong><br \/>\nDalle propriet\u00e0 purificanti ed astringenti, rendono pi\u00f9 omogeneo l\u2019incarnato, riducendo la comparsa di imperfezioni.<\/li>\n<\/ul>\n<p><em><strong>I risultati<\/strong><\/em><br \/>\nIl 70% concorda sul fatto che la pelle appare pi\u00f9 sana, liscia ed elastica*.<br \/>\nIl 73% concorda sul fatto che il prodotto ha un effetto calmante immediato*.<br \/>\nL&#8217;80% concorda sul fatto che la pelle sembra pi\u00f9 vitale*.<br \/>\nL&#8217;86% concorda sul fatto che il prodotto \u00e8 leggero e si assorbe velocemente*.<\/p>\n<p>Ideale per pelli normali, sensibili, miste, grasse o a tendenza acneica.<\/p>\n<p><strong>100% NATURALE<\/strong> \u2022 <strong>DERMATOLOGICAMENTE TESTATO<\/strong> \u2022 <strong>VEGANO<\/strong> \u2022 <strong>SENZA OGM<\/strong> \u2022 <strong>GLUTEN FREE<\/strong><\/p>\n<p><em>*Studio indipendente sui consumatori condotto su 30 soggetti uomini &amp; donne.<\/em><\/p>\n","protected":false},"excerpt":{"rendered":"<p>Crema viso idratante con cetriolo &amp; mela<\/p>\n","protected":false},"featured_media":45612,"comment_status":"open","ping_status":"closed","template":"","meta":{"_acf_changed":false,"content-type":""},"product_brand":[],"product_cat":[100,92],"product_tag":[463],"class_list":{"0":"post-29644","1":"product","2":"type-product","3":"status-publish","4":"has-post-thumbnail","6":"solution-acne","7":"solution-imperfezioni-pori-dilatati","8":"solution-pelle-irritata","9":"solution-pelle-spenta-e-opaca","10":"formulation-crema","11":"extra-prodotto-certificato","12":"extra-senza-alcool","13":"extra-senza-profumo","14":"extra-cosmesi-vegana","15":"skintype-pelle-combinata","16":"skintype-pelle-grassa","17":"skintype-pelle-normale","18":"skintype-pelle-secca","19":"trends-crema-idratante","20":"trends-crema-vegana","21":"trends-crema-viso","22":"product_cat-creme-oli-viso","23":"product_cat-skincare","24":"product_tag-odacite","25":"entry","27":"first","28":"outofstock","29":"taxable","30":"shipping-taxable","31":"purchasable","32":"product-type-simple"},"acf":[],"yoast_head":"<!-- This site is optimized with the Yoast SEO plugin v27.3 - https:\/\/yoast.com\/product\/yoast-seo-wordpress\/ -->\n<title>ODACIT\u00c9 Green Smoothie Quenching Cr\u00e8me &#8226; Crema Viso &#8226; 23 St Beauty<\/title>\n<meta name=\"description\" content=\"Odacit\u00e9 Green Smoothie Quenching Cr\u00e8me \u00e8 una crema viso idratante non comedogena 100% naturale &amp; vegan. Con superfood come cetriolo &amp; mela.\" \/>\n<meta name=\"robots\" content=\"index, follow\" \/>\n<link rel=\"canonical\" href=\"https:\/\/www.23stbeauty.com\/it\/prodotto\/odacite-green-smoothie-quenching-creme\/\" \/>\n<meta property=\"og:locale\" content=\"it_IT\" \/>\n<meta property=\"og:type\" content=\"article\" \/>\n<meta property=\"og:title\" content=\"ODACIT\u00c9 Green Smoothie Quenching Cr\u00e8me &#8226; Crema Viso &#8226; 23 St Beauty\" \/>\n<meta property=\"og:description\" content=\"Odacit\u00e9 Green Smoothie Quenching Cr\u00e8me \u00e8 una crema viso idratante non comedogena 100% naturale &amp; vegan. Con superfood come cetriolo &amp; mela.\" \/>\n<meta property=\"og:url\" content=\"https:\/\/www.23stbeauty.com\/it\/prodotto\/odacite-green-smoothie-quenching-creme\/\" \/>\n<meta property=\"og:site_name\" content=\"23 St Beauty\" \/>\n<meta property=\"article:publisher\" content=\"https:\/\/www.facebook.com\/23stbeauty\" \/>\n<meta property=\"article:modified_time\" content=\"2024-10-20T17:38:32+00:00\" \/>\n<meta property=\"og:image\" content=\"https:\/\/www.23stbeauty.com\/wp-content\/uploads\/2021\/09\/Green-Smoothie-Quenching-Creme-odacite-italia-min.jpg\" \/>\n\t<meta property=\"og:image:width\" content=\"1000\" \/>\n\t<meta property=\"og:image:height\" content=\"1300\" \/>\n\t<meta property=\"og:image:type\" content=\"image\/jpeg\" \/>\n<meta name=\"twitter:card\" content=\"summary_large_image\" \/>\n<script type=\"application\/ld+json\" class=\"yoast-schema-graph\">{\"@context\":\"https:\\\/\\\/schema.org\",\"@graph\":[{\"@type\":\"WebPage\",\"@id\":\"https:\\\/\\\/www.23stbeauty.com\\\/it\\\/prodotto\\\/odacite-green-smoothie-quenching-creme\\\/\",\"url\":\"https:\\\/\\\/www.23stbeauty.com\\\/it\\\/prodotto\\\/odacite-green-smoothie-quenching-creme\\\/\",\"name\":\"ODACIT\u00c9 Green Smoothie Quenching Cr\u00e8me &#8226; Crema Viso &#8226; 23 St Beauty\",\"isPartOf\":{\"@id\":\"https:\\\/\\\/www.23stbeauty.com\\\/it\\\/#website\"},\"primaryImageOfPage\":{\"@id\":\"https:\\\/\\\/www.23stbeauty.com\\\/it\\\/prodotto\\\/odacite-green-smoothie-quenching-creme\\\/#primaryimage\"},\"image\":{\"@id\":\"https:\\\/\\\/www.23stbeauty.com\\\/it\\\/prodotto\\\/odacite-green-smoothie-quenching-creme\\\/#primaryimage\"},\"thumbnailUrl\":\"https:\\\/\\\/www.23stbeauty.com\\\/wp-content\\\/uploads\\\/2021\\\/09\\\/Green-Smoothie-Quenching-Creme-odacite-italia-min.jpg\",\"datePublished\":\"2021-09-20T08:13:10+00:00\",\"dateModified\":\"2024-10-20T17:38:32+00:00\",\"description\":\"Odacit\u00e9 Green Smoothie Quenching Cr\u00e8me \u00e8 una crema viso idratante non comedogena 100% naturale & vegan. Con superfood come cetriolo & mela.\",\"breadcrumb\":{\"@id\":\"https:\\\/\\\/www.23stbeauty.com\\\/it\\\/prodotto\\\/odacite-green-smoothie-quenching-creme\\\/#breadcrumb\"},\"inLanguage\":\"it-IT\",\"potentialAction\":[{\"@type\":\"ReadAction\",\"target\":[\"https:\\\/\\\/www.23stbeauty.com\\\/it\\\/prodotto\\\/odacite-green-smoothie-quenching-creme\\\/\"]}]},{\"@type\":\"ImageObject\",\"inLanguage\":\"it-IT\",\"@id\":\"https:\\\/\\\/www.23stbeauty.com\\\/it\\\/prodotto\\\/odacite-green-smoothie-quenching-creme\\\/#primaryimage\",\"url\":\"https:\\\/\\\/www.23stbeauty.com\\\/wp-content\\\/uploads\\\/2021\\\/09\\\/Green-Smoothie-Quenching-Creme-odacite-italia-min.jpg\",\"contentUrl\":\"https:\\\/\\\/www.23stbeauty.com\\\/wp-content\\\/uploads\\\/2021\\\/09\\\/Green-Smoothie-Quenching-Creme-odacite-italia-min.jpg\",\"width\":1000,\"height\":1300,\"caption\":\"Green-Smoothie-Quenching-Creme-odacite-italia\"},{\"@type\":\"BreadcrumbList\",\"@id\":\"https:\\\/\\\/www.23stbeauty.com\\\/it\\\/prodotto\\\/odacite-green-smoothie-quenching-creme\\\/#breadcrumb\",\"itemListElement\":[{\"@type\":\"ListItem\",\"position\":1,\"name\":\"23 St Beauty\",\"item\":\"https:\\\/\\\/www.23stbeauty.com\\\/it\\\/\"},{\"@type\":\"ListItem\",\"position\":2,\"name\":\"Shop\",\"item\":\"https:\\\/\\\/www.23stbeauty.com\\\/it\\\/negozio\\\/\"},{\"@type\":\"ListItem\",\"position\":3,\"name\":\"SKIN CARE\",\"item\":\"https:\\\/\\\/www.23stbeauty.com\\\/it\\\/categoria-prodotto\\\/skincare\\\/\"},{\"@type\":\"ListItem\",\"position\":4,\"name\":\"Green Smoothie Quenching Cr\u00e8me\"}]},{\"@type\":\"WebSite\",\"@id\":\"https:\\\/\\\/www.23stbeauty.com\\\/it\\\/#website\",\"url\":\"https:\\\/\\\/www.23stbeauty.com\\\/it\\\/\",\"name\":\"23 St Beauty\",\"description\":\"Luxury Conscious Beauty tailored to you.\",\"publisher\":{\"@id\":\"https:\\\/\\\/www.23stbeauty.com\\\/it\\\/#organization\"},\"potentialAction\":[{\"@type\":\"SearchAction\",\"target\":{\"@type\":\"EntryPoint\",\"urlTemplate\":\"https:\\\/\\\/www.23stbeauty.com\\\/it\\\/?s={search_term_string}\"},\"query-input\":{\"@type\":\"PropertyValueSpecification\",\"valueRequired\":true,\"valueName\":\"search_term_string\"}}],\"inLanguage\":\"it-IT\"},{\"@type\":\"Organization\",\"@id\":\"https:\\\/\\\/www.23stbeauty.com\\\/it\\\/#organization\",\"name\":\"23 St Beauty\",\"url\":\"https:\\\/\\\/www.23stbeauty.com\\\/it\\\/\",\"logo\":{\"@type\":\"ImageObject\",\"inLanguage\":\"it-IT\",\"@id\":\"https:\\\/\\\/www.23stbeauty.com\\\/it\\\/#\\\/schema\\\/logo\\\/image\\\/\",\"url\":\"https:\\\/\\\/23stbeauty.com\\\/wp-content\\\/uploads\\\/2019\\\/08\\\/logo.png\",\"contentUrl\":\"https:\\\/\\\/23stbeauty.com\\\/wp-content\\\/uploads\\\/2019\\\/08\\\/logo.png\",\"width\":160,\"height\":158,\"caption\":\"23 St Beauty\"},\"image\":{\"@id\":\"https:\\\/\\\/www.23stbeauty.com\\\/it\\\/#\\\/schema\\\/logo\\\/image\\\/\"},\"sameAs\":[\"https:\\\/\\\/www.facebook.com\\\/23stbeauty\",\"https:\\\/\\\/www.instagram.com\\\/23stbeauty\\\/\",\"https:\\\/\\\/www.pinterest.it\\\/23stbeauty\\\/\",\"https:\\\/\\\/www.youtube.com\\\/channel\\\/UCjj3m3ULwK4_-ji8yUpV3UA\"]}]}<\/script>\n<!-- \/ Yoast SEO plugin. -->","yoast_head_json":{"title":"ODACIT\u00c9 Green Smoothie Quenching Cr\u00e8me &#8226; Crema Viso &#8226; 23 St Beauty","description":"Odacit\u00e9 Green Smoothie Quenching Cr\u00e8me \u00e8 una crema viso idratante non comedogena 100% naturale & vegan. Con superfood come cetriolo & mela.","robots":{"index":"index","follow":"follow"},"canonical":"https:\/\/www.23stbeauty.com\/it\/prodotto\/odacite-green-smoothie-quenching-creme\/","og_locale":"it_IT","og_type":"article","og_title":"ODACIT\u00c9 Green Smoothie Quenching Cr\u00e8me &#8226; Crema Viso &#8226; 23 St Beauty","og_description":"Odacit\u00e9 Green Smoothie Quenching Cr\u00e8me \u00e8 una crema viso idratante non comedogena 100% naturale & vegan. Con superfood come cetriolo & mela.","og_url":"https:\/\/www.23stbeauty.com\/it\/prodotto\/odacite-green-smoothie-quenching-creme\/","og_site_name":"23 St Beauty","article_publisher":"https:\/\/www.facebook.com\/23stbeauty","article_modified_time":"2024-10-20T17:38:32+00:00","og_image":[{"width":1000,"height":1300,"url":"https:\/\/www.23stbeauty.com\/wp-content\/uploads\/2021\/09\/Green-Smoothie-Quenching-Creme-odacite-italia-min.jpg","type":"image\/jpeg"}],"twitter_card":"summary_large_image","schema":{"@context":"https:\/\/schema.org","@graph":[{"@type":"WebPage","@id":"https:\/\/www.23stbeauty.com\/it\/prodotto\/odacite-green-smoothie-quenching-creme\/","url":"https:\/\/www.23stbeauty.com\/it\/prodotto\/odacite-green-smoothie-quenching-creme\/","name":"ODACIT\u00c9 Green Smoothie Quenching Cr\u00e8me &#8226; Crema Viso &#8226; 23 St Beauty","isPartOf":{"@id":"https:\/\/www.23stbeauty.com\/it\/#website"},"primaryImageOfPage":{"@id":"https:\/\/www.23stbeauty.com\/it\/prodotto\/odacite-green-smoothie-quenching-creme\/#primaryimage"},"image":{"@id":"https:\/\/www.23stbeauty.com\/it\/prodotto\/odacite-green-smoothie-quenching-creme\/#primaryimage"},"thumbnailUrl":"https:\/\/www.23stbeauty.com\/wp-content\/uploads\/2021\/09\/Green-Smoothie-Quenching-Creme-odacite-italia-min.jpg","datePublished":"2021-09-20T08:13:10+00:00","dateModified":"2024-10-20T17:38:32+00:00","description":"Odacit\u00e9 Green Smoothie Quenching Cr\u00e8me \u00e8 una crema viso idratante non comedogena 100% naturale & vegan. Con superfood come cetriolo & mela.","breadcrumb":{"@id":"https:\/\/www.23stbeauty.com\/it\/prodotto\/odacite-green-smoothie-quenching-creme\/#breadcrumb"},"inLanguage":"it-IT","potentialAction":[{"@type":"ReadAction","target":["https:\/\/www.23stbeauty.com\/it\/prodotto\/odacite-green-smoothie-quenching-creme\/"]}]},{"@type":"ImageObject","inLanguage":"it-IT","@id":"https:\/\/www.23stbeauty.com\/it\/prodotto\/odacite-green-smoothie-quenching-creme\/#primaryimage","url":"https:\/\/www.23stbeauty.com\/wp-content\/uploads\/2021\/09\/Green-Smoothie-Quenching-Creme-odacite-italia-min.jpg","contentUrl":"https:\/\/www.23stbeauty.com\/wp-content\/uploads\/2021\/09\/Green-Smoothie-Quenching-Creme-odacite-italia-min.jpg","width":1000,"height":1300,"caption":"Green-Smoothie-Quenching-Creme-odacite-italia"},{"@type":"BreadcrumbList","@id":"https:\/\/www.23stbeauty.com\/it\/prodotto\/odacite-green-smoothie-quenching-creme\/#breadcrumb","itemListElement":[{"@type":"ListItem","position":1,"name":"23 St Beauty","item":"https:\/\/www.23stbeauty.com\/it\/"},{"@type":"ListItem","position":2,"name":"Shop","item":"https:\/\/www.23stbeauty.com\/it\/negozio\/"},{"@type":"ListItem","position":3,"name":"SKIN CARE","item":"https:\/\/www.23stbeauty.com\/it\/categoria-prodotto\/skincare\/"},{"@type":"ListItem","position":4,"name":"Green Smoothie Quenching Cr\u00e8me"}]},{"@type":"WebSite","@id":"https:\/\/www.23stbeauty.com\/it\/#website","url":"https:\/\/www.23stbeauty.com\/it\/","name":"23 St Beauty","description":"Luxury Conscious Beauty tailored to you.","publisher":{"@id":"https:\/\/www.23stbeauty.com\/it\/#organization"},"potentialAction":[{"@type":"SearchAction","target":{"@type":"EntryPoint","urlTemplate":"https:\/\/www.23stbeauty.com\/it\/?s={search_term_string}"},"query-input":{"@type":"PropertyValueSpecification","valueRequired":true,"valueName":"search_term_string"}}],"inLanguage":"it-IT"},{"@type":"Organization","@id":"https:\/\/www.23stbeauty.com\/it\/#organization","name":"23 St Beauty","url":"https:\/\/www.23stbeauty.com\/it\/","logo":{"@type":"ImageObject","inLanguage":"it-IT","@id":"https:\/\/www.23stbeauty.com\/it\/#\/schema\/logo\/image\/","url":"https:\/\/23stbeauty.com\/wp-content\/uploads\/2019\/08\/logo.png","contentUrl":"https:\/\/23stbeauty.com\/wp-content\/uploads\/2019\/08\/logo.png","width":160,"height":158,"caption":"23 St Beauty"},"image":{"@id":"https:\/\/www.23stbeauty.com\/it\/#\/schema\/logo\/image\/"},"sameAs":["https:\/\/www.facebook.com\/23stbeauty","https:\/\/www.instagram.com\/23stbeauty\/","https:\/\/www.pinterest.it\/23stbeauty\/","https:\/\/www.youtube.com\/channel\/UCjj3m3ULwK4_-ji8yUpV3UA"]}]}},"_links":{"self":[{"href":"https:\/\/www.23stbeauty.com\/it\/wp-json\/wp\/v2\/product\/29644","targetHints":{"allow":["GET"]}}],"collection":[{"href":"https:\/\/www.23stbeauty.com\/it\/wp-json\/wp\/v2\/product"}],"about":[{"href":"https:\/\/www.23stbeauty.com\/it\/wp-json\/wp\/v2\/types\/product"}],"replies":[{"embeddable":true,"href":"https:\/\/www.23stbeauty.com\/it\/wp-json\/wp\/v2\/comments?post=29644"}],"wp:featuredmedia":[{"embeddable":true,"href":"https:\/\/www.23stbeauty.com\/it\/wp-json\/wp\/v2\/media\/45612"}],"wp:attachment":[{"href":"https:\/\/www.23stbeauty.com\/it\/wp-json\/wp\/v2\/media?parent=29644"}],"wp:term":[{"taxonomy":"product_brand","embeddable":true,"href":"https:\/\/www.23stbeauty.com\/it\/wp-json\/wp\/v2\/product_brand?post=29644"},{"taxonomy":"product_cat","embeddable":true,"href":"https:\/\/www.23stbeauty.com\/it\/wp-json\/wp\/v2\/product_cat?post=29644"},{"taxonomy":"product_tag","embeddable":true,"href":"https:\/\/www.23stbeauty.com\/it\/wp-json\/wp\/v2\/product_tag?post=29644"}],"curies":[{"name":"wp","href":"https:\/\/api.w.org\/{rel}","templated":true}]}}