{"id":39379,"date":"2022-12-01T01:45:06","date_gmt":"2022-12-01T00:45:06","guid":{"rendered":"https:\/\/fabiom32.sg-host.com\/?post_type=product&#038;p=39379"},"modified":"2025-01-17T22:03:01","modified_gmt":"2025-01-17T21:03:01","slug":"lychee-creme-corrector-dos-correttore-illuminante-in-crema","status":"publish","type":"product","link":"https:\/\/www.23stbeauty.com\/it\/prodotto\/lychee-creme-corrector-dos-correttore-illuminante-in-crema\/","title":{"rendered":"Lychee Cr\u00e8me Corrector Dos"},"content":{"rendered":"<p>Lychee Cr\u00e8me Corrector \u00e8 un <strong>correttore illuminante in crema<\/strong> altamente pigmentato che corregge, idrata ed illumina la pelle, uniformando perfettamente l&#8217;incarnato.<br \/>\nLa <strong>texture cremosa<\/strong> \u00e8 facile da sfumare e garantisce una <strong>copertura ottimale<\/strong> ed un <strong>finish matte<\/strong> impeccabile.<br \/>\nPerfetto per l\u2019area del contorno occhi e per il viso, <strong>corregge occhiaie<\/strong>, <strong>imperfezioni<\/strong> e <strong>discromie cutanee<\/strong>.<br \/>\nLa formula \u00e8 arricchita con <strong>litchi<\/strong> ad azione idratante + <strong>vitamina E<\/strong> &amp; <strong>C<\/strong>.<\/p>\n<p>La <strong>tonalit\u00e0 DOS<\/strong> color <strong>miele\/beige<\/strong> \u00e8 perfetta per le carnagioni chiare.<\/p>\n<p><strong>Oftalmologicamente testato<\/strong> e quindi completamente sicuro per la delicata zona perioculare.<br \/>\nIdeale per tutti i tipi di pelle, compresa la pelle matura, sensibile o a tendenza acneica.<br \/>\nFormula Vegan &amp; Cruelty-Free, senza OGM.<\/p>\n","protected":false},"excerpt":{"rendered":"<p>Correttore illuminante in crema adatto a carnagioni chiare<\/p>\n","protected":false},"featured_media":39359,"comment_status":"open","ping_status":"closed","template":"","meta":{"_acf_changed":false,"content-type":""},"product_brand":[],"product_cat":[93,109],"product_tag":[397],"class_list":{"0":"post-39379","1":"product","2":"type-product","3":"status-publish","4":"has-post-thumbnail","6":"formulation-crema","7":"extra-prodotto-certificato","8":"extra-senza-alcool","9":"extra-senza-profumo","10":"extra-cosmesi-vegana","11":"product_cat-make-up","12":"product_cat-viso","13":"product_tag-ere-perez","14":"entry","16":"first","17":"outofstock","18":"taxable","19":"shipping-taxable","20":"purchasable","21":"product-type-simple"},"acf":[],"yoast_head":"<!-- This site is optimized with the Yoast SEO plugin v27.3 - https:\/\/yoast.com\/product\/yoast-seo-wordpress\/ -->\n<title>Lychee Cr\u00e8me Corrector Dos ERE PEREZ &#8226; 23 St Beauty<\/title>\n<meta name=\"description\" content=\"Ere Perez Lychee Cr\u00e8me Corrector \u00e8 il correttore illuminante in crema naturale &amp; vegan. Corregge occhiaie, imperfezioni e discromie cutanee.\" \/>\n<meta name=\"robots\" content=\"index, follow\" \/>\n<link rel=\"canonical\" href=\"https:\/\/www.23stbeauty.com\/it\/prodotto\/lychee-creme-corrector-dos-correttore-illuminante-in-crema\/\" \/>\n<meta property=\"og:locale\" content=\"it_IT\" \/>\n<meta property=\"og:type\" content=\"article\" \/>\n<meta property=\"og:title\" content=\"Lychee Cr\u00e8me Corrector Dos ERE PEREZ &#8226; 23 St Beauty\" \/>\n<meta property=\"og:description\" content=\"Ere Perez Lychee Cr\u00e8me Corrector \u00e8 il correttore illuminante in crema naturale &amp; vegan. Corregge occhiaie, imperfezioni e discromie cutanee.\" \/>\n<meta property=\"og:url\" content=\"https:\/\/www.23stbeauty.com\/it\/prodotto\/lychee-creme-corrector-dos-correttore-illuminante-in-crema\/\" \/>\n<meta property=\"og:site_name\" content=\"23 St Beauty\" \/>\n<meta property=\"article:publisher\" content=\"https:\/\/www.facebook.com\/23stbeauty\" \/>\n<meta property=\"article:modified_time\" content=\"2025-01-17T21:03:01+00:00\" \/>\n<meta property=\"og:image\" content=\"https:\/\/www.23stbeauty.com\/wp-content\/uploads\/2022\/11\/Ere-Perez-correttore-naturale-in-crema-Lychee-Creme-Corrector-dos.jpg\" \/>\n\t<meta property=\"og:image:width\" content=\"1000\" \/>\n\t<meta property=\"og:image:height\" content=\"1300\" \/>\n\t<meta property=\"og:image:type\" content=\"image\/jpeg\" \/>\n<meta name=\"twitter:card\" content=\"summary_large_image\" \/>\n<script type=\"application\/ld+json\" class=\"yoast-schema-graph\">{\"@context\":\"https:\\\/\\\/schema.org\",\"@graph\":[{\"@type\":\"WebPage\",\"@id\":\"https:\\\/\\\/www.23stbeauty.com\\\/it\\\/prodotto\\\/lychee-creme-corrector-dos-correttore-illuminante-in-crema\\\/\",\"url\":\"https:\\\/\\\/www.23stbeauty.com\\\/it\\\/prodotto\\\/lychee-creme-corrector-dos-correttore-illuminante-in-crema\\\/\",\"name\":\"Lychee Cr\u00e8me Corrector Dos ERE PEREZ &#8226; 23 St Beauty\",\"isPartOf\":{\"@id\":\"https:\\\/\\\/www.23stbeauty.com\\\/it\\\/#website\"},\"primaryImageOfPage\":{\"@id\":\"https:\\\/\\\/www.23stbeauty.com\\\/it\\\/prodotto\\\/lychee-creme-corrector-dos-correttore-illuminante-in-crema\\\/#primaryimage\"},\"image\":{\"@id\":\"https:\\\/\\\/www.23stbeauty.com\\\/it\\\/prodotto\\\/lychee-creme-corrector-dos-correttore-illuminante-in-crema\\\/#primaryimage\"},\"thumbnailUrl\":\"https:\\\/\\\/www.23stbeauty.com\\\/wp-content\\\/uploads\\\/2022\\\/11\\\/Ere-Perez-correttore-naturale-in-crema-Lychee-Creme-Corrector-dos.jpg\",\"datePublished\":\"2022-12-01T00:45:06+00:00\",\"dateModified\":\"2025-01-17T21:03:01+00:00\",\"description\":\"Ere Perez Lychee Cr\u00e8me Corrector \u00e8 il correttore illuminante in crema naturale & vegan. Corregge occhiaie, imperfezioni e discromie cutanee.\",\"breadcrumb\":{\"@id\":\"https:\\\/\\\/www.23stbeauty.com\\\/it\\\/prodotto\\\/lychee-creme-corrector-dos-correttore-illuminante-in-crema\\\/#breadcrumb\"},\"inLanguage\":\"it-IT\",\"potentialAction\":[{\"@type\":\"ReadAction\",\"target\":[\"https:\\\/\\\/www.23stbeauty.com\\\/it\\\/prodotto\\\/lychee-creme-corrector-dos-correttore-illuminante-in-crema\\\/\"]}]},{\"@type\":\"ImageObject\",\"inLanguage\":\"it-IT\",\"@id\":\"https:\\\/\\\/www.23stbeauty.com\\\/it\\\/prodotto\\\/lychee-creme-corrector-dos-correttore-illuminante-in-crema\\\/#primaryimage\",\"url\":\"https:\\\/\\\/www.23stbeauty.com\\\/wp-content\\\/uploads\\\/2022\\\/11\\\/Ere-Perez-correttore-naturale-in-crema-Lychee-Creme-Corrector-dos.jpg\",\"contentUrl\":\"https:\\\/\\\/www.23stbeauty.com\\\/wp-content\\\/uploads\\\/2022\\\/11\\\/Ere-Perez-correttore-naturale-in-crema-Lychee-Creme-Corrector-dos.jpg\",\"width\":1000,\"height\":1300,\"caption\":\"Ere Perez correttore naturale in crema Lychee Cr\u00e8me Corrector dos\"},{\"@type\":\"BreadcrumbList\",\"@id\":\"https:\\\/\\\/www.23stbeauty.com\\\/it\\\/prodotto\\\/lychee-creme-corrector-dos-correttore-illuminante-in-crema\\\/#breadcrumb\",\"itemListElement\":[{\"@type\":\"ListItem\",\"position\":1,\"name\":\"23 St Beauty\",\"item\":\"https:\\\/\\\/www.23stbeauty.com\\\/it\\\/\"},{\"@type\":\"ListItem\",\"position\":2,\"name\":\"Shop\",\"item\":\"https:\\\/\\\/www.23stbeauty.com\\\/it\\\/negozio\\\/\"},{\"@type\":\"ListItem\",\"position\":3,\"name\":\"MAKE UP\",\"item\":\"https:\\\/\\\/www.23stbeauty.com\\\/it\\\/categoria-prodotto\\\/make-up\\\/\"},{\"@type\":\"ListItem\",\"position\":4,\"name\":\"Lychee Cr\u00e8me Corrector Dos\"}]},{\"@type\":\"WebSite\",\"@id\":\"https:\\\/\\\/www.23stbeauty.com\\\/it\\\/#website\",\"url\":\"https:\\\/\\\/www.23stbeauty.com\\\/it\\\/\",\"name\":\"23 St Beauty\",\"description\":\"Luxury Conscious Beauty tailored to you.\",\"publisher\":{\"@id\":\"https:\\\/\\\/www.23stbeauty.com\\\/it\\\/#organization\"},\"potentialAction\":[{\"@type\":\"SearchAction\",\"target\":{\"@type\":\"EntryPoint\",\"urlTemplate\":\"https:\\\/\\\/www.23stbeauty.com\\\/it\\\/?s={search_term_string}\"},\"query-input\":{\"@type\":\"PropertyValueSpecification\",\"valueRequired\":true,\"valueName\":\"search_term_string\"}}],\"inLanguage\":\"it-IT\"},{\"@type\":\"Organization\",\"@id\":\"https:\\\/\\\/www.23stbeauty.com\\\/it\\\/#organization\",\"name\":\"23 St Beauty\",\"url\":\"https:\\\/\\\/www.23stbeauty.com\\\/it\\\/\",\"logo\":{\"@type\":\"ImageObject\",\"inLanguage\":\"it-IT\",\"@id\":\"https:\\\/\\\/www.23stbeauty.com\\\/it\\\/#\\\/schema\\\/logo\\\/image\\\/\",\"url\":\"https:\\\/\\\/23stbeauty.com\\\/wp-content\\\/uploads\\\/2019\\\/08\\\/logo.png\",\"contentUrl\":\"https:\\\/\\\/23stbeauty.com\\\/wp-content\\\/uploads\\\/2019\\\/08\\\/logo.png\",\"width\":160,\"height\":158,\"caption\":\"23 St Beauty\"},\"image\":{\"@id\":\"https:\\\/\\\/www.23stbeauty.com\\\/it\\\/#\\\/schema\\\/logo\\\/image\\\/\"},\"sameAs\":[\"https:\\\/\\\/www.facebook.com\\\/23stbeauty\",\"https:\\\/\\\/www.instagram.com\\\/23stbeauty\\\/\",\"https:\\\/\\\/www.pinterest.it\\\/23stbeauty\\\/\",\"https:\\\/\\\/www.youtube.com\\\/channel\\\/UCjj3m3ULwK4_-ji8yUpV3UA\"]}]}<\/script>\n<!-- \/ Yoast SEO plugin. -->","yoast_head_json":{"title":"Lychee Cr\u00e8me Corrector Dos ERE PEREZ &#8226; 23 St Beauty","description":"Ere Perez Lychee Cr\u00e8me Corrector \u00e8 il correttore illuminante in crema naturale & vegan. Corregge occhiaie, imperfezioni e discromie cutanee.","robots":{"index":"index","follow":"follow"},"canonical":"https:\/\/www.23stbeauty.com\/it\/prodotto\/lychee-creme-corrector-dos-correttore-illuminante-in-crema\/","og_locale":"it_IT","og_type":"article","og_title":"Lychee Cr\u00e8me Corrector Dos ERE PEREZ &#8226; 23 St Beauty","og_description":"Ere Perez Lychee Cr\u00e8me Corrector \u00e8 il correttore illuminante in crema naturale & vegan. Corregge occhiaie, imperfezioni e discromie cutanee.","og_url":"https:\/\/www.23stbeauty.com\/it\/prodotto\/lychee-creme-corrector-dos-correttore-illuminante-in-crema\/","og_site_name":"23 St Beauty","article_publisher":"https:\/\/www.facebook.com\/23stbeauty","article_modified_time":"2025-01-17T21:03:01+00:00","og_image":[{"width":1000,"height":1300,"url":"https:\/\/www.23stbeauty.com\/wp-content\/uploads\/2022\/11\/Ere-Perez-correttore-naturale-in-crema-Lychee-Creme-Corrector-dos.jpg","type":"image\/jpeg"}],"twitter_card":"summary_large_image","schema":{"@context":"https:\/\/schema.org","@graph":[{"@type":"WebPage","@id":"https:\/\/www.23stbeauty.com\/it\/prodotto\/lychee-creme-corrector-dos-correttore-illuminante-in-crema\/","url":"https:\/\/www.23stbeauty.com\/it\/prodotto\/lychee-creme-corrector-dos-correttore-illuminante-in-crema\/","name":"Lychee Cr\u00e8me Corrector Dos ERE PEREZ &#8226; 23 St Beauty","isPartOf":{"@id":"https:\/\/www.23stbeauty.com\/it\/#website"},"primaryImageOfPage":{"@id":"https:\/\/www.23stbeauty.com\/it\/prodotto\/lychee-creme-corrector-dos-correttore-illuminante-in-crema\/#primaryimage"},"image":{"@id":"https:\/\/www.23stbeauty.com\/it\/prodotto\/lychee-creme-corrector-dos-correttore-illuminante-in-crema\/#primaryimage"},"thumbnailUrl":"https:\/\/www.23stbeauty.com\/wp-content\/uploads\/2022\/11\/Ere-Perez-correttore-naturale-in-crema-Lychee-Creme-Corrector-dos.jpg","datePublished":"2022-12-01T00:45:06+00:00","dateModified":"2025-01-17T21:03:01+00:00","description":"Ere Perez Lychee Cr\u00e8me Corrector \u00e8 il correttore illuminante in crema naturale & vegan. Corregge occhiaie, imperfezioni e discromie cutanee.","breadcrumb":{"@id":"https:\/\/www.23stbeauty.com\/it\/prodotto\/lychee-creme-corrector-dos-correttore-illuminante-in-crema\/#breadcrumb"},"inLanguage":"it-IT","potentialAction":[{"@type":"ReadAction","target":["https:\/\/www.23stbeauty.com\/it\/prodotto\/lychee-creme-corrector-dos-correttore-illuminante-in-crema\/"]}]},{"@type":"ImageObject","inLanguage":"it-IT","@id":"https:\/\/www.23stbeauty.com\/it\/prodotto\/lychee-creme-corrector-dos-correttore-illuminante-in-crema\/#primaryimage","url":"https:\/\/www.23stbeauty.com\/wp-content\/uploads\/2022\/11\/Ere-Perez-correttore-naturale-in-crema-Lychee-Creme-Corrector-dos.jpg","contentUrl":"https:\/\/www.23stbeauty.com\/wp-content\/uploads\/2022\/11\/Ere-Perez-correttore-naturale-in-crema-Lychee-Creme-Corrector-dos.jpg","width":1000,"height":1300,"caption":"Ere Perez correttore naturale in crema Lychee Cr\u00e8me Corrector dos"},{"@type":"BreadcrumbList","@id":"https:\/\/www.23stbeauty.com\/it\/prodotto\/lychee-creme-corrector-dos-correttore-illuminante-in-crema\/#breadcrumb","itemListElement":[{"@type":"ListItem","position":1,"name":"23 St Beauty","item":"https:\/\/www.23stbeauty.com\/it\/"},{"@type":"ListItem","position":2,"name":"Shop","item":"https:\/\/www.23stbeauty.com\/it\/negozio\/"},{"@type":"ListItem","position":3,"name":"MAKE UP","item":"https:\/\/www.23stbeauty.com\/it\/categoria-prodotto\/make-up\/"},{"@type":"ListItem","position":4,"name":"Lychee Cr\u00e8me Corrector Dos"}]},{"@type":"WebSite","@id":"https:\/\/www.23stbeauty.com\/it\/#website","url":"https:\/\/www.23stbeauty.com\/it\/","name":"23 St Beauty","description":"Luxury Conscious Beauty tailored to you.","publisher":{"@id":"https:\/\/www.23stbeauty.com\/it\/#organization"},"potentialAction":[{"@type":"SearchAction","target":{"@type":"EntryPoint","urlTemplate":"https:\/\/www.23stbeauty.com\/it\/?s={search_term_string}"},"query-input":{"@type":"PropertyValueSpecification","valueRequired":true,"valueName":"search_term_string"}}],"inLanguage":"it-IT"},{"@type":"Organization","@id":"https:\/\/www.23stbeauty.com\/it\/#organization","name":"23 St Beauty","url":"https:\/\/www.23stbeauty.com\/it\/","logo":{"@type":"ImageObject","inLanguage":"it-IT","@id":"https:\/\/www.23stbeauty.com\/it\/#\/schema\/logo\/image\/","url":"https:\/\/23stbeauty.com\/wp-content\/uploads\/2019\/08\/logo.png","contentUrl":"https:\/\/23stbeauty.com\/wp-content\/uploads\/2019\/08\/logo.png","width":160,"height":158,"caption":"23 St Beauty"},"image":{"@id":"https:\/\/www.23stbeauty.com\/it\/#\/schema\/logo\/image\/"},"sameAs":["https:\/\/www.facebook.com\/23stbeauty","https:\/\/www.instagram.com\/23stbeauty\/","https:\/\/www.pinterest.it\/23stbeauty\/","https:\/\/www.youtube.com\/channel\/UCjj3m3ULwK4_-ji8yUpV3UA"]}]}},"_links":{"self":[{"href":"https:\/\/www.23stbeauty.com\/it\/wp-json\/wp\/v2\/product\/39379","targetHints":{"allow":["GET"]}}],"collection":[{"href":"https:\/\/www.23stbeauty.com\/it\/wp-json\/wp\/v2\/product"}],"about":[{"href":"https:\/\/www.23stbeauty.com\/it\/wp-json\/wp\/v2\/types\/product"}],"replies":[{"embeddable":true,"href":"https:\/\/www.23stbeauty.com\/it\/wp-json\/wp\/v2\/comments?post=39379"}],"wp:featuredmedia":[{"embeddable":true,"href":"https:\/\/www.23stbeauty.com\/it\/wp-json\/wp\/v2\/media\/39359"}],"wp:attachment":[{"href":"https:\/\/www.23stbeauty.com\/it\/wp-json\/wp\/v2\/media?parent=39379"}],"wp:term":[{"taxonomy":"product_brand","embeddable":true,"href":"https:\/\/www.23stbeauty.com\/it\/wp-json\/wp\/v2\/product_brand?post=39379"},{"taxonomy":"product_cat","embeddable":true,"href":"https:\/\/www.23stbeauty.com\/it\/wp-json\/wp\/v2\/product_cat?post=39379"},{"taxonomy":"product_tag","embeddable":true,"href":"https:\/\/www.23stbeauty.com\/it\/wp-json\/wp\/v2\/product_tag?post=39379"}],"curies":[{"name":"wp","href":"https:\/\/api.w.org\/{rel}","templated":true}]}}