{"id":39979,"date":"2023-01-04T14:01:09","date_gmt":"2023-01-04T13:01:09","guid":{"rendered":"https:\/\/fabiom32.sg-host.com\/?post_type=product&#038;p=39979"},"modified":"2023-12-14T13:37:58","modified_gmt":"2023-12-14T12:37:58","slug":"aqua-a-retinoid-renewing-serum-leahlani-skincare-siero-viso","status":"publish","type":"product","link":"https:\/\/www.23stbeauty.com\/it\/prodotto\/aqua-a-retinoid-renewing-serum-leahlani-skincare-siero-viso\/","title":{"rendered":"Aqua A Retinoid Renewing Serum"},"content":{"rendered":"<p>Scopri l\u2019ultimo arrivato nella famiglia Leahlani Skincare!<br \/>\nAqua A \u00e8 <strong>un siero viso rinnovatore naturale<\/strong> che trasformer\u00e0 la tua skin care routine serale.<br \/>\nUn prodotto che combina <strong>potenti principi attivi<\/strong> a preziosi <strong>ingredienti vegetali idratanti<\/strong>, per aumentare la radiosit\u00e0 e la vitalit\u00e0 del tuo viso e rendere la <strong>pelle pi\u00f9 tonica ed elastica<\/strong>.<\/p>\n<p>Formulato con:<\/p>\n<ul>\n<li><strong>Retinoidi HPR<\/strong><br \/>\nUna forma avanzata di vitamina A biodisponibile che favorisce il ricambio cellulare in modo sicuro e delicato, senza le irritazioni dei retinoidi tradizionali. Riduce l\u2019aspetto di linee sottili &amp; rughe e dona all&#8217;incarnato una luminosit\u00e0 incredibile.<\/li>\n<li><strong>Ceramidi<\/strong><br \/>\nRipristinano e rafforzano la barriera cutanea, favorendo il mantenimento del collagene naturale, dell&#8217;elasticit\u00e0 e delle proteine strutturali che conferiscono alla pelle un aspetto giovane.<\/li>\n<li><strong>Cellule staminali di mela e di Argan<\/strong><br \/>\nMigliorano il metabolismo cellulare ed offrono una potente protezione antiossidante dai segni dell&#8217;invecchiamento causati dai danni dei radicali liberi.<\/li>\n<li><strong>Cocktail di superfood di mare<\/strong><br \/>\nUna miscela unica di ingredienti naturali ricchi di aminoacidi come <strong>spirulina<\/strong> ed <strong>olio di caviale verde<\/strong> (uva di mare). Rassodano, nutrono e rivitalizzano la pelle, riducendo le infiammazioni cutanee e contrastando l&#8217;invecchiamento precoce.<\/li>\n<\/ul>\n<p>A differenza di altri prodotti a base di retinolo, Aqua A \u00e8 super idratante e consigliato anche per chi usa il retinolo per la prima volta o per chi vuole levigare linee sottili &amp; rughe senza rinunciare all\u2019idratazione.<br \/>\nIdeale per tutti i tipi di pelle, particolarmente indicato per la pelle matura o a tendenza acneica.<\/p>\n","protected":false},"excerpt":{"rendered":"<p>Siero viso rinnovatore formulato con retinoidi di nuova generazione<\/p>\n","protected":false},"featured_media":39987,"comment_status":"open","ping_status":"closed","template":"","meta":{"_acf_changed":false,"content-type":""},"product_brand":[],"product_cat":[98,92],"product_tag":[405],"class_list":{"0":"post-39979","1":"product","2":"type-product","3":"status-publish","4":"has-post-thumbnail","6":"solution-acne","7":"solution-linee-sottili-rughe","8":"formulation-olio","9":"extra-olistico","10":"extra-packaging-plastic-free","11":"extra-senza-alcool","12":"extra-senza-profumo","13":"extra-cosmesi-vegana","14":"skintype-pelle-combinata","15":"skintype-pelle-grassa","16":"skintype-pelle-matura","17":"skintype-pelle-normale","18":"skintype-pelle-secca","19":"skintype-pelle-sensibile","20":"trends-siero-antirughe","21":"product_cat-sieri-viso","22":"product_cat-skincare","23":"product_tag-leahlani-skincare","24":"entry","26":"first","27":"outofstock","28":"taxable","29":"shipping-taxable","30":"purchasable","31":"product-type-simple"},"acf":[],"yoast_head":"<!-- This site is optimized with the Yoast SEO plugin v27.3 - https:\/\/yoast.com\/product\/yoast-seo-wordpress\/ -->\n<title>Aqua A Retinoid Renewing Serum &#8226; LEAHLANI Skincare<\/title>\n<meta name=\"description\" content=\"Leahlani Aqua A Retinoid Renewing Serum. Siero viso rinnovatore con retinoidi. Favorisce il ricambio cellulare, leviga le rughe per un incarnato luminoso.\" \/>\n<meta name=\"robots\" content=\"index, follow\" \/>\n<link rel=\"canonical\" href=\"https:\/\/www.23stbeauty.com\/it\/prodotto\/aqua-a-retinoid-renewing-serum-leahlani-skincare-siero-viso\/\" \/>\n<meta property=\"og:locale\" content=\"it_IT\" \/>\n<meta property=\"og:type\" content=\"article\" \/>\n<meta property=\"og:title\" content=\"Aqua A Retinoid Renewing Serum &#8226; LEAHLANI Skincare\" \/>\n<meta property=\"og:description\" content=\"Leahlani Aqua A Retinoid Renewing Serum. Siero viso rinnovatore con retinoidi. Favorisce il ricambio cellulare, leviga le rughe per un incarnato luminoso.\" \/>\n<meta property=\"og:url\" content=\"https:\/\/www.23stbeauty.com\/it\/prodotto\/aqua-a-retinoid-renewing-serum-leahlani-skincare-siero-viso\/\" \/>\n<meta property=\"og:site_name\" content=\"23 St Beauty\" \/>\n<meta property=\"article:publisher\" content=\"https:\/\/www.facebook.com\/23stbeauty\" \/>\n<meta property=\"article:modified_time\" content=\"2023-12-14T12:37:58+00:00\" \/>\n<meta property=\"og:image\" content=\"https:\/\/www.23stbeauty.com\/wp-content\/uploads\/2023\/01\/leahlani-skincare-siero-viso-Aqua-A-Retinoid-Renewing-Serum-23-st-beauty.jpg\" \/>\n\t<meta property=\"og:image:width\" content=\"1000\" \/>\n\t<meta property=\"og:image:height\" content=\"1300\" \/>\n\t<meta property=\"og:image:type\" content=\"image\/jpeg\" \/>\n<meta name=\"twitter:card\" content=\"summary_large_image\" \/>\n<script type=\"application\/ld+json\" class=\"yoast-schema-graph\">{\"@context\":\"https:\\\/\\\/schema.org\",\"@graph\":[{\"@type\":\"WebPage\",\"@id\":\"https:\\\/\\\/www.23stbeauty.com\\\/it\\\/prodotto\\\/aqua-a-retinoid-renewing-serum-leahlani-skincare-siero-viso\\\/\",\"url\":\"https:\\\/\\\/www.23stbeauty.com\\\/it\\\/prodotto\\\/aqua-a-retinoid-renewing-serum-leahlani-skincare-siero-viso\\\/\",\"name\":\"Aqua A Retinoid Renewing Serum &#8226; LEAHLANI Skincare\",\"isPartOf\":{\"@id\":\"https:\\\/\\\/www.23stbeauty.com\\\/it\\\/#website\"},\"primaryImageOfPage\":{\"@id\":\"https:\\\/\\\/www.23stbeauty.com\\\/it\\\/prodotto\\\/aqua-a-retinoid-renewing-serum-leahlani-skincare-siero-viso\\\/#primaryimage\"},\"image\":{\"@id\":\"https:\\\/\\\/www.23stbeauty.com\\\/it\\\/prodotto\\\/aqua-a-retinoid-renewing-serum-leahlani-skincare-siero-viso\\\/#primaryimage\"},\"thumbnailUrl\":\"https:\\\/\\\/www.23stbeauty.com\\\/wp-content\\\/uploads\\\/2023\\\/01\\\/leahlani-skincare-siero-viso-Aqua-A-Retinoid-Renewing-Serum-23-st-beauty.jpg\",\"datePublished\":\"2023-01-04T13:01:09+00:00\",\"dateModified\":\"2023-12-14T12:37:58+00:00\",\"description\":\"Leahlani Aqua A Retinoid Renewing Serum. Siero viso rinnovatore con retinoidi. Favorisce il ricambio cellulare, leviga le rughe per un incarnato luminoso.\",\"breadcrumb\":{\"@id\":\"https:\\\/\\\/www.23stbeauty.com\\\/it\\\/prodotto\\\/aqua-a-retinoid-renewing-serum-leahlani-skincare-siero-viso\\\/#breadcrumb\"},\"inLanguage\":\"it-IT\",\"potentialAction\":[{\"@type\":\"ReadAction\",\"target\":[\"https:\\\/\\\/www.23stbeauty.com\\\/it\\\/prodotto\\\/aqua-a-retinoid-renewing-serum-leahlani-skincare-siero-viso\\\/\"]}]},{\"@type\":\"ImageObject\",\"inLanguage\":\"it-IT\",\"@id\":\"https:\\\/\\\/www.23stbeauty.com\\\/it\\\/prodotto\\\/aqua-a-retinoid-renewing-serum-leahlani-skincare-siero-viso\\\/#primaryimage\",\"url\":\"https:\\\/\\\/www.23stbeauty.com\\\/wp-content\\\/uploads\\\/2023\\\/01\\\/leahlani-skincare-siero-viso-Aqua-A-Retinoid-Renewing-Serum-23-st-beauty.jpg\",\"contentUrl\":\"https:\\\/\\\/www.23stbeauty.com\\\/wp-content\\\/uploads\\\/2023\\\/01\\\/leahlani-skincare-siero-viso-Aqua-A-Retinoid-Renewing-Serum-23-st-beauty.jpg\",\"width\":1000,\"height\":1300,\"caption\":\"leahlani skincare siero viso Aqua A Retinoid Renewing Serum - 23 st beauty\"},{\"@type\":\"BreadcrumbList\",\"@id\":\"https:\\\/\\\/www.23stbeauty.com\\\/it\\\/prodotto\\\/aqua-a-retinoid-renewing-serum-leahlani-skincare-siero-viso\\\/#breadcrumb\",\"itemListElement\":[{\"@type\":\"ListItem\",\"position\":1,\"name\":\"23 St Beauty\",\"item\":\"https:\\\/\\\/www.23stbeauty.com\\\/it\\\/\"},{\"@type\":\"ListItem\",\"position\":2,\"name\":\"Shop\",\"item\":\"https:\\\/\\\/www.23stbeauty.com\\\/it\\\/negozio\\\/\"},{\"@type\":\"ListItem\",\"position\":3,\"name\":\"SKIN CARE\",\"item\":\"https:\\\/\\\/www.23stbeauty.com\\\/it\\\/categoria-prodotto\\\/skincare\\\/\"},{\"@type\":\"ListItem\",\"position\":4,\"name\":\"Aqua A Retinoid Renewing Serum\"}]},{\"@type\":\"WebSite\",\"@id\":\"https:\\\/\\\/www.23stbeauty.com\\\/it\\\/#website\",\"url\":\"https:\\\/\\\/www.23stbeauty.com\\\/it\\\/\",\"name\":\"23 St Beauty\",\"description\":\"Luxury Conscious Beauty tailored to you.\",\"publisher\":{\"@id\":\"https:\\\/\\\/www.23stbeauty.com\\\/it\\\/#organization\"},\"potentialAction\":[{\"@type\":\"SearchAction\",\"target\":{\"@type\":\"EntryPoint\",\"urlTemplate\":\"https:\\\/\\\/www.23stbeauty.com\\\/it\\\/?s={search_term_string}\"},\"query-input\":{\"@type\":\"PropertyValueSpecification\",\"valueRequired\":true,\"valueName\":\"search_term_string\"}}],\"inLanguage\":\"it-IT\"},{\"@type\":\"Organization\",\"@id\":\"https:\\\/\\\/www.23stbeauty.com\\\/it\\\/#organization\",\"name\":\"23 St Beauty\",\"url\":\"https:\\\/\\\/www.23stbeauty.com\\\/it\\\/\",\"logo\":{\"@type\":\"ImageObject\",\"inLanguage\":\"it-IT\",\"@id\":\"https:\\\/\\\/www.23stbeauty.com\\\/it\\\/#\\\/schema\\\/logo\\\/image\\\/\",\"url\":\"https:\\\/\\\/23stbeauty.com\\\/wp-content\\\/uploads\\\/2019\\\/08\\\/logo.png\",\"contentUrl\":\"https:\\\/\\\/23stbeauty.com\\\/wp-content\\\/uploads\\\/2019\\\/08\\\/logo.png\",\"width\":160,\"height\":158,\"caption\":\"23 St Beauty\"},\"image\":{\"@id\":\"https:\\\/\\\/www.23stbeauty.com\\\/it\\\/#\\\/schema\\\/logo\\\/image\\\/\"},\"sameAs\":[\"https:\\\/\\\/www.facebook.com\\\/23stbeauty\",\"https:\\\/\\\/www.instagram.com\\\/23stbeauty\\\/\",\"https:\\\/\\\/www.pinterest.it\\\/23stbeauty\\\/\",\"https:\\\/\\\/www.youtube.com\\\/channel\\\/UCjj3m3ULwK4_-ji8yUpV3UA\"]}]}<\/script>\n<!-- \/ Yoast SEO plugin. -->","yoast_head_json":{"title":"Aqua A Retinoid Renewing Serum &#8226; LEAHLANI Skincare","description":"Leahlani Aqua A Retinoid Renewing Serum. Siero viso rinnovatore con retinoidi. Favorisce il ricambio cellulare, leviga le rughe per un incarnato luminoso.","robots":{"index":"index","follow":"follow"},"canonical":"https:\/\/www.23stbeauty.com\/it\/prodotto\/aqua-a-retinoid-renewing-serum-leahlani-skincare-siero-viso\/","og_locale":"it_IT","og_type":"article","og_title":"Aqua A Retinoid Renewing Serum &#8226; LEAHLANI Skincare","og_description":"Leahlani Aqua A Retinoid Renewing Serum. Siero viso rinnovatore con retinoidi. Favorisce il ricambio cellulare, leviga le rughe per un incarnato luminoso.","og_url":"https:\/\/www.23stbeauty.com\/it\/prodotto\/aqua-a-retinoid-renewing-serum-leahlani-skincare-siero-viso\/","og_site_name":"23 St Beauty","article_publisher":"https:\/\/www.facebook.com\/23stbeauty","article_modified_time":"2023-12-14T12:37:58+00:00","og_image":[{"width":1000,"height":1300,"url":"https:\/\/www.23stbeauty.com\/wp-content\/uploads\/2023\/01\/leahlani-skincare-siero-viso-Aqua-A-Retinoid-Renewing-Serum-23-st-beauty.jpg","type":"image\/jpeg"}],"twitter_card":"summary_large_image","schema":{"@context":"https:\/\/schema.org","@graph":[{"@type":"WebPage","@id":"https:\/\/www.23stbeauty.com\/it\/prodotto\/aqua-a-retinoid-renewing-serum-leahlani-skincare-siero-viso\/","url":"https:\/\/www.23stbeauty.com\/it\/prodotto\/aqua-a-retinoid-renewing-serum-leahlani-skincare-siero-viso\/","name":"Aqua A Retinoid Renewing Serum &#8226; LEAHLANI Skincare","isPartOf":{"@id":"https:\/\/www.23stbeauty.com\/it\/#website"},"primaryImageOfPage":{"@id":"https:\/\/www.23stbeauty.com\/it\/prodotto\/aqua-a-retinoid-renewing-serum-leahlani-skincare-siero-viso\/#primaryimage"},"image":{"@id":"https:\/\/www.23stbeauty.com\/it\/prodotto\/aqua-a-retinoid-renewing-serum-leahlani-skincare-siero-viso\/#primaryimage"},"thumbnailUrl":"https:\/\/www.23stbeauty.com\/wp-content\/uploads\/2023\/01\/leahlani-skincare-siero-viso-Aqua-A-Retinoid-Renewing-Serum-23-st-beauty.jpg","datePublished":"2023-01-04T13:01:09+00:00","dateModified":"2023-12-14T12:37:58+00:00","description":"Leahlani Aqua A Retinoid Renewing Serum. Siero viso rinnovatore con retinoidi. Favorisce il ricambio cellulare, leviga le rughe per un incarnato luminoso.","breadcrumb":{"@id":"https:\/\/www.23stbeauty.com\/it\/prodotto\/aqua-a-retinoid-renewing-serum-leahlani-skincare-siero-viso\/#breadcrumb"},"inLanguage":"it-IT","potentialAction":[{"@type":"ReadAction","target":["https:\/\/www.23stbeauty.com\/it\/prodotto\/aqua-a-retinoid-renewing-serum-leahlani-skincare-siero-viso\/"]}]},{"@type":"ImageObject","inLanguage":"it-IT","@id":"https:\/\/www.23stbeauty.com\/it\/prodotto\/aqua-a-retinoid-renewing-serum-leahlani-skincare-siero-viso\/#primaryimage","url":"https:\/\/www.23stbeauty.com\/wp-content\/uploads\/2023\/01\/leahlani-skincare-siero-viso-Aqua-A-Retinoid-Renewing-Serum-23-st-beauty.jpg","contentUrl":"https:\/\/www.23stbeauty.com\/wp-content\/uploads\/2023\/01\/leahlani-skincare-siero-viso-Aqua-A-Retinoid-Renewing-Serum-23-st-beauty.jpg","width":1000,"height":1300,"caption":"leahlani skincare siero viso Aqua A Retinoid Renewing Serum - 23 st beauty"},{"@type":"BreadcrumbList","@id":"https:\/\/www.23stbeauty.com\/it\/prodotto\/aqua-a-retinoid-renewing-serum-leahlani-skincare-siero-viso\/#breadcrumb","itemListElement":[{"@type":"ListItem","position":1,"name":"23 St Beauty","item":"https:\/\/www.23stbeauty.com\/it\/"},{"@type":"ListItem","position":2,"name":"Shop","item":"https:\/\/www.23stbeauty.com\/it\/negozio\/"},{"@type":"ListItem","position":3,"name":"SKIN CARE","item":"https:\/\/www.23stbeauty.com\/it\/categoria-prodotto\/skincare\/"},{"@type":"ListItem","position":4,"name":"Aqua A Retinoid Renewing Serum"}]},{"@type":"WebSite","@id":"https:\/\/www.23stbeauty.com\/it\/#website","url":"https:\/\/www.23stbeauty.com\/it\/","name":"23 St Beauty","description":"Luxury Conscious Beauty tailored to you.","publisher":{"@id":"https:\/\/www.23stbeauty.com\/it\/#organization"},"potentialAction":[{"@type":"SearchAction","target":{"@type":"EntryPoint","urlTemplate":"https:\/\/www.23stbeauty.com\/it\/?s={search_term_string}"},"query-input":{"@type":"PropertyValueSpecification","valueRequired":true,"valueName":"search_term_string"}}],"inLanguage":"it-IT"},{"@type":"Organization","@id":"https:\/\/www.23stbeauty.com\/it\/#organization","name":"23 St Beauty","url":"https:\/\/www.23stbeauty.com\/it\/","logo":{"@type":"ImageObject","inLanguage":"it-IT","@id":"https:\/\/www.23stbeauty.com\/it\/#\/schema\/logo\/image\/","url":"https:\/\/23stbeauty.com\/wp-content\/uploads\/2019\/08\/logo.png","contentUrl":"https:\/\/23stbeauty.com\/wp-content\/uploads\/2019\/08\/logo.png","width":160,"height":158,"caption":"23 St Beauty"},"image":{"@id":"https:\/\/www.23stbeauty.com\/it\/#\/schema\/logo\/image\/"},"sameAs":["https:\/\/www.facebook.com\/23stbeauty","https:\/\/www.instagram.com\/23stbeauty\/","https:\/\/www.pinterest.it\/23stbeauty\/","https:\/\/www.youtube.com\/channel\/UCjj3m3ULwK4_-ji8yUpV3UA"]}]}},"_links":{"self":[{"href":"https:\/\/www.23stbeauty.com\/it\/wp-json\/wp\/v2\/product\/39979","targetHints":{"allow":["GET"]}}],"collection":[{"href":"https:\/\/www.23stbeauty.com\/it\/wp-json\/wp\/v2\/product"}],"about":[{"href":"https:\/\/www.23stbeauty.com\/it\/wp-json\/wp\/v2\/types\/product"}],"replies":[{"embeddable":true,"href":"https:\/\/www.23stbeauty.com\/it\/wp-json\/wp\/v2\/comments?post=39979"}],"wp:featuredmedia":[{"embeddable":true,"href":"https:\/\/www.23stbeauty.com\/it\/wp-json\/wp\/v2\/media\/39987"}],"wp:attachment":[{"href":"https:\/\/www.23stbeauty.com\/it\/wp-json\/wp\/v2\/media?parent=39979"}],"wp:term":[{"taxonomy":"product_brand","embeddable":true,"href":"https:\/\/www.23stbeauty.com\/it\/wp-json\/wp\/v2\/product_brand?post=39979"},{"taxonomy":"product_cat","embeddable":true,"href":"https:\/\/www.23stbeauty.com\/it\/wp-json\/wp\/v2\/product_cat?post=39979"},{"taxonomy":"product_tag","embeddable":true,"href":"https:\/\/www.23stbeauty.com\/it\/wp-json\/wp\/v2\/product_tag?post=39979"}],"curies":[{"name":"wp","href":"https:\/\/api.w.org\/{rel}","templated":true}]}}