{"id":44878,"date":"2024-03-12T13:07:28","date_gmt":"2024-03-12T12:07:28","guid":{"rendered":"https:\/\/www.23stbeauty.com\/?post_type=product&#038;p=44878"},"modified":"2024-10-18T15:56:52","modified_gmt":"2024-10-18T13:56:52","slug":"c-smooth-hydra-firm-body-polish-odacite","status":"publish","type":"product","link":"https:\/\/www.23stbeauty.com\/it\/prodotto\/c-smooth-hydra-firm-body-polish-odacite\/","title":{"rendered":"C-smooth Hydra-firm Body Polish"},"content":{"rendered":"<p>Pi\u00f9 di un semplice<strong> scrub corpo<\/strong>, <em>C-Smooth<\/em> \u00e8 un<strong> trattamento rassodante<\/strong> naturale per il corpo che elimina la cellule morte mentre <strong>idrata, illumina e tonifica la pelle<\/strong>.<\/p>\n<p>Contiene <strong>cristalli di zucchero bianco<\/strong> ad azione esfoliante pi\u00f9 un complesso di ingredienti idratanti, come: <strong>burro di mango &amp; burro di karit\u00e9<\/strong> + <strong>olio di carota selvatica<\/strong> ed <strong>olio di cartamo biologico<\/strong> spremuto a freddo nel Montana.<br \/>\nLa formula \u00e8 arricchita con una<strong> doppia dose di vitamina C<\/strong>: la prima data dall\u2019attivo clinico (<em>Tetrahexyldecyl Ascorbate<\/em>), la seconda dalla<strong> prugna di kakadu australiana<\/strong> che ha uno dei pi\u00f9 alti contenuti di vitamina C in natura (ben 100 volte pi\u00f9 delle arance) oltre ad una capacit\u00e0 antiossidante 5 volte superiore a quella dei mirtilli.<\/p>\n<p>Il risultato? La pelle \u00e8 liscia come la seta e visibilmente pi\u00f9 uniforme, compatta, elastica e luminosa.<br \/>\nBonus: l\u2019incantevole <strong>profumo naturale di arancia dolce<\/strong> con note rinvigorenti di erbe aromatiche.<\/p>\n<p><strong>100% NATURALE \u2022 VEGAN &amp; CRUELTY-FREE \u2022 IPOALLERGENICO \u2022 SENZA OGM \u2022 DERMATOLOGICAMENTE TESTATO<\/strong><\/p>\n","protected":false},"excerpt":{"rendered":"<p>Scrub corpo rassodante con vitamina C<\/p>\n","protected":false},"featured_media":44880,"comment_status":"open","ping_status":"closed","template":"","meta":{"_acf_changed":false,"content-type":""},"product_brand":[],"product_cat":[94,117],"product_tag":[463],"class_list":{"0":"post-44878","1":"product","2":"type-product","3":"status-publish","4":"has-post-thumbnail","6":"solution-cellulite-smagliature-soluzioni","7":"solution-detox","8":"solution-pelle-secca","9":"solution-pelle-spenta-corpo","10":"formulation-crema","11":"formulation-granuli","12":"extra-olistico","13":"extra-packaging-plastic-free","14":"extra-prodotto-certificato","15":"extra-senza-alcool","16":"extra-senza-profumo","17":"extra-cosmesi-vegana","18":"product_cat-prodotti-corpo","19":"product_cat-esfolianti-corpo","20":"product_tag-odacite","21":"entry","23":"first","24":"outofstock","25":"taxable","26":"shipping-taxable","27":"purchasable","28":"product-type-simple"},"acf":[],"yoast_head":"<!-- This site is optimized with the Yoast SEO plugin v27.3 - https:\/\/yoast.com\/product\/yoast-seo-wordpress\/ -->\n<title>C-smooth Hydra-firm Body Polish Odacit\u00e9 &#8226; Shop online<\/title>\n<meta name=\"description\" content=\"C-smooth Hydra-firm Body Polish Odacit\u00e9. Scrub corpo rassodante con vitamina C. Idrata, illumina e tonifica la pelle. Con burro di mango e prugna di Kakadu.\" \/>\n<meta name=\"robots\" content=\"index, follow\" \/>\n<link rel=\"canonical\" href=\"https:\/\/www.23stbeauty.com\/it\/prodotto\/c-smooth-hydra-firm-body-polish-odacite\/\" \/>\n<meta property=\"og:locale\" content=\"it_IT\" \/>\n<meta property=\"og:type\" content=\"article\" \/>\n<meta property=\"og:title\" content=\"C-smooth Hydra-firm Body Polish Odacit\u00e9 &#8226; Shop online\" \/>\n<meta property=\"og:description\" content=\"C-smooth Hydra-firm Body Polish Odacit\u00e9. Scrub corpo rassodante con vitamina C. Idrata, illumina e tonifica la pelle. Con burro di mango e prugna di Kakadu.\" \/>\n<meta property=\"og:url\" content=\"https:\/\/www.23stbeauty.com\/it\/prodotto\/c-smooth-hydra-firm-body-polish-odacite\/\" \/>\n<meta property=\"og:site_name\" content=\"23 St Beauty\" \/>\n<meta property=\"article:publisher\" content=\"https:\/\/www.facebook.com\/23stbeauty\" \/>\n<meta property=\"article:modified_time\" content=\"2024-10-18T13:56:52+00:00\" \/>\n<meta property=\"og:image\" content=\"https:\/\/www.23stbeauty.com\/wp-content\/uploads\/2024\/03\/C-smooth-Hydra-firm-Body-Polish-ODACITE-min.jpg\" \/>\n\t<meta property=\"og:image:width\" content=\"1000\" \/>\n\t<meta property=\"og:image:height\" content=\"1300\" \/>\n\t<meta property=\"og:image:type\" content=\"image\/jpeg\" \/>\n<meta name=\"twitter:card\" content=\"summary_large_image\" \/>\n<script type=\"application\/ld+json\" class=\"yoast-schema-graph\">{\"@context\":\"https:\\\/\\\/schema.org\",\"@graph\":[{\"@type\":\"WebPage\",\"@id\":\"https:\\\/\\\/www.23stbeauty.com\\\/it\\\/prodotto\\\/c-smooth-hydra-firm-body-polish-odacite\\\/\",\"url\":\"https:\\\/\\\/www.23stbeauty.com\\\/it\\\/prodotto\\\/c-smooth-hydra-firm-body-polish-odacite\\\/\",\"name\":\"C-smooth Hydra-firm Body Polish Odacit\u00e9 &#8226; Shop online\",\"isPartOf\":{\"@id\":\"https:\\\/\\\/www.23stbeauty.com\\\/it\\\/#website\"},\"primaryImageOfPage\":{\"@id\":\"https:\\\/\\\/www.23stbeauty.com\\\/it\\\/prodotto\\\/c-smooth-hydra-firm-body-polish-odacite\\\/#primaryimage\"},\"image\":{\"@id\":\"https:\\\/\\\/www.23stbeauty.com\\\/it\\\/prodotto\\\/c-smooth-hydra-firm-body-polish-odacite\\\/#primaryimage\"},\"thumbnailUrl\":\"https:\\\/\\\/www.23stbeauty.com\\\/wp-content\\\/uploads\\\/2024\\\/03\\\/C-smooth-Hydra-firm-Body-Polish-ODACITE-min.jpg\",\"datePublished\":\"2024-03-12T12:07:28+00:00\",\"dateModified\":\"2024-10-18T13:56:52+00:00\",\"description\":\"C-smooth Hydra-firm Body Polish Odacit\u00e9. Scrub corpo rassodante con vitamina C. Idrata, illumina e tonifica la pelle. Con burro di mango e prugna di Kakadu.\",\"breadcrumb\":{\"@id\":\"https:\\\/\\\/www.23stbeauty.com\\\/it\\\/prodotto\\\/c-smooth-hydra-firm-body-polish-odacite\\\/#breadcrumb\"},\"inLanguage\":\"it-IT\",\"potentialAction\":[{\"@type\":\"ReadAction\",\"target\":[\"https:\\\/\\\/www.23stbeauty.com\\\/it\\\/prodotto\\\/c-smooth-hydra-firm-body-polish-odacite\\\/\"]}]},{\"@type\":\"ImageObject\",\"inLanguage\":\"it-IT\",\"@id\":\"https:\\\/\\\/www.23stbeauty.com\\\/it\\\/prodotto\\\/c-smooth-hydra-firm-body-polish-odacite\\\/#primaryimage\",\"url\":\"https:\\\/\\\/www.23stbeauty.com\\\/wp-content\\\/uploads\\\/2024\\\/03\\\/C-smooth-Hydra-firm-Body-Polish-ODACITE-min.jpg\",\"contentUrl\":\"https:\\\/\\\/www.23stbeauty.com\\\/wp-content\\\/uploads\\\/2024\\\/03\\\/C-smooth-Hydra-firm-Body-Polish-ODACITE-min.jpg\",\"width\":1000,\"height\":1300,\"caption\":\"C-smooth-Hydra-firm-Body-Polish-ODACITE scrub corpo\"},{\"@type\":\"BreadcrumbList\",\"@id\":\"https:\\\/\\\/www.23stbeauty.com\\\/it\\\/prodotto\\\/c-smooth-hydra-firm-body-polish-odacite\\\/#breadcrumb\",\"itemListElement\":[{\"@type\":\"ListItem\",\"position\":1,\"name\":\"23 St Beauty\",\"item\":\"https:\\\/\\\/www.23stbeauty.com\\\/it\\\/\"},{\"@type\":\"ListItem\",\"position\":2,\"name\":\"Shop\",\"item\":\"https:\\\/\\\/www.23stbeauty.com\\\/it\\\/negozio\\\/\"},{\"@type\":\"ListItem\",\"position\":3,\"name\":\"CORPO\",\"item\":\"https:\\\/\\\/www.23stbeauty.com\\\/it\\\/categoria-prodotto\\\/prodotti-corpo\\\/\"},{\"@type\":\"ListItem\",\"position\":4,\"name\":\"Cryo-Tech Facial Tool ODACIT\u00c9\"}]},{\"@type\":\"WebSite\",\"@id\":\"https:\\\/\\\/www.23stbeauty.com\\\/it\\\/#website\",\"url\":\"https:\\\/\\\/www.23stbeauty.com\\\/it\\\/\",\"name\":\"23 St Beauty\",\"description\":\"Luxury Conscious Beauty tailored to you.\",\"publisher\":{\"@id\":\"https:\\\/\\\/www.23stbeauty.com\\\/it\\\/#organization\"},\"potentialAction\":[{\"@type\":\"SearchAction\",\"target\":{\"@type\":\"EntryPoint\",\"urlTemplate\":\"https:\\\/\\\/www.23stbeauty.com\\\/it\\\/?s={search_term_string}\"},\"query-input\":{\"@type\":\"PropertyValueSpecification\",\"valueRequired\":true,\"valueName\":\"search_term_string\"}}],\"inLanguage\":\"it-IT\"},{\"@type\":\"Organization\",\"@id\":\"https:\\\/\\\/www.23stbeauty.com\\\/it\\\/#organization\",\"name\":\"23 St Beauty\",\"url\":\"https:\\\/\\\/www.23stbeauty.com\\\/it\\\/\",\"logo\":{\"@type\":\"ImageObject\",\"inLanguage\":\"it-IT\",\"@id\":\"https:\\\/\\\/www.23stbeauty.com\\\/it\\\/#\\\/schema\\\/logo\\\/image\\\/\",\"url\":\"https:\\\/\\\/23stbeauty.com\\\/wp-content\\\/uploads\\\/2019\\\/08\\\/logo.png\",\"contentUrl\":\"https:\\\/\\\/23stbeauty.com\\\/wp-content\\\/uploads\\\/2019\\\/08\\\/logo.png\",\"width\":160,\"height\":158,\"caption\":\"23 St Beauty\"},\"image\":{\"@id\":\"https:\\\/\\\/www.23stbeauty.com\\\/it\\\/#\\\/schema\\\/logo\\\/image\\\/\"},\"sameAs\":[\"https:\\\/\\\/www.facebook.com\\\/23stbeauty\",\"https:\\\/\\\/www.instagram.com\\\/23stbeauty\\\/\",\"https:\\\/\\\/www.pinterest.it\\\/23stbeauty\\\/\",\"https:\\\/\\\/www.youtube.com\\\/channel\\\/UCjj3m3ULwK4_-ji8yUpV3UA\"]}]}<\/script>\n<!-- \/ Yoast SEO plugin. -->","yoast_head_json":{"title":"C-smooth Hydra-firm Body Polish Odacit\u00e9 &#8226; Shop online","description":"C-smooth Hydra-firm Body Polish Odacit\u00e9. Scrub corpo rassodante con vitamina C. Idrata, illumina e tonifica la pelle. Con burro di mango e prugna di Kakadu.","robots":{"index":"index","follow":"follow"},"canonical":"https:\/\/www.23stbeauty.com\/it\/prodotto\/c-smooth-hydra-firm-body-polish-odacite\/","og_locale":"it_IT","og_type":"article","og_title":"C-smooth Hydra-firm Body Polish Odacit\u00e9 &#8226; Shop online","og_description":"C-smooth Hydra-firm Body Polish Odacit\u00e9. Scrub corpo rassodante con vitamina C. Idrata, illumina e tonifica la pelle. Con burro di mango e prugna di Kakadu.","og_url":"https:\/\/www.23stbeauty.com\/it\/prodotto\/c-smooth-hydra-firm-body-polish-odacite\/","og_site_name":"23 St Beauty","article_publisher":"https:\/\/www.facebook.com\/23stbeauty","article_modified_time":"2024-10-18T13:56:52+00:00","og_image":[{"width":1000,"height":1300,"url":"https:\/\/www.23stbeauty.com\/wp-content\/uploads\/2024\/03\/C-smooth-Hydra-firm-Body-Polish-ODACITE-min.jpg","type":"image\/jpeg"}],"twitter_card":"summary_large_image","schema":{"@context":"https:\/\/schema.org","@graph":[{"@type":"WebPage","@id":"https:\/\/www.23stbeauty.com\/it\/prodotto\/c-smooth-hydra-firm-body-polish-odacite\/","url":"https:\/\/www.23stbeauty.com\/it\/prodotto\/c-smooth-hydra-firm-body-polish-odacite\/","name":"C-smooth Hydra-firm Body Polish Odacit\u00e9 &#8226; Shop online","isPartOf":{"@id":"https:\/\/www.23stbeauty.com\/it\/#website"},"primaryImageOfPage":{"@id":"https:\/\/www.23stbeauty.com\/it\/prodotto\/c-smooth-hydra-firm-body-polish-odacite\/#primaryimage"},"image":{"@id":"https:\/\/www.23stbeauty.com\/it\/prodotto\/c-smooth-hydra-firm-body-polish-odacite\/#primaryimage"},"thumbnailUrl":"https:\/\/www.23stbeauty.com\/wp-content\/uploads\/2024\/03\/C-smooth-Hydra-firm-Body-Polish-ODACITE-min.jpg","datePublished":"2024-03-12T12:07:28+00:00","dateModified":"2024-10-18T13:56:52+00:00","description":"C-smooth Hydra-firm Body Polish Odacit\u00e9. Scrub corpo rassodante con vitamina C. Idrata, illumina e tonifica la pelle. Con burro di mango e prugna di Kakadu.","breadcrumb":{"@id":"https:\/\/www.23stbeauty.com\/it\/prodotto\/c-smooth-hydra-firm-body-polish-odacite\/#breadcrumb"},"inLanguage":"it-IT","potentialAction":[{"@type":"ReadAction","target":["https:\/\/www.23stbeauty.com\/it\/prodotto\/c-smooth-hydra-firm-body-polish-odacite\/"]}]},{"@type":"ImageObject","inLanguage":"it-IT","@id":"https:\/\/www.23stbeauty.com\/it\/prodotto\/c-smooth-hydra-firm-body-polish-odacite\/#primaryimage","url":"https:\/\/www.23stbeauty.com\/wp-content\/uploads\/2024\/03\/C-smooth-Hydra-firm-Body-Polish-ODACITE-min.jpg","contentUrl":"https:\/\/www.23stbeauty.com\/wp-content\/uploads\/2024\/03\/C-smooth-Hydra-firm-Body-Polish-ODACITE-min.jpg","width":1000,"height":1300,"caption":"C-smooth-Hydra-firm-Body-Polish-ODACITE scrub corpo"},{"@type":"BreadcrumbList","@id":"https:\/\/www.23stbeauty.com\/it\/prodotto\/c-smooth-hydra-firm-body-polish-odacite\/#breadcrumb","itemListElement":[{"@type":"ListItem","position":1,"name":"23 St Beauty","item":"https:\/\/www.23stbeauty.com\/it\/"},{"@type":"ListItem","position":2,"name":"Shop","item":"https:\/\/www.23stbeauty.com\/it\/negozio\/"},{"@type":"ListItem","position":3,"name":"CORPO","item":"https:\/\/www.23stbeauty.com\/it\/categoria-prodotto\/prodotti-corpo\/"},{"@type":"ListItem","position":4,"name":"Cryo-Tech Facial Tool ODACIT\u00c9"}]},{"@type":"WebSite","@id":"https:\/\/www.23stbeauty.com\/it\/#website","url":"https:\/\/www.23stbeauty.com\/it\/","name":"23 St Beauty","description":"Luxury Conscious Beauty tailored to you.","publisher":{"@id":"https:\/\/www.23stbeauty.com\/it\/#organization"},"potentialAction":[{"@type":"SearchAction","target":{"@type":"EntryPoint","urlTemplate":"https:\/\/www.23stbeauty.com\/it\/?s={search_term_string}"},"query-input":{"@type":"PropertyValueSpecification","valueRequired":true,"valueName":"search_term_string"}}],"inLanguage":"it-IT"},{"@type":"Organization","@id":"https:\/\/www.23stbeauty.com\/it\/#organization","name":"23 St Beauty","url":"https:\/\/www.23stbeauty.com\/it\/","logo":{"@type":"ImageObject","inLanguage":"it-IT","@id":"https:\/\/www.23stbeauty.com\/it\/#\/schema\/logo\/image\/","url":"https:\/\/23stbeauty.com\/wp-content\/uploads\/2019\/08\/logo.png","contentUrl":"https:\/\/23stbeauty.com\/wp-content\/uploads\/2019\/08\/logo.png","width":160,"height":158,"caption":"23 St Beauty"},"image":{"@id":"https:\/\/www.23stbeauty.com\/it\/#\/schema\/logo\/image\/"},"sameAs":["https:\/\/www.facebook.com\/23stbeauty","https:\/\/www.instagram.com\/23stbeauty\/","https:\/\/www.pinterest.it\/23stbeauty\/","https:\/\/www.youtube.com\/channel\/UCjj3m3ULwK4_-ji8yUpV3UA"]}]}},"_links":{"self":[{"href":"https:\/\/www.23stbeauty.com\/it\/wp-json\/wp\/v2\/product\/44878","targetHints":{"allow":["GET"]}}],"collection":[{"href":"https:\/\/www.23stbeauty.com\/it\/wp-json\/wp\/v2\/product"}],"about":[{"href":"https:\/\/www.23stbeauty.com\/it\/wp-json\/wp\/v2\/types\/product"}],"replies":[{"embeddable":true,"href":"https:\/\/www.23stbeauty.com\/it\/wp-json\/wp\/v2\/comments?post=44878"}],"wp:featuredmedia":[{"embeddable":true,"href":"https:\/\/www.23stbeauty.com\/it\/wp-json\/wp\/v2\/media\/44880"}],"wp:attachment":[{"href":"https:\/\/www.23stbeauty.com\/it\/wp-json\/wp\/v2\/media?parent=44878"}],"wp:term":[{"taxonomy":"product_brand","embeddable":true,"href":"https:\/\/www.23stbeauty.com\/it\/wp-json\/wp\/v2\/product_brand?post=44878"},{"taxonomy":"product_cat","embeddable":true,"href":"https:\/\/www.23stbeauty.com\/it\/wp-json\/wp\/v2\/product_cat?post=44878"},{"taxonomy":"product_tag","embeddable":true,"href":"https:\/\/www.23stbeauty.com\/it\/wp-json\/wp\/v2\/product_tag?post=44878"}],"curies":[{"name":"wp","href":"https:\/\/api.w.org\/{rel}","templated":true}]}}