{"id":44889,"date":"2024-03-12T22:56:51","date_gmt":"2024-03-12T21:56:51","guid":{"rendered":"https:\/\/www.23stbeauty.com\/?post_type=product&#038;p=44889"},"modified":"2025-03-05T11:41:06","modified_gmt":"2025-03-05T10:41:06","slug":"c-glow-hydra-firming-body-oil-odacite-olio-corpo-rassodante","status":"publish","type":"product","link":"https:\/\/www.23stbeauty.com\/it\/prodotto\/c-glow-hydra-firming-body-oil-odacite-olio-corpo-rassodante\/","title":{"rendered":"C-Glow Hydra-Firming Body Oil"},"content":{"rendered":"<p>Pi\u00f9 di un semplice <strong>olio corpo<\/strong>, <em>C-Glow<\/em> \u00e8 un <strong>trattamento corpo rassodante<\/strong> che combina un lussuoso blend di <strong>oli naturali di livello skincare<\/strong> per idratare, illuminare e tonificare la pelle.<\/p>\n<p>Contiene<strong> olio di carota selvatica<\/strong> ed <strong>olio di cartamo biologico spremuto a freddo<\/strong> nel Montana, ricco di acidi grassi essenziali Omega 3-6-9, migliora la funzione della barriera cutanea ed aumenta l&#8217;idratazione.<br \/>\nLa formula \u00e8 arricchita con una <strong>doppia dose di vitamina C<\/strong>: la prima data dall\u2019attivo clinico (<em>Tetrahexyldecyl Ascorbate<\/em>), la seconda dalla <strong>prugna di kakadu australiana<\/strong> che ha uno dei pi\u00f9 alti contenuti di vitamina C in natura (ben 100 volte pi\u00f9 delle arance) oltre ad una capacit\u00e0 antiossidante 5 volte superiore a quella dei mirtilli.<\/p>\n<p>La<strong> texture setosa<\/strong> si assorbe velocemente<strong> senza ungere<\/strong> mentre l\u2019incantevole <strong>profumo naturale di arancia dolce<\/strong> con note di erbe aromatiche rivitalizza tutti i tuoi sensi.<\/p>\n<p><strong><em>I risultati:<\/em><\/strong><br \/>\nIl 100% concorda sul fatto che la pelle appare morbida e liscia.*<br \/>\nL&#8217;88% ha notato un aumento della compattezza e dell&#8217;elasticit\u00e0 della pelle.*<br \/>\nL&#8217;84% concorda sul fatto che si assorbe facilmente senza lasciare residui.*<\/p>\n<p><em>* Studio indipendente sui consumatori condotto su 26 soggetti dopo 4 settimane.<\/em><\/p>\n<p><strong>100% NATURALE \u2022 VEGAN &amp; CRUELTY-FREE \u2022 IPOALLERGENICO \u2022 SENZA OGM \u2022 DERMATOLOGICAMENTE TESTATO<\/strong><\/p>\n","protected":false},"excerpt":{"rendered":"<p>Olio corpo rassodante con vitamina C<\/p>\n","protected":false},"featured_media":44891,"comment_status":"open","ping_status":"closed","template":"","meta":{"_acf_changed":false,"content-type":""},"product_brand":[],"product_cat":[94,118],"product_tag":[463,636],"class_list":{"0":"post-44889","1":"product","2":"type-product","3":"status-publish","4":"has-post-thumbnail","6":"solution-cellulite-smagliature-soluzioni","7":"solution-detox","8":"solution-pelle-secca","9":"solution-pelle-spenta-corpo","10":"formulation-olio","11":"extra-olistico","12":"extra-packaging-plastic-free","13":"extra-prodotto-certificato","14":"extra-senza-alcool","15":"extra-senza-profumo","16":"extra-cosmesi-vegana","17":"product_cat-prodotti-corpo","18":"product_cat-creme-oli-corpo","19":"product_tag-odacite","20":"product_tag-i-pensieroni-idee-regalo-sopra-i-50-euro","21":"entry","23":"first","24":"outofstock","25":"taxable","26":"shipping-taxable","27":"purchasable","28":"product-type-simple"},"acf":[],"yoast_head":"<!-- This site is optimized with the Yoast SEO plugin v27.3 - https:\/\/yoast.com\/product\/yoast-seo-wordpress\/ -->\n<title>C-Glow Hydra-Firming Body Oil &#8226; Odacit\u00e9 &#8226; Shop online<\/title>\n<meta name=\"description\" content=\"C-Glow Hydra-Firming Body Oil Odacit\u00e9. Olio corpo rassodante con vitamina C. Idrata, illumina e tonifica la pelle senza ungere. Con olio di cartamo bio.\" \/>\n<meta name=\"robots\" content=\"index, follow\" \/>\n<link rel=\"canonical\" href=\"https:\/\/www.23stbeauty.com\/it\/prodotto\/c-glow-hydra-firming-body-oil-odacite-olio-corpo-rassodante\/\" \/>\n<meta property=\"og:locale\" content=\"it_IT\" \/>\n<meta property=\"og:type\" content=\"article\" \/>\n<meta property=\"og:title\" content=\"C-Glow Hydra-Firming Body Oil &#8226; Odacit\u00e9 &#8226; Shop online\" \/>\n<meta property=\"og:description\" content=\"C-Glow Hydra-Firming Body Oil Odacit\u00e9. Olio corpo rassodante con vitamina C. Idrata, illumina e tonifica la pelle senza ungere. Con olio di cartamo bio.\" \/>\n<meta property=\"og:url\" content=\"https:\/\/www.23stbeauty.com\/it\/prodotto\/c-glow-hydra-firming-body-oil-odacite-olio-corpo-rassodante\/\" \/>\n<meta property=\"og:site_name\" content=\"23 St Beauty\" \/>\n<meta property=\"article:publisher\" content=\"https:\/\/www.facebook.com\/23stbeauty\" \/>\n<meta property=\"article:modified_time\" content=\"2025-03-05T10:41:06+00:00\" \/>\n<meta property=\"og:image\" content=\"https:\/\/www.23stbeauty.com\/wp-content\/uploads\/2024\/03\/C-Glow-Hydra-Firming-Body-Oil-Odacite-min.jpg\" \/>\n\t<meta property=\"og:image:width\" content=\"1000\" \/>\n\t<meta property=\"og:image:height\" content=\"1300\" \/>\n\t<meta property=\"og:image:type\" content=\"image\/jpeg\" \/>\n<meta name=\"twitter:card\" content=\"summary_large_image\" \/>\n<script type=\"application\/ld+json\" class=\"yoast-schema-graph\">{\"@context\":\"https:\\\/\\\/schema.org\",\"@graph\":[{\"@type\":\"WebPage\",\"@id\":\"https:\\\/\\\/www.23stbeauty.com\\\/it\\\/prodotto\\\/c-glow-hydra-firming-body-oil-odacite-olio-corpo-rassodante\\\/\",\"url\":\"https:\\\/\\\/www.23stbeauty.com\\\/it\\\/prodotto\\\/c-glow-hydra-firming-body-oil-odacite-olio-corpo-rassodante\\\/\",\"name\":\"C-Glow Hydra-Firming Body Oil &#8226; Odacit\u00e9 &#8226; Shop online\",\"isPartOf\":{\"@id\":\"https:\\\/\\\/www.23stbeauty.com\\\/it\\\/#website\"},\"primaryImageOfPage\":{\"@id\":\"https:\\\/\\\/www.23stbeauty.com\\\/it\\\/prodotto\\\/c-glow-hydra-firming-body-oil-odacite-olio-corpo-rassodante\\\/#primaryimage\"},\"image\":{\"@id\":\"https:\\\/\\\/www.23stbeauty.com\\\/it\\\/prodotto\\\/c-glow-hydra-firming-body-oil-odacite-olio-corpo-rassodante\\\/#primaryimage\"},\"thumbnailUrl\":\"https:\\\/\\\/www.23stbeauty.com\\\/wp-content\\\/uploads\\\/2024\\\/03\\\/C-Glow-Hydra-Firming-Body-Oil-Odacite-min.jpg\",\"datePublished\":\"2024-03-12T21:56:51+00:00\",\"dateModified\":\"2025-03-05T10:41:06+00:00\",\"description\":\"C-Glow Hydra-Firming Body Oil Odacit\u00e9. Olio corpo rassodante con vitamina C. Idrata, illumina e tonifica la pelle senza ungere. Con olio di cartamo bio.\",\"breadcrumb\":{\"@id\":\"https:\\\/\\\/www.23stbeauty.com\\\/it\\\/prodotto\\\/c-glow-hydra-firming-body-oil-odacite-olio-corpo-rassodante\\\/#breadcrumb\"},\"inLanguage\":\"it-IT\",\"potentialAction\":[{\"@type\":\"ReadAction\",\"target\":[\"https:\\\/\\\/www.23stbeauty.com\\\/it\\\/prodotto\\\/c-glow-hydra-firming-body-oil-odacite-olio-corpo-rassodante\\\/\"]}]},{\"@type\":\"ImageObject\",\"inLanguage\":\"it-IT\",\"@id\":\"https:\\\/\\\/www.23stbeauty.com\\\/it\\\/prodotto\\\/c-glow-hydra-firming-body-oil-odacite-olio-corpo-rassodante\\\/#primaryimage\",\"url\":\"https:\\\/\\\/www.23stbeauty.com\\\/wp-content\\\/uploads\\\/2024\\\/03\\\/C-Glow-Hydra-Firming-Body-Oil-Odacite-min.jpg\",\"contentUrl\":\"https:\\\/\\\/www.23stbeauty.com\\\/wp-content\\\/uploads\\\/2024\\\/03\\\/C-Glow-Hydra-Firming-Body-Oil-Odacite-min.jpg\",\"width\":1000,\"height\":1300,\"caption\":\"C-Glow-Hydra-Firming-Body-Oil-Odacite\"},{\"@type\":\"BreadcrumbList\",\"@id\":\"https:\\\/\\\/www.23stbeauty.com\\\/it\\\/prodotto\\\/c-glow-hydra-firming-body-oil-odacite-olio-corpo-rassodante\\\/#breadcrumb\",\"itemListElement\":[{\"@type\":\"ListItem\",\"position\":1,\"name\":\"23 St Beauty\",\"item\":\"https:\\\/\\\/www.23stbeauty.com\\\/it\\\/\"},{\"@type\":\"ListItem\",\"position\":2,\"name\":\"Shop\",\"item\":\"https:\\\/\\\/www.23stbeauty.com\\\/it\\\/negozio\\\/\"},{\"@type\":\"ListItem\",\"position\":3,\"name\":\"CORPO\",\"item\":\"https:\\\/\\\/www.23stbeauty.com\\\/it\\\/categoria-prodotto\\\/prodotti-corpo\\\/\"},{\"@type\":\"ListItem\",\"position\":4,\"name\":\"Cryo-Tech Facial Tool ODACIT\u00c9\"}]},{\"@type\":\"WebSite\",\"@id\":\"https:\\\/\\\/www.23stbeauty.com\\\/it\\\/#website\",\"url\":\"https:\\\/\\\/www.23stbeauty.com\\\/it\\\/\",\"name\":\"23 St Beauty\",\"description\":\"Luxury Conscious Beauty tailored to you.\",\"publisher\":{\"@id\":\"https:\\\/\\\/www.23stbeauty.com\\\/it\\\/#organization\"},\"potentialAction\":[{\"@type\":\"SearchAction\",\"target\":{\"@type\":\"EntryPoint\",\"urlTemplate\":\"https:\\\/\\\/www.23stbeauty.com\\\/it\\\/?s={search_term_string}\"},\"query-input\":{\"@type\":\"PropertyValueSpecification\",\"valueRequired\":true,\"valueName\":\"search_term_string\"}}],\"inLanguage\":\"it-IT\"},{\"@type\":\"Organization\",\"@id\":\"https:\\\/\\\/www.23stbeauty.com\\\/it\\\/#organization\",\"name\":\"23 St Beauty\",\"url\":\"https:\\\/\\\/www.23stbeauty.com\\\/it\\\/\",\"logo\":{\"@type\":\"ImageObject\",\"inLanguage\":\"it-IT\",\"@id\":\"https:\\\/\\\/www.23stbeauty.com\\\/it\\\/#\\\/schema\\\/logo\\\/image\\\/\",\"url\":\"https:\\\/\\\/23stbeauty.com\\\/wp-content\\\/uploads\\\/2019\\\/08\\\/logo.png\",\"contentUrl\":\"https:\\\/\\\/23stbeauty.com\\\/wp-content\\\/uploads\\\/2019\\\/08\\\/logo.png\",\"width\":160,\"height\":158,\"caption\":\"23 St Beauty\"},\"image\":{\"@id\":\"https:\\\/\\\/www.23stbeauty.com\\\/it\\\/#\\\/schema\\\/logo\\\/image\\\/\"},\"sameAs\":[\"https:\\\/\\\/www.facebook.com\\\/23stbeauty\",\"https:\\\/\\\/www.instagram.com\\\/23stbeauty\\\/\",\"https:\\\/\\\/www.pinterest.it\\\/23stbeauty\\\/\",\"https:\\\/\\\/www.youtube.com\\\/channel\\\/UCjj3m3ULwK4_-ji8yUpV3UA\"]}]}<\/script>\n<!-- \/ Yoast SEO plugin. -->","yoast_head_json":{"title":"C-Glow Hydra-Firming Body Oil &#8226; Odacit\u00e9 &#8226; Shop online","description":"C-Glow Hydra-Firming Body Oil Odacit\u00e9. Olio corpo rassodante con vitamina C. Idrata, illumina e tonifica la pelle senza ungere. Con olio di cartamo bio.","robots":{"index":"index","follow":"follow"},"canonical":"https:\/\/www.23stbeauty.com\/it\/prodotto\/c-glow-hydra-firming-body-oil-odacite-olio-corpo-rassodante\/","og_locale":"it_IT","og_type":"article","og_title":"C-Glow Hydra-Firming Body Oil &#8226; Odacit\u00e9 &#8226; Shop online","og_description":"C-Glow Hydra-Firming Body Oil Odacit\u00e9. Olio corpo rassodante con vitamina C. Idrata, illumina e tonifica la pelle senza ungere. Con olio di cartamo bio.","og_url":"https:\/\/www.23stbeauty.com\/it\/prodotto\/c-glow-hydra-firming-body-oil-odacite-olio-corpo-rassodante\/","og_site_name":"23 St Beauty","article_publisher":"https:\/\/www.facebook.com\/23stbeauty","article_modified_time":"2025-03-05T10:41:06+00:00","og_image":[{"width":1000,"height":1300,"url":"https:\/\/www.23stbeauty.com\/wp-content\/uploads\/2024\/03\/C-Glow-Hydra-Firming-Body-Oil-Odacite-min.jpg","type":"image\/jpeg"}],"twitter_card":"summary_large_image","schema":{"@context":"https:\/\/schema.org","@graph":[{"@type":"WebPage","@id":"https:\/\/www.23stbeauty.com\/it\/prodotto\/c-glow-hydra-firming-body-oil-odacite-olio-corpo-rassodante\/","url":"https:\/\/www.23stbeauty.com\/it\/prodotto\/c-glow-hydra-firming-body-oil-odacite-olio-corpo-rassodante\/","name":"C-Glow Hydra-Firming Body Oil &#8226; Odacit\u00e9 &#8226; Shop online","isPartOf":{"@id":"https:\/\/www.23stbeauty.com\/it\/#website"},"primaryImageOfPage":{"@id":"https:\/\/www.23stbeauty.com\/it\/prodotto\/c-glow-hydra-firming-body-oil-odacite-olio-corpo-rassodante\/#primaryimage"},"image":{"@id":"https:\/\/www.23stbeauty.com\/it\/prodotto\/c-glow-hydra-firming-body-oil-odacite-olio-corpo-rassodante\/#primaryimage"},"thumbnailUrl":"https:\/\/www.23stbeauty.com\/wp-content\/uploads\/2024\/03\/C-Glow-Hydra-Firming-Body-Oil-Odacite-min.jpg","datePublished":"2024-03-12T21:56:51+00:00","dateModified":"2025-03-05T10:41:06+00:00","description":"C-Glow Hydra-Firming Body Oil Odacit\u00e9. Olio corpo rassodante con vitamina C. Idrata, illumina e tonifica la pelle senza ungere. Con olio di cartamo bio.","breadcrumb":{"@id":"https:\/\/www.23stbeauty.com\/it\/prodotto\/c-glow-hydra-firming-body-oil-odacite-olio-corpo-rassodante\/#breadcrumb"},"inLanguage":"it-IT","potentialAction":[{"@type":"ReadAction","target":["https:\/\/www.23stbeauty.com\/it\/prodotto\/c-glow-hydra-firming-body-oil-odacite-olio-corpo-rassodante\/"]}]},{"@type":"ImageObject","inLanguage":"it-IT","@id":"https:\/\/www.23stbeauty.com\/it\/prodotto\/c-glow-hydra-firming-body-oil-odacite-olio-corpo-rassodante\/#primaryimage","url":"https:\/\/www.23stbeauty.com\/wp-content\/uploads\/2024\/03\/C-Glow-Hydra-Firming-Body-Oil-Odacite-min.jpg","contentUrl":"https:\/\/www.23stbeauty.com\/wp-content\/uploads\/2024\/03\/C-Glow-Hydra-Firming-Body-Oil-Odacite-min.jpg","width":1000,"height":1300,"caption":"C-Glow-Hydra-Firming-Body-Oil-Odacite"},{"@type":"BreadcrumbList","@id":"https:\/\/www.23stbeauty.com\/it\/prodotto\/c-glow-hydra-firming-body-oil-odacite-olio-corpo-rassodante\/#breadcrumb","itemListElement":[{"@type":"ListItem","position":1,"name":"23 St Beauty","item":"https:\/\/www.23stbeauty.com\/it\/"},{"@type":"ListItem","position":2,"name":"Shop","item":"https:\/\/www.23stbeauty.com\/it\/negozio\/"},{"@type":"ListItem","position":3,"name":"CORPO","item":"https:\/\/www.23stbeauty.com\/it\/categoria-prodotto\/prodotti-corpo\/"},{"@type":"ListItem","position":4,"name":"Cryo-Tech Facial Tool ODACIT\u00c9"}]},{"@type":"WebSite","@id":"https:\/\/www.23stbeauty.com\/it\/#website","url":"https:\/\/www.23stbeauty.com\/it\/","name":"23 St Beauty","description":"Luxury Conscious Beauty tailored to you.","publisher":{"@id":"https:\/\/www.23stbeauty.com\/it\/#organization"},"potentialAction":[{"@type":"SearchAction","target":{"@type":"EntryPoint","urlTemplate":"https:\/\/www.23stbeauty.com\/it\/?s={search_term_string}"},"query-input":{"@type":"PropertyValueSpecification","valueRequired":true,"valueName":"search_term_string"}}],"inLanguage":"it-IT"},{"@type":"Organization","@id":"https:\/\/www.23stbeauty.com\/it\/#organization","name":"23 St Beauty","url":"https:\/\/www.23stbeauty.com\/it\/","logo":{"@type":"ImageObject","inLanguage":"it-IT","@id":"https:\/\/www.23stbeauty.com\/it\/#\/schema\/logo\/image\/","url":"https:\/\/23stbeauty.com\/wp-content\/uploads\/2019\/08\/logo.png","contentUrl":"https:\/\/23stbeauty.com\/wp-content\/uploads\/2019\/08\/logo.png","width":160,"height":158,"caption":"23 St Beauty"},"image":{"@id":"https:\/\/www.23stbeauty.com\/it\/#\/schema\/logo\/image\/"},"sameAs":["https:\/\/www.facebook.com\/23stbeauty","https:\/\/www.instagram.com\/23stbeauty\/","https:\/\/www.pinterest.it\/23stbeauty\/","https:\/\/www.youtube.com\/channel\/UCjj3m3ULwK4_-ji8yUpV3UA"]}]}},"_links":{"self":[{"href":"https:\/\/www.23stbeauty.com\/it\/wp-json\/wp\/v2\/product\/44889","targetHints":{"allow":["GET"]}}],"collection":[{"href":"https:\/\/www.23stbeauty.com\/it\/wp-json\/wp\/v2\/product"}],"about":[{"href":"https:\/\/www.23stbeauty.com\/it\/wp-json\/wp\/v2\/types\/product"}],"replies":[{"embeddable":true,"href":"https:\/\/www.23stbeauty.com\/it\/wp-json\/wp\/v2\/comments?post=44889"}],"wp:featuredmedia":[{"embeddable":true,"href":"https:\/\/www.23stbeauty.com\/it\/wp-json\/wp\/v2\/media\/44891"}],"wp:attachment":[{"href":"https:\/\/www.23stbeauty.com\/it\/wp-json\/wp\/v2\/media?parent=44889"}],"wp:term":[{"taxonomy":"product_brand","embeddable":true,"href":"https:\/\/www.23stbeauty.com\/it\/wp-json\/wp\/v2\/product_brand?post=44889"},{"taxonomy":"product_cat","embeddable":true,"href":"https:\/\/www.23stbeauty.com\/it\/wp-json\/wp\/v2\/product_cat?post=44889"},{"taxonomy":"product_tag","embeddable":true,"href":"https:\/\/www.23stbeauty.com\/it\/wp-json\/wp\/v2\/product_tag?post=44889"}],"curies":[{"name":"wp","href":"https:\/\/api.w.org\/{rel}","templated":true}]}}