{"id":45357,"date":"2024-05-07T15:37:58","date_gmt":"2024-05-07T13:37:58","guid":{"rendered":"https:\/\/www.23stbeauty.com\/?post_type=product&#038;p=45357"},"modified":"2025-02-06T14:48:33","modified_gmt":"2025-02-06T13:48:33","slug":"olio-profumo-naturale-oniric-shade-angela-lagana","status":"publish","type":"product","link":"https:\/\/www.23stbeauty.com\/it\/prodotto\/olio-profumo-naturale-oniric-shade-angela-lagana\/","title":{"rendered":"Olio Profumo Oniric Shade"},"content":{"rendered":"<p><em>Preparati ad un\u2019esperienza olfattiva indimenticabile!<br \/>\n<\/em><br \/>\nL\u2019olio profumo <em><strong>&#8220;Oniric Shade&#8221;<\/strong><\/em> \u00e8 un lusso quotidiano per il corpo &amp; lo spirito.<br \/>\nFormulato con <strong>materie prime naturali<\/strong> di altissima qualit\u00e0 come l\u2019<strong>olio di crusca di riso<\/strong>, l\u2019<strong>olio di a\u00e7ai<\/strong> e l\u2019<strong>olio di macadamia<\/strong>, idrata la pelle mentre diffonde la sua stupenda fragranza.<\/p>\n<p><strong>La fragranza:<\/strong><br \/>\n<strong><em>Bacche di Vaniglia, Bergamotto di Calabria, fiore di Zagara, Legno di Cedro<\/em><\/strong><br \/>\nImmagina un\u2019estate in Calabria: una miscela aromatica di dolci cotti in forno e piante di bergamotto.<\/p>\n<p>Applica alcune gocce di olio sui polsi e sul collo per una fragranza duratura che ti accompagner\u00e0 durante tutta la giornata.<br \/>\n<strong>Packaging sostenibile<\/strong> in vetro con elegante contagocce.<\/p>\n","protected":false},"excerpt":{"rendered":"<p>Bacche di vaniglia, bergamotto di calabria, fiore di zagara &amp; legno di cedro<\/p>\n","protected":false},"featured_media":45359,"comment_status":"open","ping_status":"closed","template":"","meta":{"_acf_changed":false,"content-type":""},"product_brand":[],"product_cat":[94,124],"product_tag":[733],"class_list":{"0":"post-45357","1":"product","2":"type-product","3":"status-publish","4":"has-post-thumbnail","6":"formulation-olio","7":"extra-olistico","8":"extra-packaging-plastic-free","9":"extra-prodotto-certificato","10":"extra-senza-alcool","11":"extra-cosmesi-vegana","12":"product_cat-prodotti-corpo","13":"product_cat-fragranze-naturali","14":"product_tag-angela-lagana","15":"entry","17":"first","18":"outofstock","19":"taxable","20":"shipping-taxable","21":"purchasable","22":"product-type-simple"},"acf":[],"yoast_head":"<!-- This site is optimized with the Yoast SEO plugin v27.3 - https:\/\/yoast.com\/product\/yoast-seo-wordpress\/ -->\n<title>Olio Profumo Oniric Shade &#8226; Angela Lagan\u00e0 &#8226; 23 St Beauty<\/title>\n<meta name=\"description\" content=\"Angela Lagan\u00e0 Olio Profumo Oniric Shade. Un profumo in olio naturale con olio di crusca di riso, macadamia e a\u00e7ai. Fragranza di vaniglia e bergamotto.\" \/>\n<meta name=\"robots\" content=\"index, follow\" \/>\n<link rel=\"canonical\" href=\"https:\/\/www.23stbeauty.com\/it\/prodotto\/olio-profumo-naturale-oniric-shade-angela-lagana\/\" \/>\n<meta property=\"og:locale\" content=\"it_IT\" \/>\n<meta property=\"og:type\" content=\"article\" \/>\n<meta property=\"og:title\" content=\"Olio Profumo Oniric Shade &#8226; Angela Lagan\u00e0 &#8226; 23 St Beauty\" \/>\n<meta property=\"og:description\" content=\"Angela Lagan\u00e0 Olio Profumo Oniric Shade. Un profumo in olio naturale con olio di crusca di riso, macadamia e a\u00e7ai. Fragranza di vaniglia e bergamotto.\" \/>\n<meta property=\"og:url\" content=\"https:\/\/www.23stbeauty.com\/it\/prodotto\/olio-profumo-naturale-oniric-shade-angela-lagana\/\" \/>\n<meta property=\"og:site_name\" content=\"23 St Beauty\" \/>\n<meta property=\"article:publisher\" content=\"https:\/\/www.facebook.com\/23stbeauty\" \/>\n<meta property=\"article:modified_time\" content=\"2025-02-06T13:48:33+00:00\" \/>\n<meta property=\"og:image\" content=\"https:\/\/www.23stbeauty.com\/wp-content\/uploads\/2024\/05\/Olio-Profumo-Oniric-Shade-angela-lagana-min.jpg\" \/>\n\t<meta property=\"og:image:width\" content=\"1000\" \/>\n\t<meta property=\"og:image:height\" content=\"1300\" \/>\n\t<meta property=\"og:image:type\" content=\"image\/jpeg\" \/>\n<meta name=\"twitter:card\" content=\"summary_large_image\" \/>\n<script type=\"application\/ld+json\" class=\"yoast-schema-graph\">{\"@context\":\"https:\\\/\\\/schema.org\",\"@graph\":[{\"@type\":\"WebPage\",\"@id\":\"https:\\\/\\\/www.23stbeauty.com\\\/it\\\/prodotto\\\/olio-profumo-naturale-oniric-shade-angela-lagana\\\/\",\"url\":\"https:\\\/\\\/www.23stbeauty.com\\\/it\\\/prodotto\\\/olio-profumo-naturale-oniric-shade-angela-lagana\\\/\",\"name\":\"Olio Profumo Oniric Shade &#8226; Angela Lagan\u00e0 &#8226; 23 St Beauty\",\"isPartOf\":{\"@id\":\"https:\\\/\\\/www.23stbeauty.com\\\/it\\\/#website\"},\"primaryImageOfPage\":{\"@id\":\"https:\\\/\\\/www.23stbeauty.com\\\/it\\\/prodotto\\\/olio-profumo-naturale-oniric-shade-angela-lagana\\\/#primaryimage\"},\"image\":{\"@id\":\"https:\\\/\\\/www.23stbeauty.com\\\/it\\\/prodotto\\\/olio-profumo-naturale-oniric-shade-angela-lagana\\\/#primaryimage\"},\"thumbnailUrl\":\"https:\\\/\\\/www.23stbeauty.com\\\/wp-content\\\/uploads\\\/2024\\\/05\\\/Olio-Profumo-Oniric-Shade-angela-lagana-min.jpg\",\"datePublished\":\"2024-05-07T13:37:58+00:00\",\"dateModified\":\"2025-02-06T13:48:33+00:00\",\"description\":\"Angela Lagan\u00e0 Olio Profumo Oniric Shade. Un profumo in olio naturale con olio di crusca di riso, macadamia e a\u00e7ai. Fragranza di vaniglia e bergamotto.\",\"breadcrumb\":{\"@id\":\"https:\\\/\\\/www.23stbeauty.com\\\/it\\\/prodotto\\\/olio-profumo-naturale-oniric-shade-angela-lagana\\\/#breadcrumb\"},\"inLanguage\":\"it-IT\",\"potentialAction\":[{\"@type\":\"ReadAction\",\"target\":[\"https:\\\/\\\/www.23stbeauty.com\\\/it\\\/prodotto\\\/olio-profumo-naturale-oniric-shade-angela-lagana\\\/\"]}]},{\"@type\":\"ImageObject\",\"inLanguage\":\"it-IT\",\"@id\":\"https:\\\/\\\/www.23stbeauty.com\\\/it\\\/prodotto\\\/olio-profumo-naturale-oniric-shade-angela-lagana\\\/#primaryimage\",\"url\":\"https:\\\/\\\/www.23stbeauty.com\\\/wp-content\\\/uploads\\\/2024\\\/05\\\/Olio-Profumo-Oniric-Shade-angela-lagana-min.jpg\",\"contentUrl\":\"https:\\\/\\\/www.23stbeauty.com\\\/wp-content\\\/uploads\\\/2024\\\/05\\\/Olio-Profumo-Oniric-Shade-angela-lagana-min.jpg\",\"width\":1000,\"height\":1300,\"caption\":\"Olio-Profumo-Oniric-Shade-angela-lagana\"},{\"@type\":\"BreadcrumbList\",\"@id\":\"https:\\\/\\\/www.23stbeauty.com\\\/it\\\/prodotto\\\/olio-profumo-naturale-oniric-shade-angela-lagana\\\/#breadcrumb\",\"itemListElement\":[{\"@type\":\"ListItem\",\"position\":1,\"name\":\"23 St Beauty\",\"item\":\"https:\\\/\\\/www.23stbeauty.com\\\/it\\\/\"},{\"@type\":\"ListItem\",\"position\":2,\"name\":\"Shop\",\"item\":\"https:\\\/\\\/www.23stbeauty.com\\\/it\\\/negozio\\\/\"},{\"@type\":\"ListItem\",\"position\":3,\"name\":\"CORPO\",\"item\":\"https:\\\/\\\/www.23stbeauty.com\\\/it\\\/categoria-prodotto\\\/prodotti-corpo\\\/\"},{\"@type\":\"ListItem\",\"position\":4,\"name\":\"Spray Doposole Lenitivo Viso & Corpo - LIKAMI\"}]},{\"@type\":\"WebSite\",\"@id\":\"https:\\\/\\\/www.23stbeauty.com\\\/it\\\/#website\",\"url\":\"https:\\\/\\\/www.23stbeauty.com\\\/it\\\/\",\"name\":\"23 St Beauty\",\"description\":\"Luxury Conscious Beauty tailored to you.\",\"publisher\":{\"@id\":\"https:\\\/\\\/www.23stbeauty.com\\\/it\\\/#organization\"},\"potentialAction\":[{\"@type\":\"SearchAction\",\"target\":{\"@type\":\"EntryPoint\",\"urlTemplate\":\"https:\\\/\\\/www.23stbeauty.com\\\/it\\\/?s={search_term_string}\"},\"query-input\":{\"@type\":\"PropertyValueSpecification\",\"valueRequired\":true,\"valueName\":\"search_term_string\"}}],\"inLanguage\":\"it-IT\"},{\"@type\":\"Organization\",\"@id\":\"https:\\\/\\\/www.23stbeauty.com\\\/it\\\/#organization\",\"name\":\"23 St Beauty\",\"url\":\"https:\\\/\\\/www.23stbeauty.com\\\/it\\\/\",\"logo\":{\"@type\":\"ImageObject\",\"inLanguage\":\"it-IT\",\"@id\":\"https:\\\/\\\/www.23stbeauty.com\\\/it\\\/#\\\/schema\\\/logo\\\/image\\\/\",\"url\":\"https:\\\/\\\/23stbeauty.com\\\/wp-content\\\/uploads\\\/2019\\\/08\\\/logo.png\",\"contentUrl\":\"https:\\\/\\\/23stbeauty.com\\\/wp-content\\\/uploads\\\/2019\\\/08\\\/logo.png\",\"width\":160,\"height\":158,\"caption\":\"23 St Beauty\"},\"image\":{\"@id\":\"https:\\\/\\\/www.23stbeauty.com\\\/it\\\/#\\\/schema\\\/logo\\\/image\\\/\"},\"sameAs\":[\"https:\\\/\\\/www.facebook.com\\\/23stbeauty\",\"https:\\\/\\\/www.instagram.com\\\/23stbeauty\\\/\",\"https:\\\/\\\/www.pinterest.it\\\/23stbeauty\\\/\",\"https:\\\/\\\/www.youtube.com\\\/channel\\\/UCjj3m3ULwK4_-ji8yUpV3UA\"]}]}<\/script>\n<!-- \/ Yoast SEO plugin. -->","yoast_head_json":{"title":"Olio Profumo Oniric Shade &#8226; Angela Lagan\u00e0 &#8226; 23 St Beauty","description":"Angela Lagan\u00e0 Olio Profumo Oniric Shade. Un profumo in olio naturale con olio di crusca di riso, macadamia e a\u00e7ai. Fragranza di vaniglia e bergamotto.","robots":{"index":"index","follow":"follow"},"canonical":"https:\/\/www.23stbeauty.com\/it\/prodotto\/olio-profumo-naturale-oniric-shade-angela-lagana\/","og_locale":"it_IT","og_type":"article","og_title":"Olio Profumo Oniric Shade &#8226; Angela Lagan\u00e0 &#8226; 23 St Beauty","og_description":"Angela Lagan\u00e0 Olio Profumo Oniric Shade. Un profumo in olio naturale con olio di crusca di riso, macadamia e a\u00e7ai. Fragranza di vaniglia e bergamotto.","og_url":"https:\/\/www.23stbeauty.com\/it\/prodotto\/olio-profumo-naturale-oniric-shade-angela-lagana\/","og_site_name":"23 St Beauty","article_publisher":"https:\/\/www.facebook.com\/23stbeauty","article_modified_time":"2025-02-06T13:48:33+00:00","og_image":[{"width":1000,"height":1300,"url":"https:\/\/www.23stbeauty.com\/wp-content\/uploads\/2024\/05\/Olio-Profumo-Oniric-Shade-angela-lagana-min.jpg","type":"image\/jpeg"}],"twitter_card":"summary_large_image","schema":{"@context":"https:\/\/schema.org","@graph":[{"@type":"WebPage","@id":"https:\/\/www.23stbeauty.com\/it\/prodotto\/olio-profumo-naturale-oniric-shade-angela-lagana\/","url":"https:\/\/www.23stbeauty.com\/it\/prodotto\/olio-profumo-naturale-oniric-shade-angela-lagana\/","name":"Olio Profumo Oniric Shade &#8226; Angela Lagan\u00e0 &#8226; 23 St Beauty","isPartOf":{"@id":"https:\/\/www.23stbeauty.com\/it\/#website"},"primaryImageOfPage":{"@id":"https:\/\/www.23stbeauty.com\/it\/prodotto\/olio-profumo-naturale-oniric-shade-angela-lagana\/#primaryimage"},"image":{"@id":"https:\/\/www.23stbeauty.com\/it\/prodotto\/olio-profumo-naturale-oniric-shade-angela-lagana\/#primaryimage"},"thumbnailUrl":"https:\/\/www.23stbeauty.com\/wp-content\/uploads\/2024\/05\/Olio-Profumo-Oniric-Shade-angela-lagana-min.jpg","datePublished":"2024-05-07T13:37:58+00:00","dateModified":"2025-02-06T13:48:33+00:00","description":"Angela Lagan\u00e0 Olio Profumo Oniric Shade. Un profumo in olio naturale con olio di crusca di riso, macadamia e a\u00e7ai. Fragranza di vaniglia e bergamotto.","breadcrumb":{"@id":"https:\/\/www.23stbeauty.com\/it\/prodotto\/olio-profumo-naturale-oniric-shade-angela-lagana\/#breadcrumb"},"inLanguage":"it-IT","potentialAction":[{"@type":"ReadAction","target":["https:\/\/www.23stbeauty.com\/it\/prodotto\/olio-profumo-naturale-oniric-shade-angela-lagana\/"]}]},{"@type":"ImageObject","inLanguage":"it-IT","@id":"https:\/\/www.23stbeauty.com\/it\/prodotto\/olio-profumo-naturale-oniric-shade-angela-lagana\/#primaryimage","url":"https:\/\/www.23stbeauty.com\/wp-content\/uploads\/2024\/05\/Olio-Profumo-Oniric-Shade-angela-lagana-min.jpg","contentUrl":"https:\/\/www.23stbeauty.com\/wp-content\/uploads\/2024\/05\/Olio-Profumo-Oniric-Shade-angela-lagana-min.jpg","width":1000,"height":1300,"caption":"Olio-Profumo-Oniric-Shade-angela-lagana"},{"@type":"BreadcrumbList","@id":"https:\/\/www.23stbeauty.com\/it\/prodotto\/olio-profumo-naturale-oniric-shade-angela-lagana\/#breadcrumb","itemListElement":[{"@type":"ListItem","position":1,"name":"23 St Beauty","item":"https:\/\/www.23stbeauty.com\/it\/"},{"@type":"ListItem","position":2,"name":"Shop","item":"https:\/\/www.23stbeauty.com\/it\/negozio\/"},{"@type":"ListItem","position":3,"name":"CORPO","item":"https:\/\/www.23stbeauty.com\/it\/categoria-prodotto\/prodotti-corpo\/"},{"@type":"ListItem","position":4,"name":"Spray Doposole Lenitivo Viso & Corpo - LIKAMI"}]},{"@type":"WebSite","@id":"https:\/\/www.23stbeauty.com\/it\/#website","url":"https:\/\/www.23stbeauty.com\/it\/","name":"23 St Beauty","description":"Luxury Conscious Beauty tailored to you.","publisher":{"@id":"https:\/\/www.23stbeauty.com\/it\/#organization"},"potentialAction":[{"@type":"SearchAction","target":{"@type":"EntryPoint","urlTemplate":"https:\/\/www.23stbeauty.com\/it\/?s={search_term_string}"},"query-input":{"@type":"PropertyValueSpecification","valueRequired":true,"valueName":"search_term_string"}}],"inLanguage":"it-IT"},{"@type":"Organization","@id":"https:\/\/www.23stbeauty.com\/it\/#organization","name":"23 St Beauty","url":"https:\/\/www.23stbeauty.com\/it\/","logo":{"@type":"ImageObject","inLanguage":"it-IT","@id":"https:\/\/www.23stbeauty.com\/it\/#\/schema\/logo\/image\/","url":"https:\/\/23stbeauty.com\/wp-content\/uploads\/2019\/08\/logo.png","contentUrl":"https:\/\/23stbeauty.com\/wp-content\/uploads\/2019\/08\/logo.png","width":160,"height":158,"caption":"23 St Beauty"},"image":{"@id":"https:\/\/www.23stbeauty.com\/it\/#\/schema\/logo\/image\/"},"sameAs":["https:\/\/www.facebook.com\/23stbeauty","https:\/\/www.instagram.com\/23stbeauty\/","https:\/\/www.pinterest.it\/23stbeauty\/","https:\/\/www.youtube.com\/channel\/UCjj3m3ULwK4_-ji8yUpV3UA"]}]}},"_links":{"self":[{"href":"https:\/\/www.23stbeauty.com\/it\/wp-json\/wp\/v2\/product\/45357","targetHints":{"allow":["GET"]}}],"collection":[{"href":"https:\/\/www.23stbeauty.com\/it\/wp-json\/wp\/v2\/product"}],"about":[{"href":"https:\/\/www.23stbeauty.com\/it\/wp-json\/wp\/v2\/types\/product"}],"replies":[{"embeddable":true,"href":"https:\/\/www.23stbeauty.com\/it\/wp-json\/wp\/v2\/comments?post=45357"}],"wp:featuredmedia":[{"embeddable":true,"href":"https:\/\/www.23stbeauty.com\/it\/wp-json\/wp\/v2\/media\/45359"}],"wp:attachment":[{"href":"https:\/\/www.23stbeauty.com\/it\/wp-json\/wp\/v2\/media?parent=45357"}],"wp:term":[{"taxonomy":"product_brand","embeddable":true,"href":"https:\/\/www.23stbeauty.com\/it\/wp-json\/wp\/v2\/product_brand?post=45357"},{"taxonomy":"product_cat","embeddable":true,"href":"https:\/\/www.23stbeauty.com\/it\/wp-json\/wp\/v2\/product_cat?post=45357"},{"taxonomy":"product_tag","embeddable":true,"href":"https:\/\/www.23stbeauty.com\/it\/wp-json\/wp\/v2\/product_tag?post=45357"}],"curies":[{"name":"wp","href":"https:\/\/api.w.org\/{rel}","templated":true}]}}